{"id":3756,"date":"2023-03-15T20:20:43","date_gmt":"2023-03-15T20:20:43","guid":{"rendered":"https:\/\/llambrich.com\/fabricacion\/"},"modified":"2024-05-10T09:57:33","modified_gmt":"2024-05-10T09:57:33","slug":"fertigung","status":"publish","type":"page","link":"https:\/\/llambrich.com\/de\/fertigung\/","title":{"rendered":"Fertigung"},"content":{"rendered":"<section id=\"section-3-146\" class=\" ct-section section-header\" ><div class=\"ct-section-inner-wrap\"><div id=\"div_block-4-146\" class=\"ct-div-block mx-auto\" ><h1 id=\"headline-5-146\" class=\"ct-headline color-primary font-bold text-center mx-auto anim-word-reveal md-w-full page-title mb-8\">Qualit\u00e4t und Innovation weltweit\n<\/h1><div id=\"text_block-8-146\" class=\"ct-text-block w-3by4 mx-auto anim-word-reveal md-w-full text-center paragraf\" >Unsere Leidenschaft f\u00fcr Innovation hat uns dazu bewegt, Marktf\u00fchrer in der Herstellung von Bohrfuttern mit hoher Pr\u00e4zision zu sein. Wir haben uns zur Erforschung und Entwicklung zur andauernden Verbesserung unseres gesamten Produktsortiments verpflichtet.\n<\/div><\/div><\/div><\/section>\n\n<div class=\"wp-block-image mx-auto\">\n<figure class=\"aligncenter size-full\"><img loading=\"lazy\" decoding=\"async\" width=\"1024\" height=\"569\" src=\"http:\/\/llambrich.com\/wp-content\/uploads\/2023\/07\/contacto-01-1024x569-1-1.jpg\" alt=\"\" class=\"wp-image-2468\" srcset=\"https:\/\/llambrich.com\/wp-content\/uploads\/2023\/07\/contacto-01-1024x569-1-1.jpg 1024w, https:\/\/llambrich.com\/wp-content\/uploads\/2023\/07\/contacto-01-1024x569-1-1-300x167.jpg 300w, https:\/\/llambrich.com\/wp-content\/uploads\/2023\/07\/contacto-01-1024x569-1-1-768x427.jpg 768w, https:\/\/llambrich.com\/wp-content\/uploads\/2023\/07\/contacto-01-1024x569-1-1-600x333.jpg 600w\" sizes=\"auto, (max-width: 1024px) 100vw, 1024px\" \/><\/figure>\n<\/div>\n\n<section id=\"section-3-147\" class=\" ct-section\" ><div class=\"ct-section-inner-wrap\"><div id=\"div_block-4-147\" class=\"ct-div-block mb-16\" ><div id=\"text_block-5-147\" class=\"ct-text-block color-primary md-w-full anim-word-reveal texts-grans\" >Unser Engagement f\u00fcr die Erforschung und Entwicklung hat es uns erm\u00f6glicht, neue, einzigartige und innovative Produkte zu schaffen.\n<\/div><\/div><div id=\"div_block-7-147\" class=\"ct-div-block grid grid-cols-2 w-full md-grid-cols-1\" ><div id=\"div_block-8-147\" class=\"ct-div-block mt-12\" ><div id=\"text_block-11-147\" class=\"ct-text-block mx-auto my-auto md-w-full anim-word-reveal paragraf\" >Bei Llambrich bem\u00fchen wir uns darum, an der Spitze der Technologie und Innovation zu stehen, und arbeiten fortw\u00e4hrend am Design und der Herstellung von Bohrfuttern, die pr\u00e4ziser, dauerhafter und effizienter sind.\n<\/div><\/div><div id=\"div_block-9-147\" class=\"ct-div-block\" ><img decoding=\"async\"  id=\"image-10-147\" alt=\"\" src=\"http:\/\/llambrich.com\/wp-content\/uploads\/2023\/03\/Modo_de_aislamiento-3.png\" class=\"ct-image md-mx-auto spin-on-scroll\"\/><\/div><\/div><\/div><\/section>\n\n<section id=\"section-3-201\" class=\" ct-section section-pb-0 section-pt-sm\" ><div class=\"ct-section-inner-wrap\"><h2 id=\"headline-4-201\" class=\"ct-headline text-8xl color-primary mx-auto anim-word-reveal\">DER PROZESS<\/h2><\/div><\/section><div id=\"div_block-6-201\" class=\"ct-div-block grid grid-cols-2 gap-8 md-grid-cols-1\" ><div id=\"div_block-7-201\" class=\"ct-div-block\" ><img decoding=\"async\"  id=\"image-9-201\" alt=\"\" src=\"http:\/\/llambrich.com\/wp-content\/uploads\/2023\/07\/DSC_0211-1.jpg\" class=\"ct-image photo-animation\"\/><\/div><div id=\"div_block-8-201\" class=\"ct-div-block h-full mt-12\" ><div id=\"text_block-10-201\" class=\"ct-text-block my-auto w-2by3 md-w-full anim-word-reveal paragraf\" ><div>Wir verwenden nur Materialien der h\u00f6chsten Qualit\u00e4t, um zu garantieren, dass unsere Produkte langlebig und resistent sind.&nbsp;<br><\/div><div><br><\/div><div>Wir z\u00e4hlen auch auf eine fortgeschrittene Fertigungstechnologie, einschlie\u00dflich hochpr\u00e4ziser Maschinen und Systemen zur strengen Qualit\u00e4tskontrolle, um zu garantieren, dass unsere Produkte die h\u00f6chste Qualit\u00e4t aufweisen.\n<\/div><\/div><\/div><\/div><section id=\"section-15-201\" class=\" ct-section\" ><div class=\"ct-section-inner-wrap\"><div id=\"div_block-19-201\" class=\"ct-div-block grid grid-cols-2 w-full lg-grid-cols-1 gap-8\" ><div id=\"div_block-20-201\" class=\"ct-div-block h-full\" ><div id=\"div_block-25-201\" class=\"ct-div-block my-auto\" ><h2 id=\"headline-23-201\" class=\"ct-headline lg-w-full mb-12 anim-word-reveal\">HOHE QUALIT\u00c4T\n<\/h2><div id=\"text_block-26-201\" class=\"ct-text-block anim-word-reveal paragraf\" >Unsere Produkte werden entwickelt und hergestellt, um die anspruchsvollsten Erwartungen unserer Kunden hinsichtlich Qualit\u00e4t und Sicherheit zu erf\u00fcllen.\n<\/div><\/div><\/div><div id=\"div_block-21-201\" class=\"ct-div-block\" ><img decoding=\"async\"  id=\"image-22-201\" alt=\"\" src=\"http:\/\/llambrich.com\/wp-content\/uploads\/2023\/07\/Group-2-1.png\" class=\"ct-image mx-auto img-slide-down\"\/><\/div><\/div><\/div><\/section>\n\n<section id=\"section-4-211\" class=\" ct-section\" ><div class=\"ct-section-inner-wrap\"><div id=\"div_block-5-211\" class=\"ct-div-block grid grid-cols-2 w-full mb-16 gap-12 md-grid-cols-1\" ><div id=\"div_block-6-211\" class=\"ct-div-block\" ><div id=\"text_block-8-211\" class=\"ct-text-block color-primary font-bold anim-word-reveal sub-titol\" >Personalisierte&nbsp;<div>Bohrfutter<\/div><\/div><\/div><div id=\"div_block-7-211\" class=\"ct-div-block\" ><div id=\"text_block-10-211\" class=\"ct-text-block w-5by6 md-w-full anim-word-reveal paragraf\" >Bei Llambrich verstehen wir, dass jeder Kunde einzigartige Bed\u00fcrfnisse hat, weshalb wir personalisierte Bohrfutter anbieten, die gem\u00e4\u00df der genauen Spezifikationen unserer Kunden entwickelt werden. Wir stellen sicher, dass jedes Bohrfutter die h\u00f6chsten Qualit\u00e4ts- und Pr\u00e4zisionsstandards erf\u00fcllt.\n<\/div><\/div><\/div><div id=\"div_block-12-211\" class=\"ct-div-block grid grid-cols-2 gap-12 md-grid-cols-1\" ><div id=\"div_block-18-211\" class=\"ct-div-block\" ><div id=\"div_block-13-211\" class=\"ct-div-block py-16 mb-6\" ><img decoding=\"async\"  id=\"image-15-211\" alt=\"\" src=\"http:\/\/llambrich.com\/wp-content\/uploads\/2023\/07\/keyed-1.png\" class=\"ct-image bg-alt\"\/><\/div><a id=\"link_text-23-211\" class=\"ct-link-text color-primary mx-auto titol-seccio\" href=\"https:\/\/llambrich.com\/de\/productos-industrial\/?_con_llave=mit-schussel\" target=\"_self\"  >Mit Schl\u00fcssel\n<\/a><\/div><div id=\"div_block-21-211\" class=\"ct-div-block\" ><div id=\"div_block-14-211\" class=\"ct-div-block mb-6\" ><img decoding=\"async\"  id=\"image-16-211\" alt=\"\" src=\"http:\/\/llambrich.com\/wp-content\/uploads\/2023\/07\/keyless.png\" class=\"ct-image py-16\"\/><\/div><a id=\"link_text-24-211\" class=\"ct-link-text color-primary mx-auto titol-seccio\" href=\"https:\/\/llambrich.com\/de\/productos-industrial\/?_con_llave=ohne-schussel\" target=\"_self\"  >Ohne Schl\u00fcssel\n<\/a><\/div><\/div><\/div><\/section>\n\n<section id=\"section-3-214\" class=\" ct-section bg-primary\" ><div class=\"ct-section-inner-wrap\"><div id=\"div_block-4-214\" class=\"ct-div-block mb-16 py-12\" ><p id=\"text_block-5-214\" class=\"ct-text-block color-primary text-center color-white anim-text-reveal texts-grans\" >Unsere Bohrfutter sind \u00e4u\u00dferst vielseitig und k\u00f6nnen in einer Vielfalt von Anwendungsweisen eingesetzt werden.\n<\/p><\/div><div id=\"div_block-7-214\" class=\"ct-div-block grid grid-cols-2 w-full md-grid-cols-1\" ><div id=\"div_block-8-214\" class=\"ct-div-block \" ><div id=\"text_block-10-214\" class=\"ct-text-block color-white font-bold anim-word-reveal sub-titol lg-mx-auto\" >Wir stellen Bohrfutter her f\u00fcr...\n<\/div><\/div><div id=\"div_block-9-214\" class=\"ct-div-block\" ><div id=\"div_block-12-214\" class=\"ct-div-block mb-8 slide-in-block\" ><img decoding=\"async\"  id=\"image-13-214\" alt=\"\" src=\"http:\/\/llambrich.com\/wp-content\/uploads\/2023\/05\/taladro.svg\" class=\"ct-image mb-6 lg-mx-auto\"\/><div id=\"text_block-14-214\" class=\"ct-text-block color-white anim-word-reveal fem-per\" >Station\u00e4re Bohrmaschine\n<\/div><\/div><div id=\"div_block-16-214\" class=\"ct-div-block mb-8 slide-in-block\" ><img decoding=\"async\"  id=\"image-17-214\" alt=\"\" src=\"http:\/\/llambrich.com\/wp-content\/uploads\/2023\/05\/maquinas.svg\" class=\"ct-image mb-6 lg-mx-auto\"\/><div id=\"text_block-18-214\" class=\"ct-text-block color-white anim-word-reveal fem-per\" >Maschinen mit numerischer Steuerung CNC\n<\/div><\/div><div id=\"div_block-19-214\" class=\"ct-div-block mb-8 slide-in-block\" ><img decoding=\"async\"  id=\"image-20-214\" alt=\"\" src=\"http:\/\/llambrich.com\/wp-content\/uploads\/2023\/05\/taladro-portatil.svg\" class=\"ct-image mb-6 lg-mx-auto\"\/><div id=\"text_block-21-214\" class=\"ct-text-block color-white anim-word-reveal fem-per\" >Handbohrmaschinen\n<\/div><\/div><\/div><\/div><\/div><\/section>\n\n<section id=\"section-3-219\" class=\" ct-section section-pt-0\" ><div class=\"ct-section-inner-wrap\"><div id=\"new_columns-5-219\" class=\"ct-new-columns\" ><div id=\"div_block-6-219\" class=\"ct-div-block pb-12\" ><img decoding=\"async\"  id=\"image-8-219\" alt=\"\" src=\"http:\/\/llambrich.com\/wp-content\/uploads\/2023\/03\/tiro-aerogeneradores-montanas-1.png\" class=\"ct-image w-full\"\/><\/div><div id=\"div_block-7-219\" class=\"ct-div-block\" ><div id=\"div_block-9-219\" class=\"ct-div-block mt-24 mb-24\" ><div id=\"text_block-10-219\" class=\"ct-text-block color-primary font-bold mb-16 anim-text-reveal sub-titol\" >Nachhaltige Fertigung\n<\/div><div id=\"text_block-12-219\" class=\"ct-text-block color-primary anim-text-reveal texts-grans\" >Bei Llambrich glauben wir an die soziale und \u00f6kologische Verantwortung als einen Grundpfeiler unserer Unternehmensphilosophie.\n<\/div><\/div><div id=\"text_block-14-219\" class=\"ct-text-block w-4by6 mx-auto lg-w-full anim-word-reveal paragraf\" >Daher haben wir nachhaltige Praktiken bei unserem Fertigungsprozess \u00fcbernommen, um unsere Umweltauswirkungen zu minimieren und die Schonung der Umweltressourcen zu f\u00f6rdern. Wir verwenden hochwertige Materialien und setzen fortgeschrittene und energieeffiziente Technologie ein, um unsere CO2-Bilanz zu reduzieren.\n<\/div><\/div><\/div><\/div><\/section>\n\n<section id=\"section-3-221\" class=\" ct-section section-pb-sm\" ><div class=\"ct-section-inner-wrap\"><div id=\"div_block-23-221\" class=\"ct-div-block\" ><div id=\"div_block-4-221\" class=\"ct-div-block grid grid-cols-2 w-3by4 mx-auto md-grid-cols-1\" ><div id=\"div_block-5-221\" class=\"ct-div-block\" ><div id=\"text_block-7-221\" class=\"ct-text-block color-primary mx-auto anim-text-reveal titol-seccio\" >Bestellen Sie bei uns\n<\/div><\/div><div id=\"div_block-6-221\" class=\"ct-div-block pl-28\" ><div id=\"text_block-9-221\" class=\"ct-text-block md-w-full anim-text-reveal mb-6 paragraf\" >Wir stellen personalisierte Bohrfutter h\u00f6chster Pr\u00e4zision her, die darauf ausgelegt sind, Ihre Bed\u00fcrfnisse zu erf\u00fcllen.\n<\/div><div id=\"div_block-13-221\" class=\"ct-div-block \" ><div id=\"div_block-24-221\" class=\"ct-div-block relative button-transparent-primary button-animation\" ><a id=\"link-25-221\" class=\"ct-link px-2 py-1\" href=\"https:\/\/llambrich.com\/de\/kontakt\/\" target=\"_self\"  ><div id=\"text_block-26-221\" class=\"ct-text-block mr-2 color-primary\" >KONTAKTIEREN SIE UNS<\/div><div id=\"fancy_icon-27-221\" class=\"ct-fancy-icon my-auto color-white icon-lg-primary\" ><svg id=\"svg-fancy_icon-27-221\"><use xlink:href=\"#Lineariconsicon-arrow-right\"><\/use><\/svg><\/div><\/a><\/div><\/div><\/div><\/div><div id=\"div_block-11-221\" class=\"ct-div-block grid grid-cols-2 w-full\" ><div id=\"div_block-12-221\" class=\"ct-div-block mt-auto mr-auto\" ><img decoding=\"async\"  id=\"image-14-221\" alt=\"\" src=\"http:\/\/llambrich.com\/wp-content\/uploads\/2023\/03\/Group-1-1-1.png\" class=\"ct-image\"\/><\/div><\/div><\/div><\/div><\/section>","protected":false},"excerpt":{"rendered":"","protected":false},"author":6,"featured_media":0,"parent":0,"menu_order":0,"comment_status":"closed","ping_status":"closed","template":"","meta":{"_acf_changed":false,"inline_featured_image":false,"footnotes":""},"class_list":["post-3756","page","type-page","status-publish","hentry"],"acf":[],"_links":{"self":[{"href":"https:\/\/llambrich.com\/de\/wp-json\/wp\/v2\/pages\/3756","targetHints":{"allow":["GET"]}}],"collection":[{"href":"https:\/\/llambrich.com\/de\/wp-json\/wp\/v2\/pages"}],"about":[{"href":"https:\/\/llambrich.com\/de\/wp-json\/wp\/v2\/types\/page"}],"author":[{"embeddable":true,"href":"https:\/\/llambrich.com\/de\/wp-json\/wp\/v2\/users\/6"}],"replies":[{"embeddable":true,"href":"https:\/\/llambrich.com\/de\/wp-json\/wp\/v2\/comments?post=3756"}],"version-history":[{"count":0,"href":"https:\/\/llambrich.com\/de\/wp-json\/wp\/v2\/pages\/3756\/revisions"}],"wp:attachment":[{"href":"https:\/\/llambrich.com\/de\/wp-json\/wp\/v2\/media?parent=3756"}],"curies":[{"name":"wp","href":"https:\/\/api.w.org\/{rel}","templated":true}]}}