{"id":3760,"date":"2023-03-16T20:39:11","date_gmt":"2023-03-16T20:39:11","guid":{"rendered":"https:\/\/llambrich.com\/calidad\/"},"modified":"2024-05-10T10:01:27","modified_gmt":"2024-05-10T10:01:27","slug":"qualitaet","status":"publish","type":"page","link":"https:\/\/llambrich.com\/de\/qualitaet\/","title":{"rendered":"Qualit\u00e4t"},"content":{"rendered":"<section id=\"section-3-227\" class=\" ct-section section-header overflow-hidden\" ><div class=\"ct-section-inner-wrap\"><h1 id=\"headline-4-227\" class=\"ct-headline text-center anim-word-reveal page-title\">Verpflichtet zur Exzellenz\n <\/h1><\/div><\/section>\n\n<div class=\"wp-block-image\">\n<figure class=\"aligncenter size-large\"><img loading=\"lazy\" decoding=\"async\" width=\"1024\" height=\"680\" src=\"http:\/\/llambrich.com\/wp-content\/uploads\/2023\/07\/DSC_0055-1024x680.jpg\" alt=\"\" class=\"wp-image-2383\" srcset=\"https:\/\/llambrich.com\/wp-content\/uploads\/2023\/07\/DSC_0055-1024x680.jpg 1024w, https:\/\/llambrich.com\/wp-content\/uploads\/2023\/07\/DSC_0055-300x199.jpg 300w, https:\/\/llambrich.com\/wp-content\/uploads\/2023\/07\/DSC_0055-768x510.jpg 768w, https:\/\/llambrich.com\/wp-content\/uploads\/2023\/07\/DSC_0055-600x398.jpg 600w, https:\/\/llambrich.com\/wp-content\/uploads\/2023\/07\/DSC_0055.jpg 1500w\" sizes=\"auto, (max-width: 1024px) 100vw, 1024px\" \/><\/figure>\n<\/div>\n\n<section id=\"section-3-229\" class=\" ct-section overflow-hidden\" ><div class=\"ct-section-inner-wrap\"><div id=\"div_block-4-229\" class=\"ct-div-block mb-24\" ><div id=\"text_block-5-229\" class=\"ct-text-block text-center color-primary anim-word-reveal texts-grans\" >Pioniere dabei, eine Konzentrizit\u00e4t mit maximaler Pr\u00e4zision f\u00fcr unsere Bohrfutter zu garantieren, seit 1983.\n<\/div><\/div><div id=\"div_block-7-229\" class=\"ct-div-block grid grid-cols-2 mb-24 md-grid-cols-1 gap-24\" ><div id=\"div_block-8-229\" class=\"ct-div-block\" ><div id=\"div_block-15-229\" class=\"ct-div-block md-mx-auto w-full spin-on-scroll\" ><img decoding=\"async\"  id=\"image-10-229\" alt=\"\" src=\"http:\/\/llambrich.com\/wp-content\/uploads\/2023\/03\/Modo_de_aislamiento.svg\" class=\"ct-image w-full\"\/><\/div><\/div><div id=\"div_block-9-229\" class=\"ct-div-block\" ><p id=\"text_block-11-229m\" class=\"ct-text-block anim-word-reveal mt-0 paragraf\" >100% der hochpr\u00e4zisen Bohrfutter von Llambrich wurden mit der h\u00f6chsten Qualit\u00e4t entwickelt und hergestellt, um die Pr\u00e4zision und eine au\u00dfergew\u00f6hnliche Leistung bei allen Produktionsprozessen zu gew\u00e4hrleisten.\n<\/p><\/div><\/div><div id=\"div_block-13-229\" class=\"ct-div-block\" ><h1 id=\"headline-14-229\" class=\"ct-headline color-primary anim-word-reveal all-caps-thin\">QUALIT\u00c4T\n<br>UND GARANTIE&nbsp; F\u00dcR PR\u00c4ZISION<\/h1><\/div><\/div><\/section>\n\n<div class=\"wp-block-image\">\n<figure class=\"aligncenter size-full\"><img loading=\"lazy\" decoding=\"async\" width=\"1024\" height=\"680\" src=\"http:\/\/llambrich.com\/wp-content\/uploads\/2023\/07\/DSC_0055-1024x680-1.jpg\" alt=\"\" class=\"wp-image-2484\" srcset=\"https:\/\/llambrich.com\/wp-content\/uploads\/2023\/07\/DSC_0055-1024x680-1.jpg 1024w, https:\/\/llambrich.com\/wp-content\/uploads\/2023\/07\/DSC_0055-1024x680-1-300x199.jpg 300w, https:\/\/llambrich.com\/wp-content\/uploads\/2023\/07\/DSC_0055-1024x680-1-768x510.jpg 768w, https:\/\/llambrich.com\/wp-content\/uploads\/2023\/07\/DSC_0055-1024x680-1-600x398.jpg 600w\" sizes=\"auto, (max-width: 1024px) 100vw, 1024px\" \/><\/figure>\n<\/div>\n\n\n<div style=\"height:70px\" aria-hidden=\"true\" class=\"wp-block-spacer\"><\/div>\n\n\n<section id=\"section-3-232\" class=\" ct-section\" ><div class=\"ct-section-inner-wrap\"><div id=\"div_block-4-232\" class=\"ct-div-block w-4by6 py-12 mb-16 ml-auto lg-mx-auto lg-w-full\" ><div id=\"text_block-5-232\" class=\"ct-text-block color-primary anim-word-reveal titol-seccio\" >Die Pr\u00e4zision ist unerl\u00e4sslich, um die Qualit\u00e4t und Effizienz bei allen unseren Produktionsprozessen zu garantieren.\n<\/div><\/div><div id=\"new_columns-8-232\" class=\"ct-new-columns mb-36\" ><div id=\"div_block-9-232\" class=\"ct-div-block\" ><div id=\"text_block-11-232\" class=\"ct-text-block font-bold color-primary sub-titol\" >Zertifikat \u00fcber maximale&nbsp;<div>Exzentrizit\u00e4t&nbsp;<br><\/div><\/div><\/div><div id=\"div_block-10-232\" class=\"ct-div-block\" ><div id=\"text_block-13-232\" class=\"ct-text-block anim-word-reveal mb-12 paragraf\" >Alle unsere Pr\u00e4zisionsbohrfutter werden mit einem Zertifikat f\u00fcr maximale Exzentrizit\u00e4t von 0,02 mm, 0,03 mm, 0,04 mm oder 0,05 mm je nach Modell geliefert.\n<\/div><div id=\"div_block-29-232\" class=\"ct-div-block horizontal gap-8\" ><img decoding=\"async\"  id=\"image-15-232\" alt=\"\" src=\"http:\/\/llambrich.com\/wp-content\/uploads\/2023\/05\/garantia-004-1.jpg\" class=\"ct-image\"\/><img decoding=\"async\"  id=\"image-30-232\" alt=\"\" src=\"http:\/\/llambrich.com\/wp-content\/uploads\/2023\/05\/garantia-003-1.jpg\" class=\"ct-image\"\/><\/div><\/div><\/div><div id=\"div_block-28-232\" class=\"ct-div-block w-full\" ><div id=\"div_block-17-232\" class=\"ct-div-block mb-16 ml-auto md-w-full lg-w-full\" ><div id=\"text_block-19-232\" class=\"ct-text-block color-primary anim-word-reveal ml-auto all-caps-thin\" >QUALIT\u00c4TS<br>GARANTIE<\/div><div id=\"div_block-21-232\" class=\"ct-div-block lg-w-full w-5by6\" ><div id=\"text_block-22-232\" class=\"ct-text-block anim-word-reveal w-4by6 paragraf md-w-full\" >Die Untersuchung der Exzentrizit\u00e4t ist ein kritischer Prozess bei der Herstellung von Bohrfuttern, da jede kleine Abweichung die Leistung und Pr\u00e4zision des Werkzeugs erheblich beeintr\u00e4chtigen k\u00f6nnte. Daher richten wir uns an die anspruchsvollste Norm des Marktes, um zu garantieren, dass jedes Bohrfutter, das wir herstellen, unsere strengen Qualit\u00e4ts- und Pr\u00e4zisionsstandards erf\u00fcllt.\n<\/div><\/div><\/div><\/div><\/div><\/section><section id=\"section-27-232\" class=\" ct-section\" ><div class=\"ct-section-inner-wrap\"><div id=\"div_block-25-232\" class=\"ct-div-block w-full bg-white\" ><img decoding=\"async\"  id=\"image-26-232\" alt=\"\" src=\"http:\/\/llambrich.com\/wp-content\/uploads\/2023\/05\/certificado-garantia-1.jpg\" class=\"ct-image mx-auto\"\/><\/div><\/div><\/section>\n\n<section id=\"section-3-221\" class=\" ct-section section-pb-sm\" ><div class=\"ct-section-inner-wrap\"><div id=\"div_block-23-221\" class=\"ct-div-block\" ><div id=\"div_block-4-221\" class=\"ct-div-block grid grid-cols-2 w-3by4 mx-auto md-grid-cols-1\" ><div id=\"div_block-5-221\" class=\"ct-div-block\" ><div id=\"text_block-7-221\" class=\"ct-text-block color-primary mx-auto anim-text-reveal titol-seccio\" >Wir h\u00f6ren Ihnen zu\n<\/div><\/div><div id=\"div_block-6-221\" class=\"ct-div-block pl-28\" ><div id=\"text_block-9-221\" class=\"ct-text-block md-w-full anim-text-reveal mb-6 paragraf\" >Wir verpflichten uns gegen\u00fcber unseren Kunden. Wenn Sie Zweifel haben, stehen wir Ihnen zur Verf\u00fcgung.\n<\/div><div id=\"div_block-13-221\" class=\"ct-div-block \" ><div id=\"div_block-24-221\" class=\"ct-div-block relative button-transparent-primary button-animation\" ><a id=\"link-25-221\" class=\"ct-link px-2 py-1\" href=\"https:\/\/llambrich.com\/de\/kontakt\/\" target=\"_self\"  ><div id=\"text_block-26-221\" class=\"ct-text-block mr-2 color-primary\" >KONTAKTIEREN SIE UNS\n<\/div><div id=\"fancy_icon-27-221\" class=\"ct-fancy-icon my-auto color-white icon-lg-primary\" ><svg id=\"svg-fancy_icon-27-221\"><use xlink:href=\"#Lineariconsicon-arrow-right\"><\/use><\/svg><\/div><\/a><\/div><\/div><\/div><\/div><div id=\"div_block-11-221\" class=\"ct-div-block grid grid-cols-2 w-full\" ><div id=\"div_block-12-221\" class=\"ct-div-block mt-auto mr-auto\" ><img decoding=\"async\"  id=\"image-14-221\" alt=\"\" src=\"http:\/\/llambrich.com\/wp-content\/uploads\/2023\/03\/Group-1-1-1.png\" class=\"ct-image\"\/><\/div><\/div><\/div><\/div><\/section>","protected":false},"excerpt":{"rendered":"","protected":false},"author":6,"featured_media":0,"parent":0,"menu_order":0,"comment_status":"closed","ping_status":"closed","template":"","meta":{"_acf_changed":false,"inline_featured_image":false,"footnotes":""},"class_list":["post-3760","page","type-page","status-publish","hentry"],"acf":[],"_links":{"self":[{"href":"https:\/\/llambrich.com\/de\/wp-json\/wp\/v2\/pages\/3760","targetHints":{"allow":["GET"]}}],"collection":[{"href":"https:\/\/llambrich.com\/de\/wp-json\/wp\/v2\/pages"}],"about":[{"href":"https:\/\/llambrich.com\/de\/wp-json\/wp\/v2\/types\/page"}],"author":[{"embeddable":true,"href":"https:\/\/llambrich.com\/de\/wp-json\/wp\/v2\/users\/6"}],"replies":[{"embeddable":true,"href":"https:\/\/llambrich.com\/de\/wp-json\/wp\/v2\/comments?post=3760"}],"version-history":[{"count":0,"href":"https:\/\/llambrich.com\/de\/wp-json\/wp\/v2\/pages\/3760\/revisions"}],"wp:attachment":[{"href":"https:\/\/llambrich.com\/de\/wp-json\/wp\/v2\/media?parent=3760"}],"curies":[{"name":"wp","href":"https:\/\/api.w.org\/{rel}","templated":true}]}}