{"id":3764,"date":"2023-03-20T17:07:15","date_gmt":"2023-03-20T17:07:15","guid":{"rendered":"https:\/\/llambrich.com\/compliance\/"},"modified":"2024-04-11T08:13:25","modified_gmt":"2024-04-11T08:13:25","slug":"compliance","status":"publish","type":"page","link":"https:\/\/llambrich.com\/de\/compliance\/","title":{"rendered":"Compliance"},"content":{"rendered":"<section id=\"section-3-256\" class=\" ct-section section-header\" ><div class=\"ct-section-inner-wrap\"><h1 id=\"headline-4-256\" class=\"ct-headline text-center color-primary font-bold w-3by4 mx-auto lg-w-full my-auto page-title anim-word-reveal\">Transparenz, Integrit\u00e4t und Effizienz\n<\/h1><div id=\"code_block-9-256\" class=\"ct-code-block\" ><\/div><\/div><\/section>\n\n<div class=\"wp-block-image\">\n<figure class=\"aligncenter size-full\"><img loading=\"lazy\" decoding=\"async\" width=\"1024\" height=\"560\" src=\"http:\/\/llambrich.com\/wp-content\/uploads\/2023\/07\/nosostros-04-1024x560-1.jpg\" alt=\"\" class=\"wp-image-2420\" srcset=\"https:\/\/llambrich.com\/wp-content\/uploads\/2023\/07\/nosostros-04-1024x560-1.jpg 1024w, https:\/\/llambrich.com\/wp-content\/uploads\/2023\/07\/nosostros-04-1024x560-1-300x164.jpg 300w, https:\/\/llambrich.com\/wp-content\/uploads\/2023\/07\/nosostros-04-1024x560-1-768x420.jpg 768w, https:\/\/llambrich.com\/wp-content\/uploads\/2023\/07\/nosostros-04-1024x560-1-600x328.jpg 600w\" sizes=\"auto, (max-width: 1024px) 100vw, 1024px\" \/><\/figure>\n<\/div>\n\n<section id=\"section-3-257\" class=\" ct-section \" ><div class=\"ct-section-inner-wrap\"><div id=\"div_block-4-257\" class=\"ct-div-block grid grid-cols-2 md-grid-cols-1 mb-16\" ><div id=\"div_block-5-257\" class=\"ct-div-block p-0\" ><p id=\"text_block-7-257\" class=\"ct-text-block p-0 font-bold color-primary sub-titol anim-word-reveal\" >Unternehmenskultur\n<\/p><\/div><div id=\"div_block-6-257\" class=\"ct-div-block\" ><div id=\"text_block-9-257\" class=\"ct-text-block paragraf anim-line-reveal\" >Bei Llambrich nehmen wir die soziale Verantwortung des Unternehmens sehr ernst und verpflichten uns zur Einhaltung aller geltenden Gesetze und Vorschriften. Wir sind stolz auf unsere Kultur der Konformit\u00e4t und Transparenz und arbeiten m\u00fchselig daran, zu garantieren, dass unsere Operationen jederzeit die h\u00f6chsten Standards f\u00fcr Integrit\u00e4t und Ethik erf\u00fcllen.\n\n<\/div><\/div><\/div><div id=\"div_block-10-257\" class=\"ct-div-block w-3by4 mx-auto color-primary md-w-full\" ><div id=\"text_block-11-257\" class=\"ct-text-block text-center anim-word-reveal texts-grans\" >Unsere Verpflichtung zur Einhaltung und Unternehmensethik hilft auch unseren Kunden, ihren eigen Ruf intakt zu halten und solide und dauerhafte Gesch\u00e4ftsbeziehungen mit ihren eigenen Kunden aufzubauen.\n<\/div><\/div><\/div><\/section>\n\n<section id=\"section-3-231\" class=\" ct-section\" ><div class=\"ct-section-inner-wrap\"><div id=\"div_block-4-231\" class=\"ct-div-block grid grid-cols-2 w-full mb-16 md-grid-cols-1\" ><div id=\"div_block-5-231\" class=\"ct-div-block\" ><p id=\"text_block-7-231\" class=\"ct-text-block color-primary font-bold anim-word-reveal sub-titol\" >&nbsp;<\/p><p id=\"text_block-11-231\" class=\"ct-text-block color-primary anim-word-reveal titol-seccio\" >Zertifizierungen<\/p><\/div><div id=\"div_block-6-231\" class=\"ct-div-block md-mr-auto\" ><img decoding=\"async\"  id=\"image-13-231\" alt=\"\" src=\"http:\/\/llambrich.com\/wp-content\/uploads\/2023\/05\/calidad-llambrich.jpg\" class=\"ct-image ml-auto\"\/><\/div><\/div><div id=\"div_block-14-231\" class=\"ct-div-block\" ><div id=\"text_block-15-231\" class=\"ct-text-block anim-word-reveal paragraf\" >Wir sind ein zertifiziertes Unternehmen. Unsere Bohrfutter werden unter den h\u00f6chsten internationalen Qualit\u00e4tsstandards hergestellt, darunter die Zertifizierung ISO 9001. Die Einholung dieser Zertifizierung ist ein Zeugnis unserer Verpflichtung zur Exzellenz und Zufriedenheit des Kunden.\n<\/div><a id=\"link-17-231\" class=\"ct-link horizontal py-1 border-px relative button-white btn px-2\" href=\"http:\/\/llambrich.com\/wp-content\/uploads\/2023\/07\/quality_certifications_industrial.pdf\" target=\"_blank\"  ><div id=\"text_block-18-231\" class=\"ct-text-block mr-2 z-1 anim-text-reveal\" >QUALIT\u00c4TSZERTIFIZIERUNGEN<\/div><div id=\"fancy_icon-19-231\" class=\"ct-fancy-icon icon-lg-primary z-1\" ><svg id=\"svg-fancy_icon-19-231\"><use xlink:href=\"#Lineariconsicon-arrow-right\"><\/use><\/svg><\/div><\/a><\/div><\/div><\/section>\n\n<section id=\"section-3-258\" class=\" ct-section \" ><div class=\"ct-section-inner-wrap\"><div id=\"div_block-4-258\" class=\"ct-div-block grid grid-cols-2 w-full gap-8 md-grid-cols-1\" ><div id=\"div_block-5-258\" class=\"ct-div-block\" ><img decoding=\"async\"  id=\"image-7-258\" alt=\"\" src=\"http:\/\/llambrich.com\/wp-content\/uploads\/2023\/05\/compliance-02.jpg\" class=\"ct-image img-slide-down\"\/><\/div><div id=\"div_block-6-258\" class=\"ct-div-block h-full\" ><div id=\"div_block-19-258\" class=\"ct-div-block my-auto px-12\" ><h2 id=\"headline-8-258\" class=\"ct-headline color-primary mb-8 titol-seccio anim-text-reveal\">Unternehmensf\u00fchrung<\/h2><div id=\"text_block-10-258\" class=\"ct-text-block mb-8 paragraf anim-line-reveal\" >Bei Llambrich zeigen wir ein starkes Engagement f\u00fcr die Unternehmensf\u00fchrung und Unternehmensverantwortung. Wir verpflichten uns dazu, die Transparenz, Integrit\u00e4t und Effizienz bei allen unseren Operationen und Gesch\u00e4ftsverfahren zu garantieren. Unser Verwaltungsrat besteht aus Experten mit Erfahrung im Bereich und in der Unternehmensf\u00fchrung. Au\u00dferdem haben wir einen Rechnungspr\u00fcfungs- und Compliance-Ausschuss, der unsere Prozesse zur Buchhaltung, Pr\u00fcfung und Einhaltung von Normen \u00fcberwacht.\n <\/div><\/div><\/div><\/div><\/div><\/section>\n\n<section id=\"section-22-258\" class=\" ct-section \" ><div class=\"ct-section-inner-wrap\"><div id=\"div_block-23-258\" class=\"ct-div-block grid grid-cols-2 md-grid-cols-1 gap-24\" ><div id=\"div_block-24-258\" class=\"ct-div-block\" ><h2 id=\"headline-26-258\" class=\"ct-headline color-primary titol-seccio anim-text-reveal mb-6\">Operationale Exzellenz\n<\/h2><div id=\"text_block-29-258\" class=\"ct-text-block paragraf anim-line-reveal\" >Wir bem\u00fchen uns darum, die operationale Exzellenz bei allen Bereichen unseres Gesch\u00e4fts zu erreichen. Wir verpflichten uns dazu, Produkte und Dienstleistungen hoher Qualit\u00e4t anzubieten, die die Erwartungen unserer Kunden erf\u00fcllen oder \u00fcbertreffen. Um dies zu erreichen, haben wir eine Reihe von Prozessen und Praktiken implementiert, die es uns erm\u00f6glichen, unsere Operationen zu optimieren und eine hohe Qualit\u00e4t bei unseren Produkten und Dienstleistungen anzubieten.\n<\/div><\/div><div id=\"div_block-30-258\" class=\"ct-div-block h-full\" ><h2 id=\"headline-31-258\" class=\"ct-headline color-primary titol-seccio anim-text-reveal mb-6\">Innovation<\/h2><div id=\"text_block-32-258\" class=\"ct-text-block paragraf mt-auto anim-line-reveal\" >Wir verpflichten uns zur Innovation als Motor unseres Erfolgs und Wachstums auf dem Markt. Wir suchen fortw\u00e4hrend nach neuen Methoden, um unsere Produkte und Dienstleistungen zu verbessern und neue L\u00f6sungen zu entwickeln, um die sich st\u00e4ndig \u00e4ndernden Anforderungen unserer Kunden zu erf\u00fcllen. Die Innovation ist ein grundlegender Bestandteil unserer Unternehmensstrategie und wir sind stolz darauf, Teil von Barcelona zu sein, einer europ\u00e4ischen Stadt, die ein Knotenpunkt f\u00fcr Innovation, Logistik und Design ist.\n<\/div><\/div><\/div><\/div><\/section>\n\n<section id=\"section-10-268\" class=\" ct-section \" ><div class=\"ct-section-inner-wrap\"><div id=\"div_block-11-268\" class=\"ct-div-block grid grid-cols-2 w-full gap-8 md-grid-cols-1\" ><div id=\"div_block-12-268\" class=\"ct-div-block h-full\" ><div id=\"div_block-13-268\" class=\"ct-div-block my-auto ml-auto p-page\" ><h2 id=\"headline-14-268\" class=\"ct-headline text-4xl color-primary mb-8 titol-seccio anim-text-reveal\">Personen<\/h2><div id=\"text_block-15-268\" class=\"ct-text-block mb-8 paragraf anim-line-reveal\" >Wir stellen sicher, dass unsere Mitarbeiter unsere ethischen und rechtlichen Richtlinien verstehen und erf\u00fcllen und f\u00f6rdern eine Kultur der Verantwortung und Einhaltung in der gesamten Organisation.\n<\/div><\/div><\/div><div id=\"div_block-16-268\" class=\"ct-div-block md-order-first\" ><img decoding=\"async\"  id=\"image-17-268\" alt=\"\" src=\"http:\/\/llambrich.com\/wp-content\/uploads\/2023\/05\/compliance-03.jpg\" class=\"ct-image img-slide-down\"\/><\/div><\/div><\/div><\/section>\n\n<section id=\"section-10-708\" class=\" ct-section \" ><div class=\"ct-section-inner-wrap\"><div id=\"div_block-11-708\" class=\"ct-div-block grid grid-cols-2 md-grid-cols-1 gap-24\" ><div id=\"div_block-12-708\" class=\"ct-div-block\" ><h2 id=\"headline-13-708\" class=\"ct-headline color-primary mb-6 titol-seccio anim-text-reveal\">Sicherheit und Gesundheit\n<br><\/h2><div id=\"text_block-14-708\" class=\"ct-text-block paragraf anim-line-reveal\" >Die Sicherheit und Gesundheit unserer Mitarbeiter ist eine unserer wichtigsten Priorit\u00e4ten. Wir bem\u00fchen uns darum, ein sicheres und gesundes Arbeitsumfeld anzubieten, in dem unsere Mitarbeiter ihre Arbeit ohne Risiken erledigen k\u00f6nnen. Unsere Richtlinie f\u00fcr Sicherheit und Gesundheit basiert auf der Verhinderung und fr\u00fchzeitigen Identifizierung von Risiken und der Implementierung von Pr\u00e4ventionsma\u00dfnahmen, um jede m\u00f6gliche negative Auswirkung zu minimieren.\n<\/div><\/div><div id=\"div_block-15-708\" class=\"ct-div-block\" ><h2 id=\"headline-16-708\" class=\"ct-headline color-primary mb-6 titol-seccio anim-text-reveal\">Lieferkette<\/h2><div id=\"text_block-17-708\" class=\"ct-text-block paragraf anim-line-reveal\" >Wir konzentrieren uns darauf, eine zuverl\u00e4ssige, effiziente und nachhaltige Lieferkette aufzubauen, die es uns erm\u00f6glicht, unseren Kunden hochwertige Produkte anzubieten. Um dies zu erreichen, arbeiten wir in enger Zusammenarbeit mit unseren Anbietern, um die Qualit\u00e4t und rechtzeitige Lieferung der f\u00fcr unsere Produkte erforderlichen Materialien und Komponenten zu garantieren.\n<\/div><\/div><\/div><\/div><\/section>\n\n<section id=\"section-3-3653\" class=\" ct-section \" ><div class=\"ct-section-inner-wrap\"><div id=\"div_block-4-3653\" class=\"ct-div-block grid grid-cols-2 w-full gap-8 md-grid-cols-1\" ><div id=\"div_block-5-3653\" class=\"ct-div-block\" ><img decoding=\"async\"  id=\"image-6-3653\" alt=\"\" src=\"https:\/\/llambrich.com\/wp-content\/uploads\/2024\/02\/image-4.jpg\" class=\"ct-image img-slide-down\"\/><\/div><div id=\"div_block-7-3653\" class=\"ct-div-block h-full\" ><div id=\"div_block-8-3653\" class=\"ct-div-block my-auto px-12\" ><h2 id=\"headline-28-3653\" class=\"ct-headline color-primary mb-8 titol-seccio anim-text-reveal\">Ethischer Kanal<br><\/h2><div id=\"text_block-21-3653\" class=\"ct-text-block mb-8 paragraf anim-line-reveal\" >Llambrich Precision hat einen Verhaltenskodex festgelegt, der seine Vision, Unternehmensprinzipien und Verhaltensnormen umfasst, die grunds\u00e4tzlich f\u00fcr seinen Kompromiss f\u00fcr Integrit\u00e4t sind. Dieser Kodex dient als Referenz in konkreten Situationen und ist Pflicht f\u00fcr alle Mitarbeiter. F\u00fcr Beratungen, Empfehlungen oder damit verbundenen Beschwerden wurden zwei Kommunikationskan\u00e4le bereitgestellt: ein interner unter <b><a href=\"mailto:corporatecompliance@llambrich.com\">corporatecompliance@llambrich.com<\/a><\/b>  und ein externer&nbsp;<b><a href=\"http:\/\/llambrich.canales-eticos.com\/\">llambrich.canales-eticos.com<\/a><\/b>, der Mitarbeitern und mit dem Unternehmen verbundenen Personen zur Verf\u00fcgung steht. Es wird Wert auf die Vertraulichkeit der Kommunikationen und dem Schutz der Identit\u00e4t des Beschwerdef\u00fchrers bei Meldungen von Nichterf\u00fcllungen gelegt.<\/div><\/div><\/div><\/div><\/div><\/section>\n\n<section id=\"section-32-236\" class=\" ct-section section-py-0 flex\" ><div class=\"ct-section-inner-wrap\"><div id=\"div_block-33-236\" class=\"ct-div-block mx-auto\" ><img decoding=\"async\"  id=\"image-34-236\" alt=\"\" src=\"http:\/\/llambrich.com\/wp-content\/uploads\/2023\/03\/Capa_1-6.png\" class=\"ct-image mt-auto\"\/><div id=\"div_block-35-236\" class=\"ct-div-block py-12\" ><div id=\"text_block-36-236\" class=\"ct-text-block color-primary mb-16 mx-auto anim-word-reveal titol-seccio centered\" >Konsultieren Sie&nbsp;<div>unsere Qualit\u00e4tspolitik&nbsp;<\/div><\/div><div id=\"text_block-37-236\" class=\"ct-text-block mb-16 text-center anim-word-reveal paragraf\" >Unsere gesamte Organisation \u00fcbernimmt das Qualit\u00e4tsmanagementsystem,&nbsp;<div>basiert auf den Richtlinien UNE EN ISO 9001 und UNE EN ISO 13485.<\/div><\/div><div id=\"div_block-38-236\" class=\"ct-div-block relative button-transparent-primary mx-auto button-animation\" ><a id=\"link-39-236\" class=\"ct-link px-2 py-1\" href=\"https:\/\/llambrich.com\/wp-content\/uploads\/2024\/02\/politica-calidad-en-2024.pdf\" target=\"_blank\"  ><div id=\"text_block-40-236\" class=\"ct-text-block mr-2 color-primary\" >EINSEHEN<\/div><div id=\"fancy_icon-41-236\" class=\"ct-fancy-icon my-auto icon-lg-primary\" ><svg id=\"svg-fancy_icon-41-236\"><use xlink:href=\"#Lineariconsicon-arrow-right\"><\/use><\/svg><\/div><\/a><\/div><\/div><img decoding=\"async\"  id=\"image-42-236\" alt=\"\" src=\"http:\/\/llambrich.com\/wp-content\/uploads\/2023\/03\/Capa_1-6.png\" class=\"ct-image\"\/><\/div><\/div><\/section>","protected":false},"excerpt":{"rendered":"","protected":false},"author":6,"featured_media":0,"parent":0,"menu_order":0,"comment_status":"closed","ping_status":"closed","template":"","meta":{"_acf_changed":false,"inline_featured_image":false,"footnotes":""},"class_list":["post-3764","page","type-page","status-publish","hentry"],"acf":[],"_links":{"self":[{"href":"https:\/\/llambrich.com\/de\/wp-json\/wp\/v2\/pages\/3764","targetHints":{"allow":["GET"]}}],"collection":[{"href":"https:\/\/llambrich.com\/de\/wp-json\/wp\/v2\/pages"}],"about":[{"href":"https:\/\/llambrich.com\/de\/wp-json\/wp\/v2\/types\/page"}],"author":[{"embeddable":true,"href":"https:\/\/llambrich.com\/de\/wp-json\/wp\/v2\/users\/6"}],"replies":[{"embeddable":true,"href":"https:\/\/llambrich.com\/de\/wp-json\/wp\/v2\/comments?post=3764"}],"version-history":[{"count":0,"href":"https:\/\/llambrich.com\/de\/wp-json\/wp\/v2\/pages\/3764\/revisions"}],"wp:attachment":[{"href":"https:\/\/llambrich.com\/de\/wp-json\/wp\/v2\/media?parent=3764"}],"curies":[{"name":"wp","href":"https:\/\/api.w.org\/{rel}","templated":true}]}}