{"id":3776,"date":"2023-04-18T19:47:41","date_gmt":"2023-04-18T19:47:41","guid":{"rendered":"https:\/\/llambrich.com\/surgical\/sobre-nosotros\/"},"modified":"2024-05-10T12:14:04","modified_gmt":"2024-05-10T12:14:04","slug":"ueber-uns","status":"publish","type":"page","link":"https:\/\/llambrich.com\/de\/surgical\/ueber-uns\/","title":{"rendered":"\u00dcber uns"},"content":{"rendered":"<section id=\"section-3-115\" class=\" ct-section\" ><div class=\"ct-section-inner-wrap\"><div id=\"div_block-4-115\" class=\"ct-div-block mb-16 pt-12 w-full\" ><div id=\"div_block-5-115\" class=\"ct-div-block w-3by4 md-w-full\" ><h1 id=\"headline-7-115\" class=\"ct-headline color-primary font-bold anim-text-reveal page-title\">\u00dcber Llambrich\n<\/h1><\/div><div id=\"div_block-6-115\" class=\"ct-div-block ml-10 md-w-full mt-auto\" ><a id=\"text_block-9-115\" class=\"ct-link-text underline md-w-full anim-text-reveal color-black hover-underline-stick menu-page\" href=\"#div_block-13-115\"   >Geschichte<br><\/a><a id=\"text_block-24-115\" class=\"ct-link-text underline md-w-full anim-text-reveal color-black hover-underline-stick menu-page\" href=\"#section-3-123\"   >Export<br><\/a><a id=\"text_block-25-115\" class=\"ct-link-text underline md-w-full anim-text-reveal color-black hover-underline-stick menu-page\" href=\"#section-3-392\"   >Engagement<br><\/a><a id=\"text_block-26-115\" class=\"ct-link-text underline md-w-full anim-text-reveal color-black hover-underline-stick menu-page\" href=\"#section-5-184\"   >Werte<\/a><\/div><\/div><div id=\"div_block-11-115\" class=\"ct-div-block mb-28\" ><img decoding=\"async\"  id=\"image-12-115\" alt=\"\" src=\"http:\/\/llambrich.com\/wp-content\/uploads\/2023\/05\/surgical-nosostros-01.jpg\" class=\"ct-image \"\/><\/div><div id=\"div_block-13-115\" class=\"ct-div-block mx-auto mb-16\" ><div id=\"text_block-31-115\" class=\"ct-text-block color-primary anim-text-reveal text-descripcio mx-auto mb-6\" >Geschichte<br><\/div><p id=\"text_block-16-115\" class=\"ct-text-block color-primary text-center mx-auto anim-word-reveal max-w-descripcio texts-grans\" >Wir entstanden vor \u00fcber 65 Jahren, um zu einem Vorbild in der Branche zu werden. Unser einwandfreier Werdegang hat es uns erm\u00f6glicht, uns als f\u00fchrender Hersteller von Bohrfuttern auf dem internationalen Markt zu konsolidieren.\n<\/p><\/div><div id=\"div_block-18-115\" class=\"ct-div-block grid grid-cols-2 md-grid-cols-1 gap-6\" ><div id=\"div_block-19-115\" class=\"ct-div-block\" ><img decoding=\"async\"  id=\"image-21-115\" alt=\"\" src=\"http:\/\/llambrich.com\/wp-content\/uploads\/2023\/04\/B-surgical.svg\" class=\"ct-image\"\/><\/div><div id=\"div_block-20-115\" class=\"ct-div-block h-full\" ><div id=\"text_block-22-115\" class=\"ct-text-block w-3by4 my-auto anim-word-reveal paragraf lg-w-full\" >Unsere Geschichte war durch verschiedene Meilensteine des Unternehmens gepr\u00e4gt, unm\u00f6glich zu erreichen, wenn es nicht ein Team gegeben h\u00e4tte, das sich der Exzellenz, Innovation und Pr\u00e4zision widmet.\n<br><\/div><\/div><\/div><\/div><\/section>\n\n<section id=\"section-3-121\" class=\" ct-section section-py-sm\" ><div class=\"ct-section-inner-wrap\"><div id=\"div_block-4-121\" class=\"ct-div-block w-5by6 mx-auto lg-w-full\" ><div id=\"div_block-5-121\" class=\"ct-div-block py-4 sm-w-full div-numbers w-full\" ><div id=\"div_block-22-121\" class=\"ct-div-block\" ><div id=\"text_block-6-121\" class=\"ct-text-block color-primary anim-text-reveal text-7xl\" >1957<\/div><\/div><div id=\"text_block-8-121\" class=\"ct-text-block my-auto text-lg ml-auto col-span-2 menu-page\" >Llambrich wurde in der Stadt Barcelona als Werkstatt f\u00fcr Pr\u00e4zisions- und technische Werkzeuge gegr\u00fcndet.\n<\/div><\/div><div id=\"div_block-11-383\" class=\"ct-div-block py-4 sm-w-full div-numbers w-full\" ><div id=\"div_block-12-383\" class=\"ct-div-block\" ><div id=\"text_block-13-383\" class=\"ct-text-block color-primary anim-text-reveal text-7xl\" >1994<\/div><\/div><div id=\"text_block-14-383\" class=\"ct-text-block my-auto text-lg ml-auto col-span-2 menu-page\" >Nachdem der Firmensitz nach Cornell\u00e0 de Llobregat verlegt wurde, haben wir uns schlie\u00dflich in Hospitalet de Llobregat niedergelassen und unsere Pr\u00e4senz auf dem internationalen Markt konsolidiert.\n<\/div><\/div><div id=\"div_block-15-383\" class=\"ct-div-block py-4 sm-w-full div-numbers w-full\" ><div id=\"div_block-16-383\" class=\"ct-div-block\" ><div id=\"text_block-17-383\" class=\"ct-text-block color-primary anim-text-reveal text-7xl\" >2004<\/div><\/div><div id=\"text_block-18-383\" class=\"ct-text-block my-auto text-lg ml-auto col-span-2 menu-page\" >Im Jahr 2004 haben wir das Bohrfutter Hexa System eingef\u00fchrt, ein Bohrfutter mit \u00fcberragender Pr\u00e4zision mit Anzug durch einen Sechskantschl\u00fcssel f\u00fcr Bohr-, Fr\u00e4\u00df-, Reib- und Schraubverfahren, das unter anderem die folgenden Arbeitsweisen erm\u00f6glicht: Drehung nach rechts und links, maximale Exzentrizit\u00e4t 0,03 mm, optionale interne K\u00fchlung und Anziehdrehmoment \u00fcber 100 Nm.\n<\/div><\/div><div id=\"div_block-19-383\" class=\"ct-div-block py-4 sm-w-full div-numbers w-full\" ><div id=\"div_block-20-383\" class=\"ct-div-block\" ><div id=\"text_block-21-383\" class=\"ct-text-block color-primary anim-text-reveal text-7xl\" >2014<\/div><\/div><div id=\"text_block-22-383\" class=\"ct-text-block my-auto text-lg ml-auto col-span-2 menu-page\" >Wir haben unseren Markt auf die Medizinbranche ausgeweitet, indem wir Bohrfutter in einem der anspruchsvollsten Bereiche der Welt entwickelt haben.\n<\/div><\/div><div id=\"div_block-10-121\" class=\"ct-div-block py-4 div-numbers w-full\" ><div id=\"div_block-23-121\" class=\"ct-div-block\" ><div id=\"text_block-11-121\" class=\"ct-text-block color-primary anim-text-reveal text-7xl\" >2023<\/div><\/div><div id=\"text_block-12-121\" class=\"ct-text-block my-auto text-lg ml-auto col-span-2 menu-page\" >Llambrich konsolidiert sich in der Medizinbranche, wird zum weltweiten Vorbild und leitet einen neuen Wachstumskurs ein mit einer Umfirmierung und einer neuen Webseite.\n<\/div><\/div><\/div><\/div><\/section>\n\n<section id=\"section-3-123\" class=\" ct-section \" ><div class=\"ct-section-inner-wrap\"><div id=\"div_block-4-123\" class=\"ct-div-block mx-auto\" ><h2 id=\"headline-12-123\" class=\"ct-headline color-primary font-bold mx-auto anim-text-reveal sub-titol mb-6\">Export<\/h2><p id=\"text_block-7-123\" class=\"ct-text-block text-center color-primary mx-auto anim-word-reveal titol-seccio\" >Wir exportieren in \u00fcber 50 L\u00e4nder\n<\/p><\/div><div id=\"div_block-9-123\" class=\"ct-div-block\" ><img decoding=\"async\"  id=\"image-10-123\" alt=\"\" src=\"http:\/\/llambrich.com\/wp-content\/uploads\/2023\/04\/mapa-export-medic-V2.gif\" class=\"ct-image\"\/><\/div><\/div><\/section>\n\n<section id=\"section-7-124\" class=\" ct-section section-py-sm\" ><div class=\"ct-section-inner-wrap\"><div id=\"div_block-8-124\" class=\"ct-div-block grid grid-cols-2\" ><div id=\"div_block-9-124\" class=\"ct-div-block\" ><p id=\"text_block-11-124\" class=\"ct-text-block color-primary font-bold text-3xl anim-text-reveal\" >Qualit\u00e4t und Innovation weltweit&nbsp;<\/p><\/div><div id=\"div_block-10-124\" class=\"ct-div-block\" ><p id=\"text_block-13-124\" class=\"ct-text-block anim-word-reveal\" >Wir verlassen uns auf ein Verkaufsteam weltweit. Llambrich erf\u00fcllt die anspruchsvollsten Pr\u00e4zisionstandards der Welt.\n<\/p><\/div><\/div><\/div><\/section>\n\n<section id=\"section-15-124\" class=\" ct-section section-py-0\" ><div class=\"ct-section-inner-wrap\"><div id=\"div_block-16-124\" class=\"ct-div-block gap-6 w-full grid grid-cols-2\" ><div id=\"div_block-18-124\" class=\"ct-div-block pt-16\" ><div id=\"text_block-21-124\" class=\"ct-text-block color-primary lg-w-full anim-word-reveal\" >UNIQUE DESIGNS FOR MEDICAL USE\n<\/div><\/div><div id=\"div_block-17-124\" class=\"ct-div-block lg-w-full h-full\" ><img decoding=\"async\"  id=\"image-19-124\" alt=\"\" src=\"http:\/\/llambrich.com\/wp-content\/uploads\/2023\/05\/matt-antonioli-uvMSarsRHzo-unsplash-1.jpg\" class=\"ct-image lg-mx-auto h-full object-cover max-w-full lg-h-auto\"\/><\/div><\/div><div id=\"div_block-28-124\" class=\"ct-div-block mb-16 lg-mx-auto w-full grid grid-cols-2 gap-6 lg-grid-cols-1\" ><img decoding=\"async\"  id=\"image-20-124\" alt=\"\" src=\"http:\/\/llambrich.com\/wp-content\/uploads\/2023\/04\/Capa_1.svg\" class=\"ct-image w-1by2 lg-mx-auto spin-on-scroll col-start-2 ml-16\"\/><\/div><div id=\"div_block-23-124\" class=\"ct-div-block mx-auto w-3by4\" ><p id=\"text_block-24-124\" class=\"ct-text-block text-center\" >Wir bem\u00fchen uns darum, bei der Technologie und den Tendenzen der Industrie auf dem neuesten Stand zu sein, sodass wir innovative Produkte entwickeln k\u00f6nnen, die praktische und effiziente L\u00f6sungen f\u00fcr unsere Kunden bieten. Wir haben ein hochkompetentes und erfahrenes Team von Ingenieuren und Designern, die eng mit unseren Kunden zusammenarbeiten, um ihre Bed\u00fcrfnisse zu verstehen und personalisierte L\u00f6sungen zu entwickeln, die den konkreten Anforderungen entsprechen.\n<\/p><\/div><\/div><\/section>\n\n<section id=\"section-3-392\" class=\" ct-section \" ><div class=\"ct-section-inner-wrap\"><div id=\"div_block-4-392\" class=\"ct-div-block w-full grid grid-cols-3 gap-8 md-grid-cols-1\" ><div id=\"div_block-5-392\" class=\"ct-div-block\" ><img decoding=\"async\"  id=\"image-6-392\" alt=\"\" src=\"http:\/\/llambrich.com\/wp-content\/uploads\/2023\/07\/nuestro-compromiso-2.png\" class=\"ct-image\"\/><\/div><div id=\"div_block-7-392\" class=\"ct-div-block col-span-2 md-col-span-1\" ><h2 id=\"headline-8-392\" class=\"ct-headline color-primary text-7xl mb-16\">Unser<div>Engagement&nbsp;<\/div><\/h2><div id=\"div_block-10-392\" class=\"ct-div-block ml-10 sm-ml-0\" ><div id=\"_rich_text-9-392\" class=\"oxy-rich-text color-primary texts-grans\" ><p><span style=\"white-space-collapse: preserve;\">Wir basieren unsere Unternehmenskultur auf soliden Kompromissen gegen&uuml;ber unseren Partnern, Mitarbeitern, Kunden und Lieferanten <\/span><\/p><\/div><\/div><\/div><\/div><\/div><\/section>\n\n<section id=\"section-10-132\" class=\" ct-section \" ><div class=\"ct-section-inner-wrap\"><div id=\"div_block-11-132\" class=\"ct-div-block w-full grid grid-cols-2 gap-8 lg-grid-cols-1\" ><div id=\"div_block-12-132\" class=\"ct-div-block h-full\" ><div id=\"div_block-16-132\" class=\"ct-div-block max-w-1by2-page h-full ml-auto p-page w-full\" ><div id=\"text_block-13-132\" class=\"ct-text-block my-auto lg-w-full anim-word-reveal max-w-450 paragraf\" >Wir arbeiten jeden Tag daran, weiterhin als ein chirurgischer Anbieter angesehen zu werden, der hoch professionell ist, mit dem man leicht Gesch\u00e4fte machen kann und mit einem ausgezeichneten Service und Produktqualit\u00e4t. Wir sind gerne proaktiv bei der Suche nach L\u00f6sungen, die \u00fcber die medizinischen Anforderungen unserer Kunden hinaus gehen.\n<\/div><\/div><\/div><div id=\"div_block-14-132\" class=\"ct-div-block lg-order-first lg-w-full\" ><img decoding=\"async\"  id=\"image-15-132\" alt=\"\" src=\"http:\/\/llambrich.com\/wp-content\/uploads\/2023\/05\/image-1.jpg\" class=\"ct-image lg-mx-auto lg-w-full max-w-full\"\/><\/div><\/div><\/div><\/section>\n\n<section>\r\n    <div class=\"w-full py-12 overflow-hidden\">\r\n        <div class=\"tickerwrapper\">\r\n            <ul class='list'>\r\n                            <li class='listitem text-7xl color-black font-stroke mr-4'>\r\n                    <span>Innovative Qualit\u00e4tsl\u00f6sungen zu einem konkurrenzf\u00e4higen Preis<\/span>\r\n                <\/li>\r\n                <li class='listitem text-7xl color-black font-stroke mr-4'>\r\n                    <span>Innovative Qualit\u00e4tsl\u00f6sungen zu einem konkurrenzf\u00e4higen Preis<\/span>\r\n                <\/li>\r\n                <li class='listitem text-7xl color-black font-stroke mr-4'>\r\n                    <span>Innovative Qualit\u00e4tsl\u00f6sungen zu einem konkurrenzf\u00e4higen Preis<\/span>\r\n                <\/li>\r\n                            <\/ul>\r\n        <\/div>\r\n    <\/div>\r\n<\/section>\n\n\n<section id=\"section-5-184\" class=\" ct-section section-pb-0\" ><div class=\"ct-section-inner-wrap\"><div id=\"div_block-9-184\" class=\"ct-div-block mx-auto mb-12\" ><h2 id=\"text_block-10-184\" class=\"ct-text-block color-primary font-bold mx-auto anim-text-reveal sub-titol\" >Werte<\/h2><p id=\"text_block-11-184\" class=\"ct-text-block text-center mx-auto anim-word-reveal paragraf\" >Wir vereinen die Werte der Pr\u00e4zision, Exzellenz und Spezialisierung in unserer DNA.\n<\/p><\/div><\/div><\/section>\n\n<link rel=\"stylesheet\" href=\"https:\/\/cdnjs.cloudflare.com\/ajax\/libs\/Swiper\/5.4.5\/css\/swiper.min.css\" \/>\r\n\r\n<script src=\"https:\/\/cdnjs.cloudflare.com\/ajax\/libs\/Swiper\/5.4.5\/js\/swiper.min.js\"><\/script>\r\n\r\n<section>\r\n<div class=\"swiper-fullscreen\">\r\n<div class=\"swiper-wrapper\">\r\n\t\t\t\r\n\r\n<div class=\"swiper-slide flex py-10\" style=\"background-image: url('https:\/\/llambrich.com\/wp-content\/uploads\/2023\/07\/DSC_0255V2.jpg')\">\r\n\t<div class=\"my-auto mx-auto flex color-white max-w-page p-page text-2xl text-center\"><p>Engagiert f\u00fcr die Herstellung von pr\u00e4zisen, langlebigen und effizienten Bohrfuttern<\/p>\n<\/div>\r\n    \r\n<\/div>\r\n\t\t\t\r\n\r\n<div class=\"swiper-slide flex py-10\" style=\"background-image: url('https:\/\/llambrich.com\/wp-content\/uploads\/2023\/07\/DSC_0122-4.jpg')\">\r\n\t<div class=\"my-auto mx-auto flex color-white max-w-page p-page text-2xl text-center\"><p>Wir f\u00fchren die anspruchsvollsten Untersuchungen der Exzentrizit\u00e4t auf dem Markt seit 1963 durch<\/p>\n<\/div>\r\n    \r\n<\/div>\r\n\t\t\t\r\n\r\n<div class=\"swiper-slide flex py-10\" style=\"background-image: url('https:\/\/llambrich.com\/wp-content\/uploads\/2023\/07\/DSC_0244-3.jpg')\">\r\n\t<div class=\"my-auto mx-auto flex color-white max-w-page p-page text-2xl text-center\"><p>Wir sind ein integraler Anbieter, der in der Lage ist, jede Art von Nachfragen f\u00fcr Bohrfutter zu erf\u00fcllen<\/p>\n<\/div>\r\n    \r\n<\/div>\r\n\t<\/div>\r\n<\/div>\r\n<\/section>\n\n\n<section id=\"section-3-133\" class=\" ct-section bg-alt\" ><div class=\"ct-section-inner-wrap\"><img decoding=\"async\"  id=\"image-4-133\" alt=\"\" src=\"http:\/\/llambrich.com\/wp-content\/uploads\/2023\/03\/Group-2.png\" class=\"ct-image\"\/><div id=\"div_block-5-133\" class=\"ct-div-block mx-auto\" ><h3 id=\"headline-6-133\" class=\"ct-headline color-primary my-auto w-2by3 anim-text-reveal titol-seccio md-w-full md-text-center\">Beginnen wir zusammen, die Pr\u00e4zision der Zukunft zu entwickeln\n<\/h3><div id=\"div_block-20-133\" class=\"ct-div-block my-auto mx-auto button-animation\" ><a id=\"link-16-133\" class=\"ct-link horizontal py-1 border-px relative btn px-2 anim-text-reveal button-bg-alt\" href=\"https:\/\/llambrich.com\/de\/surgical\/kontakt\/\" target=\"_self\"  ><div id=\"text_block-17-133\" class=\"ct-text-block mr-2 z-1 text-button\" >KONTAKTIEREN SIE UNS\n<\/div><div id=\"fancy_icon-18-133\" class=\"ct-fancy-icon icon-lg-primary z-1\" ><svg id=\"svg-fancy_icon-18-133\"><use xlink:href=\"#Lineariconsicon-arrow-right\"><\/use><\/svg><\/div><\/a><\/div><\/div><\/div><\/section>","protected":false},"excerpt":{"rendered":"","protected":false},"author":6,"featured_media":0,"parent":3771,"menu_order":0,"comment_status":"closed","ping_status":"closed","template":"","meta":{"_acf_changed":false,"inline_featured_image":false,"footnotes":""},"class_list":["post-3776","page","type-page","status-publish","hentry"],"acf":[],"_links":{"self":[{"href":"https:\/\/llambrich.com\/de\/wp-json\/wp\/v2\/pages\/3776","targetHints":{"allow":["GET"]}}],"collection":[{"href":"https:\/\/llambrich.com\/de\/wp-json\/wp\/v2\/pages"}],"about":[{"href":"https:\/\/llambrich.com\/de\/wp-json\/wp\/v2\/types\/page"}],"author":[{"embeddable":true,"href":"https:\/\/llambrich.com\/de\/wp-json\/wp\/v2\/users\/6"}],"replies":[{"embeddable":true,"href":"https:\/\/llambrich.com\/de\/wp-json\/wp\/v2\/comments?post=3776"}],"version-history":[{"count":0,"href":"https:\/\/llambrich.com\/de\/wp-json\/wp\/v2\/pages\/3776\/revisions"}],"up":[{"embeddable":true,"href":"https:\/\/llambrich.com\/de\/wp-json\/wp\/v2\/pages\/3771"}],"wp:attachment":[{"href":"https:\/\/llambrich.com\/de\/wp-json\/wp\/v2\/media?parent=3776"}],"curies":[{"name":"wp","href":"https:\/\/api.w.org\/{rel}","templated":true}]}}