{"id":3781,"date":"2023-04-18T20:38:29","date_gmt":"2023-04-18T20:38:29","guid":{"rendered":"https:\/\/llambrich.com\/surgical\/fabricacion\/"},"modified":"2024-04-26T09:16:29","modified_gmt":"2024-04-26T09:16:29","slug":"fertigung","status":"publish","type":"page","link":"https:\/\/llambrich.com\/de\/surgical\/fertigung\/","title":{"rendered":"Fertigung"},"content":{"rendered":"<section id=\"section-3-146\" class=\" ct-section section-header\" ><div class=\"ct-section-inner-wrap\"><div id=\"div_block-4-146\" class=\"ct-div-block mx-auto\" ><h1 id=\"headline-5-146\" class=\"ct-headline color-primary font-bold text-center mx-auto anim-word-reveal md-w-full page-title mb-8\">Qualit\u00e4t und Innovation weltweit\n<\/h1><div id=\"text_block-8-146\" class=\"ct-text-block w-3by4 mx-auto anim-word-reveal md-w-full text-center paragraf\" >Unsere Leidenschaft f\u00fcr Innovation hat uns dazu bewegt, Marktf\u00fchrer in der Herstellung von Edelstahl-Bohrfuttern mit hoher Pr\u00e4zision herzustellen. Wir haben uns zur Erforschung und Entwicklung zur andauernden Verbesserung unseres gesamten Produktsortiments verpflichtet, um der Branche neue L\u00f6sungen zu bieten.\n<\/div><\/div><\/div><\/section>\n\n<div class=\"wp-block-image\">\n<figure class=\"aligncenter size-large\"><img loading=\"lazy\" decoding=\"async\" width=\"1024\" height=\"680\" src=\"http:\/\/llambrich.com\/wp-content\/uploads\/2023\/05\/DSC_0093-1024x680.jpg\" alt=\"\" class=\"wp-image-1647\" srcset=\"https:\/\/llambrich.com\/wp-content\/uploads\/2023\/05\/DSC_0093-1024x680.jpg 1024w, https:\/\/llambrich.com\/wp-content\/uploads\/2023\/05\/DSC_0093-600x398.jpg 600w, https:\/\/llambrich.com\/wp-content\/uploads\/2023\/05\/DSC_0093-300x199.jpg 300w, https:\/\/llambrich.com\/wp-content\/uploads\/2023\/05\/DSC_0093-768x510.jpg 768w, https:\/\/llambrich.com\/wp-content\/uploads\/2023\/05\/DSC_0093.jpg 1500w\" sizes=\"auto, (max-width: 1024px) 100vw, 1024px\" \/><\/figure>\n<\/div>\n\n<section id=\"section-3-147\" class=\" ct-section\" ><div class=\"ct-section-inner-wrap\"><div id=\"div_block-4-147\" class=\"ct-div-block mb-16\" ><div id=\"text_block-5-147\" class=\"ct-text-block color-primary md-w-full anim-word-reveal texts-grans\" >Unser Engagement f\u00fcr die Erforschung und Entwicklung hat es uns erm\u00f6glicht, neue, einzigartige und innovative Produkte zu schaffen.\n<\/div><\/div><div id=\"div_block-7-147\" class=\"ct-div-block grid grid-cols-2 w-full md-grid-cols-1\" ><div id=\"div_block-8-147\" class=\"ct-div-block mt-12\" ><div id=\"text_block-11-147\" class=\"ct-text-block mx-auto my-auto md-w-full anim-word-reveal paragraf\" >Bei Llambrich bem\u00fchen wir uns darum, an der Spitze der Technologie und Innovation zu stehen, und arbeiten fortw\u00e4hrend am Design und der Fertigung von Bohrfuttern, die pr\u00e4ziser, dauerhafter und effizienter sind.\n<\/div><\/div><div id=\"div_block-9-147\" class=\"ct-div-block\" ><img decoding=\"async\"  id=\"image-10-147\" alt=\"\" src=\"http:\/\/llambrich.com\/wp-content\/uploads\/2023\/04\/Capa_1-1.svg\" class=\"ct-image md-mx-auto spin-on-scroll\"\/><\/div><\/div><\/div><\/section>\n\n<section id=\"section-8-1652\" class=\" ct-section section-pb-0 section-pt-sm\" ><div class=\"ct-section-inner-wrap\"><h2 id=\"headline-9-1652\" class=\"ct-headline text-8xl color-primary mx-auto anim-word-reveal text-center\">ZERTIFIZIERTE ROHSTOFFE&nbsp;<\/h2><div id=\"div_block-10-1652\" class=\"ct-div-block grid grid-cols-2 gap-8 md-grid-cols-1\" ><div id=\"div_block-11-1652\" class=\"ct-div-block\" ><img decoding=\"async\"  id=\"image-12-1652\" alt=\"\" src=\"http:\/\/llambrich.com\/wp-content\/uploads\/2023\/07\/llambrich-foto.jpg\" class=\"ct-image photo-animation\"\/><\/div><div id=\"div_block-13-1652\" class=\"ct-div-block h-full\" ><div id=\"text_block-14-1652\" class=\"ct-text-block my-auto w-2by3 md-w-full anim-word-reveal paragraf\" >Wir wissen, dass es in der Gesundheitsbranche entscheidend ist, die strengsten Standards und Regelungen einzuhalten, weshalb wir mit Edelstahl von h\u00f6chster Qualit\u00e4t (AISI 303 - AISI 431 - AISI 440B - AISI 420 - 17.4 PH) arbeiten.\n<\/div><\/div><\/div><\/div><\/section>\n\n<section id=\"section-9-1653\" class=\" ct-section\" ><div class=\"ct-section-inner-wrap\"><div id=\"div_block-10-1653\" class=\"ct-div-block grid grid-cols-2 w-full lg-grid-cols-1 gap-8\" ><div id=\"div_block-11-1653\" class=\"ct-div-block h-full\" ><div id=\"div_block-12-1653\" class=\"ct-div-block my-auto\" ><h2 id=\"headline-13-1653\" class=\"ct-headline lg-w-full mb-12 anim-word-reveal\">PROGRAMM<\/h2><div id=\"text_block-14-1653\" class=\"ct-text-block anim-word-reveal paragraf\" >Unser Programm zur Herstellung von chirurgischen Bohrfuttern umfasst einen strengen Prozess zur R\u00fcckverfolgbarkeit, von der Auswahl von hochwertigen Rohstoffen bis zum Prozess der Fertigung und der Lieferung von Produkten. Alles ist dokumentiert und zertifiziert, um maximale Sicherheit und Zuverl\u00e4ssigkeit zu garantieren.\n<\/div><\/div><\/div><div id=\"div_block-15-1653\" class=\"ct-div-block relative\" ><img decoding=\"async\"  id=\"image-16-1653\" alt=\"\" src=\"http:\/\/llambrich.com\/wp-content\/uploads\/2023\/07\/procesos-1.png\" class=\"ct-image mx-auto img-slide-down\"\/><img decoding=\"async\"  id=\"image-17-1653\" alt=\"\" src=\"http:\/\/llambrich.com\/wp-content\/uploads\/2023\/05\/circle_1.svg\" class=\"ct-image spin-on-scroll-reverse\"\/><\/div><\/div><\/div><\/section>\n\n<section id=\"section-4-211\" class=\" ct-section\" ><div class=\"ct-section-inner-wrap\"><div id=\"div_block-5-211\" class=\"ct-div-block grid grid-cols-2 w-full mb-16 gap-12 md-grid-cols-1\" ><div id=\"div_block-6-211\" class=\"ct-div-block\" ><div id=\"text_block-8-211\" class=\"ct-text-block color-primary font-bold text-4xl anim-word-reveal\" >Personalisierung&nbsp;<div>und I+D+i&nbsp;<\/div><\/div><\/div><div id=\"div_block-7-211\" class=\"ct-div-block\" ><div id=\"text_block-10-211\" class=\"ct-text-block w-5by6 md-w-full anim-word-reveal paragraf\" >Unser hochkompetentes und erfahrenes Team von Ingenieuren arbeitet eng mit unseren Kunden zusammenarbeiten, um ihre Bed\u00fcrfnisse zu verstehen und personalisierte L\u00f6sungen zu entwickeln, die den konkreten Anforderungen entsprechen.\n<\/div><\/div><\/div><div id=\"div_block-12-211\" class=\"ct-div-block grid grid-cols-2 gap-12 md-grid-cols-1\" ><div id=\"div_block-18-211\" class=\"ct-div-block\" ><div id=\"div_block-13-211\" class=\"ct-div-block py-16 mb-6\" ><img decoding=\"async\"  id=\"image-15-211\" alt=\"\" src=\"http:\/\/llambrich.com\/wp-content\/uploads\/2023\/07\/2-3-1V2.png\" class=\"ct-image bg-alt\"\/><\/div><a id=\"link_text-32-400\" class=\"ct-link-text mx-auto text-2xl color-primary\" href=\"https:\/\/llambrich.com\/de\/productos-quirurgico\/?_surgical_categories=portabrocas-quirurgicos-de\" target=\"_self\"  >Bohrfutter<\/a><\/div><div id=\"div_block-21-211\" class=\"ct-div-block\" ><div id=\"div_block-14-211\" class=\"ct-div-block mb-6\" ><img decoding=\"async\"  id=\"image-16-211\" alt=\"\" src=\"http:\/\/llambrich.com\/wp-content\/uploads\/2023\/07\/19-90V2.png\" class=\"ct-image py-16\"\/><\/div><a id=\"link_text-33-400\" class=\"ct-link-text mx-auto text-2xl color-primary\" href=\"https:\/\/llambrich.com\/de\/productos-quirurgico\/?_surgical_categories=llaves-de-apriete-de\" target=\"_self\"  >Schl\u00fcssel<\/a><\/div><\/div><\/div><\/section>\n\n<section id=\"section-17-1655\" class=\" ct-section bg-primary\" ><div class=\"ct-section-inner-wrap\"><div id=\"div_block-18-1655\" class=\"ct-div-block mb-16 py-12\" ><p id=\"text_block-19-1655\" class=\"ct-text-block color-primary text-center color-white anim-text-reveal texts-grans\" >Ein breites Sortiment an Bohrfuttern aus Edelstahl f\u00fcr den Gebrauch in orthop\u00e4discher und traumatologischer Chirurgie\n<\/p><\/div><div id=\"div_block-20-1655\" class=\"ct-div-block grid grid-cols-2 w-full md-grid-cols-1\" ><div id=\"div_block-21-1655\" class=\"ct-div-block \" ><div id=\"text_block-22-1655\" class=\"ct-text-block color-white font-bold anim-word-reveal sub-titol\" >Qualit\u00e4t und Sicherheit\n<\/div><\/div><div id=\"div_block-23-1655\" class=\"ct-div-block\" ><div id=\"div_block-24-1655\" class=\"ct-div-block mb-8 slide-in-block\" ><div id=\"text_block-26-1655\" class=\"ct-text-block color-white anim-word-reveal mb-2 font-bold fem-per\" >R\u00fcckverfolgbarkeit<\/div><div id=\"text_block-33-1655\" class=\"ct-text-block color-white anim-word-reveal\" >Die R\u00fcckverfolgbarkeit ist ein entscheidender Aspekt bei der Herstellung unserer Produkte, weshalb wir Nachverfolgungs- und Kontrollsystemen haben, um die R\u00fcckverfolgbarkeit aller unserer Bohrfutter zu garantieren.\n<\/div><\/div><div id=\"div_block-34-1655\" class=\"ct-div-block mb-8 slide-in-block\" ><div id=\"text_block-35-1655\" class=\"ct-text-block color-white anim-word-reveal mb-2 font-bold fem-per\" >Dokumentation<\/div><div id=\"text_block-36-1655\" class=\"ct-text-block color-white anim-word-reveal\" >Wir stellen sicher, dass jedes unserer Produkte vollst\u00e4ndig dokumentiert ist und w\u00e4hrend des Herstellungsprozesses eine konstante \u00dcberwachung durchgef\u00fchrt wird, um eine maximale Sicherheit und Zuverl\u00e4ssigkeit zu garantieren.\n<\/div><\/div><\/div><\/div><\/div><\/section>\n\n<section id=\"section-3-219\" class=\" ct-section section-pt-0\" ><div class=\"ct-section-inner-wrap\"><div id=\"new_columns-5-219\" class=\"ct-new-columns\" ><div id=\"div_block-6-219\" class=\"ct-div-block pb-12\" ><img decoding=\"async\"  id=\"image-8-219\" alt=\"\" src=\"http:\/\/llambrich.com\/wp-content\/uploads\/2023\/03\/tiro-aerogeneradores-montanas-1.png\" class=\"ct-image w-full\"\/><\/div><div id=\"div_block-7-219\" class=\"ct-div-block\" ><div id=\"div_block-9-219\" class=\"ct-div-block mt-24 mb-24\" ><div id=\"text_block-10-219\" class=\"ct-text-block color-primary font-bold mb-16 anim-text-reveal sub-titol\" >Nachhaltige&nbsp;<div>Herstellung&nbsp;<\/div><\/div><div id=\"text_block-12-219\" class=\"ct-text-block color-primary anim-text-reveal texts-grans\" >Bei Llambrich glauben wir an die soziale und \u00f6kologische Verantwortung als einen Grundpfeiler unserer Unternehmensphilosophie.\n<\/div><\/div><div id=\"text_block-14-219\" class=\"ct-text-block w-4by6 mx-auto lg-w-full anim-word-reveal paragraf\" >Daher haben wir nachhaltige Praktiken bei unserem Fertigungsprozess \u00fcbernommen, um unsere Umweltauswirkungen zu minimieren und die Schonung der Umweltressourcen zu f\u00f6rdern. Wir verwenden hochwertige Materialien und setzen fortgeschrittene und energieeffiziente Technologie ein, um unsere CO2-Bilanz zu reduzieren.\n<\/div><\/div><\/div><\/div><\/section>\n\n<section id=\"section-3-221\" class=\" ct-section section-pb-sm\" ><div class=\"ct-section-inner-wrap\"><div id=\"div_block-23-221\" class=\"ct-div-block\" ><div id=\"div_block-4-221\" class=\"ct-div-block grid grid-cols-2 w-3by4 mx-auto md-grid-cols-1\" ><div id=\"div_block-5-221\" class=\"ct-div-block\" ><div id=\"text_block-7-221\" class=\"ct-text-block color-primary mx-auto anim-text-reveal titol-seccio\" >Bestellen Sie bei uns\n<\/div><\/div><div id=\"div_block-6-221\" class=\"ct-div-block pl-28\" ><div id=\"text_block-9-221\" class=\"ct-text-block md-w-full anim-text-reveal mb-6 paragraf\" >Wir stellen personalisierte chirurgische Bohrfutter her, die darauf ausgelegt sind, Ihre Bed\u00fcrfnisse zu erf\u00fcllen.\n<\/div><div id=\"div_block-13-221\" class=\"ct-div-block \" ><div id=\"div_block-24-221\" class=\"ct-div-block relative button-transparent-primary button-animation\" ><a id=\"link-25-221\" class=\"ct-link px-2 py-1\" href=\"https:\/\/llambrich.com\/de\/surgical\/kontakt\/\" target=\"_self\"  ><div id=\"text_block-26-221\" class=\"ct-text-block mr-2 color-primary\" >KONTAKTIEREN SIE UNS\n<\/div><div id=\"fancy_icon-27-221\" class=\"ct-fancy-icon my-auto color-white icon-lg-primary\" ><svg id=\"svg-fancy_icon-27-221\"><use xlink:href=\"#Lineariconsicon-arrow-right\"><\/use><\/svg><\/div><\/a><\/div><\/div><\/div><\/div><div id=\"div_block-11-221\" class=\"ct-div-block grid grid-cols-2 w-full\" ><div id=\"div_block-12-221\" class=\"ct-div-block mt-auto mr-auto\" ><img decoding=\"async\"  id=\"image-14-221\" alt=\"\" src=\"http:\/\/llambrich.com\/wp-content\/uploads\/2023\/05\/Capa_1-1.svg\" class=\"ct-image\"\/><\/div><\/div><\/div><\/div><\/section>","protected":false},"excerpt":{"rendered":"","protected":false},"author":6,"featured_media":0,"parent":3771,"menu_order":0,"comment_status":"closed","ping_status":"closed","template":"","meta":{"_acf_changed":false,"inline_featured_image":false,"footnotes":""},"class_list":["post-3781","page","type-page","status-publish","hentry"],"acf":[],"_links":{"self":[{"href":"https:\/\/llambrich.com\/de\/wp-json\/wp\/v2\/pages\/3781","targetHints":{"allow":["GET"]}}],"collection":[{"href":"https:\/\/llambrich.com\/de\/wp-json\/wp\/v2\/pages"}],"about":[{"href":"https:\/\/llambrich.com\/de\/wp-json\/wp\/v2\/types\/page"}],"author":[{"embeddable":true,"href":"https:\/\/llambrich.com\/de\/wp-json\/wp\/v2\/users\/6"}],"replies":[{"embeddable":true,"href":"https:\/\/llambrich.com\/de\/wp-json\/wp\/v2\/comments?post=3781"}],"version-history":[{"count":0,"href":"https:\/\/llambrich.com\/de\/wp-json\/wp\/v2\/pages\/3781\/revisions"}],"up":[{"embeddable":true,"href":"https:\/\/llambrich.com\/de\/wp-json\/wp\/v2\/pages\/3771"}],"wp:attachment":[{"href":"https:\/\/llambrich.com\/de\/wp-json\/wp\/v2\/media?parent=3781"}],"curies":[{"name":"wp","href":"https:\/\/api.w.org\/{rel}","templated":true}]}}