{"id":3786,"date":"2023-04-18T20:53:30","date_gmt":"2023-04-18T20:53:30","guid":{"rendered":"https:\/\/llambrich.com\/surgical\/calidad\/"},"modified":"2024-04-10T14:37:31","modified_gmt":"2024-04-10T14:37:31","slug":"qualitaet","status":"publish","type":"page","link":"https:\/\/llambrich.com\/de\/surgical\/qualitaet\/","title":{"rendered":"Qualit\u00e4t"},"content":{"rendered":"<section id=\"section-3-227\" class=\" ct-section section-header overflow-hidden\" ><div class=\"ct-section-inner-wrap\"><h1 id=\"headline-4-227\" class=\"ct-headline text-center anim-word-reveal page-title\">Die Qualit\u00e4t, die Flagge unserer chirurgischen Produkte\n\n<\/h1><\/div><\/section>\n\n<div class=\"wp-block-image\">\n<figure class=\"aligncenter size-full\"><img loading=\"lazy\" decoding=\"async\" width=\"1024\" height=\"680\" src=\"http:\/\/llambrich.com\/wp-content\/uploads\/2023\/07\/DSC_0055-1024x680-1-1.jpg\" alt=\"\" class=\"wp-image-2504\" srcset=\"https:\/\/llambrich.com\/wp-content\/uploads\/2023\/07\/DSC_0055-1024x680-1-1.jpg 1024w, https:\/\/llambrich.com\/wp-content\/uploads\/2023\/07\/DSC_0055-1024x680-1-1-300x199.jpg 300w, https:\/\/llambrich.com\/wp-content\/uploads\/2023\/07\/DSC_0055-1024x680-1-1-768x510.jpg 768w, https:\/\/llambrich.com\/wp-content\/uploads\/2023\/07\/DSC_0055-1024x680-1-1-600x398.jpg 600w\" sizes=\"auto, (max-width: 1024px) 100vw, 1024px\" \/><\/figure>\n<\/div>\n\n<section id=\"section-3-229\" class=\" ct-section overflow-hidden\" ><div class=\"ct-section-inner-wrap\"><div id=\"div_block-4-229\" class=\"ct-div-block mb-24\" ><div id=\"text_block-5-229\" class=\"ct-text-block text-center color-primary anim-word-reveal texts-grans\" >Wir z\u00e4hlen auf die Bef\u00fcrwortung von \u00c4rzten und Krankenh\u00e4usern weltweit und einem Pr\u00fcfungsprozess bei unseren Fertigungsprozessen.\n<\/div><\/div><div id=\"div_block-7-229\" class=\"ct-div-block grid grid-cols-2 mb-24 md-grid-cols-1 gap-24\" ><div id=\"div_block-8-229\" class=\"ct-div-block\" ><div id=\"div_block-15-229\" class=\"ct-div-block md-mx-auto w-full spin-on-scroll\" ><img decoding=\"async\"  id=\"image-10-229\" alt=\"\" src=\"http:\/\/llambrich.com\/wp-content\/uploads\/2023\/04\/Capa_1-2.svg\" class=\"ct-image w-full\"\/><\/div><\/div><div id=\"div_block-9-229\" class=\"ct-div-block\" ><p id=\"text_block-11-229m\" class=\"ct-text-block anim-word-reveal mt-0 paragraf\" >Wir haben robuste Prozesse f\u00fcr Entwicklung, Fertigung, Distribution und Qualit\u00e4tskontrolle, die die Effizienz optimieren und die eigenen Kosten und die unserer Kunden minimieren.\n<\/p><\/div><\/div><div id=\"div_block-13-229\" class=\"ct-div-block\" ><h1 id=\"headline-14-229\" class=\"ct-headline color-primary anim-word-reveal all-caps-thin\">WIR HABEN&nbsp;<div>3 PATENTE\n<\/div><\/h1><\/div><\/div><\/section>\n\n<link rel=\"stylesheet\" href=\"https:\/\/cdnjs.cloudflare.com\/ajax\/libs\/Swiper\/5.4.5\/css\/swiper.min.css\" \/>\r\n<link rel=\"stylesheet\" href=\"https:\/\/cdn.jsdelivr.net\/npm\/glightbox\/dist\/css\/glightbox.min.css\" \/>\r\n\r\n<script src=\"https:\/\/cdnjs.cloudflare.com\/ajax\/libs\/Swiper\/5.4.5\/js\/swiper.min.js\"><\/script>\r\n<script src=\"https:\/\/cdn.jsdelivr.net\/gh\/mcstudios\/glightbox\/dist\/js\/glightbox.min.js\"><\/script>\r\n\r\n<section class=\"mb-10\">\r\n<div class=\"gallery-swiper-container\">\r\n<div class=\"swiper-wrapper\">\r\n\r\n        \r\n    <div class=\"swiper-slide gallery-swiper-slide\">\r\n\t\t\t\r\n\t\t\t<img decoding=\"async\" alt=\"\" src=\"https:\/\/llambrich.com\/wp-content\/uploads\/2023\/07\/1-1.jpg\" class=\"ct-image h-full w-full object-cover\">\r\n\t\t\t\r\n    <\/div>\r\n        \r\n    <div class=\"swiper-slide gallery-swiper-slide\">\r\n\t\t\t\r\n\t\t\t<img decoding=\"async\" alt=\"\" src=\"https:\/\/llambrich.com\/wp-content\/uploads\/2023\/07\/2-2.jpg\" class=\"ct-image h-full w-full object-cover\">\r\n\t\t\t\r\n    <\/div>\r\n        \r\n    <div class=\"swiper-slide gallery-swiper-slide\">\r\n\t\t\t\r\n\t\t\t<img decoding=\"async\" alt=\"\" src=\"https:\/\/llambrich.com\/wp-content\/uploads\/2023\/07\/3-2.jpg\" class=\"ct-image h-full w-full object-cover\">\r\n\t\t\t\r\n    <\/div>\r\n        \r\n    <div class=\"swiper-slide gallery-swiper-slide\">\r\n\t\t\t\r\n\t\t\t<img decoding=\"async\" alt=\"\" src=\"https:\/\/llambrich.com\/wp-content\/uploads\/2023\/07\/4-1.jpg\" class=\"ct-image h-full w-full object-cover\">\r\n\t\t\t\r\n    <\/div>\r\n        <\/div>\r\n<div class=\"swiper-pagination\"><\/div>\r\n<\/div>\r\n<div id=\"trailer\">\r\n  <i id=\"trailer-icon\" class=\"fa-solid fa-arrow-up-right\"><\/i>\r\n<\/div>\r\n<\/section>\n\n\n<section id=\"section-16-417\" class=\" ct-section section-pb-0\" ><div class=\"ct-section-inner-wrap\"><div id=\"div_block-17-417\" class=\"ct-div-block w-4by6 py-12 mb-16 ml-auto lg-mx-auto lg-w-full\" ><div id=\"text_block-18-417\" class=\"ct-text-block color-primary anim-word-reveal texts-grans\" >Bei Llambrich arbeiten wir daran, hinsichtlich Technologie und Innovation auf dem neuesten Stand zu sein.\n<\/div><\/div><div id=\"new_columns-19-417\" class=\"ct-new-columns mb-36 sub-titol\" ><div id=\"div_block-20-417\" class=\"ct-div-block\" ><div id=\"text_block-21-417\" class=\"ct-text-block font-bold color-primary text-descripcio\" >Patente<\/div><\/div><div id=\"div_block-22-417\" class=\"ct-div-block\" ><a id=\"link_text-56-417\" class=\"ct-link-text mb-6 color-primary titol-seccio anim-text-reveal\" href=\"http:\/\/llambrich.com\/productos-quirurgico\/sph-inox\/\" target=\"_self\"  >SPH INOX<\/a><div id=\"text_block-23-417\" class=\"ct-text-block anim-word-reveal mb-12 paragraf\" >Das Bohrfutter SPH Inox \u201eHybrid\u201c, das die Pr\u00e4zision eines Bohrfutters ohne Schl\u00fcssel und eine bis zu doppelt so hohe Anpresskraft wie die eines Bohrfutters mit herk\u00f6mmlichem Schl\u00fcssel kombiniert.\n<\/div><\/div><\/div><div id=\"new_columns-39-417\" class=\"ct-new-columns mb-20\" ><div id=\"div_block-40-417\" class=\"ct-div-block\" ><\/div><div id=\"div_block-42-417\" class=\"ct-div-block\" ><h2 id=\"headline-62-417\" class=\"ct-headline color-primary titol-seccio anim-text-reveal mb-6\">SPT INOX<\/h2><div id=\"text_block-44-417\" class=\"ct-text-block anim-word-reveal mb-12 paragraf\" >Das Bohrfutter SPT Inox, entwickelt ohne Schl\u00fcssel aber mit einem neuartigen Sperrverschluss, der das Abrutschen des chirurgischen Werkzeugs in beide Drehrichtungen verhindert.\n \n<\/div><\/div><\/div><div id=\"new_columns-45-417\" class=\"ct-new-columns mb-20\" ><div id=\"div_block-46-417\" class=\"ct-div-block\" ><\/div><div id=\"div_block-47-417\" class=\"ct-div-block\" ><a id=\"link_text-58-417\" class=\"ct-link-text mb-6 color-primary titol-seccio anim-text-reveal\" href=\"http:\/\/llambrich.com\/productos-quirurgico\/spq-inox\/\" target=\"_self\"  >SPQ INOX<\/a><div id=\"text_block-49-417\" class=\"ct-text-block anim-word-reveal mb-12 paragraf\" >Und schlie\u00dflich das Bohrfutter SPQ Inox, die neue Generation der Bohrfutter ohne Schl\u00fcssel und mit Blockiersystem, gedacht als \u201eZwei-in-einem\u201c-Bohrfutter\n<\/div><\/div><\/div><\/div><\/section><section id=\"section-31-417\" class=\" ct-section section-pt-0 bg\" style=\"background-image:url(http:\/\/llambrich.com\/wp-content\/uploads\/2023\/07\/11-2-V2-1.png);background-size: contain;\" ><div class=\"ct-section-inner-wrap\"><div id=\"div_block-25-417\" class=\"ct-div-block w-full\" ><div id=\"div_block-26-417\" class=\"ct-div-block mb-16 md-w-full w-full\" ><div id=\"text_block-27-417\" class=\"ct-text-block color-primary anim-word-reveal\" >QUALIT\u00c4TSPR\u00dcFUNG<\/div><div id=\"text_block-29-417\" class=\"ct-text-block anim-word-reveal w-4by6 ml-auto md-w-full paragraf\" >Wir verwenden strenge Qualit\u00e4tskontrollen w\u00e4hrend des gesamten Herstellungsprozesses an, um zu garantieren, dass jedes Bohrfutter die h\u00f6chsten Standards der Branche erf\u00fcllt.\n<\/div><\/div><\/div><\/div><\/section>\n\n<section id=\"section-3-221\" class=\" ct-section section-pb-sm\" ><div class=\"ct-section-inner-wrap\"><div id=\"div_block-23-221\" class=\"ct-div-block\" ><div id=\"div_block-4-221\" class=\"ct-div-block grid grid-cols-2 w-3by4 mx-auto md-grid-cols-1\" ><div id=\"div_block-5-221\" class=\"ct-div-block\" ><div id=\"text_block-7-221\" class=\"ct-text-block color-primary mx-auto anim-text-reveal titol-seccio\" >Wir h\u00f6ren zu\n<\/div><\/div><div id=\"div_block-6-221\" class=\"ct-div-block pl-28\" ><div id=\"text_block-9-221\" class=\"ct-text-block md-w-full anim-text-reveal mb-6 paragraf\" >Wir verpflichten uns gegen\u00fcber unseren Kunden. Wenn Sie Zweifel haben, stehen wir Ihnen zur Verf\u00fcgung.\n<\/div><div id=\"div_block-13-221\" class=\"ct-div-block \" ><div id=\"div_block-24-221\" class=\"ct-div-block relative button-transparent-primary button-animation\" ><a id=\"link-25-221\" class=\"ct-link px-2 py-1\" href=\"https:\/\/llambrich.com\/de\/surgical\/kontakt\/\" target=\"_self\"  ><div id=\"text_block-26-221\" class=\"ct-text-block mr-2 color-primary\" >KONTAKTIEREN SIE UNS\n<\/div><div id=\"fancy_icon-27-221\" class=\"ct-fancy-icon my-auto color-white icon-lg-primary\" ><svg id=\"svg-fancy_icon-27-221\"><use xlink:href=\"#Lineariconsicon-arrow-right\"><\/use><\/svg><\/div><\/a><\/div><\/div><\/div><\/div><div id=\"div_block-11-221\" class=\"ct-div-block grid grid-cols-2 w-full\" ><div id=\"div_block-12-221\" class=\"ct-div-block mt-auto mr-auto\" ><img decoding=\"async\"  id=\"image-14-221\" alt=\"\" src=\"http:\/\/llambrich.com\/wp-content\/uploads\/2023\/05\/Capa_1-1.svg\" class=\"ct-image\"\/><\/div><\/div><\/div><\/div><\/section>","protected":false},"excerpt":{"rendered":"","protected":false},"author":6,"featured_media":0,"parent":3771,"menu_order":0,"comment_status":"closed","ping_status":"closed","template":"","meta":{"_acf_changed":false,"inline_featured_image":false,"footnotes":""},"class_list":["post-3786","page","type-page","status-publish","hentry"],"acf":[],"_links":{"self":[{"href":"https:\/\/llambrich.com\/de\/wp-json\/wp\/v2\/pages\/3786","targetHints":{"allow":["GET"]}}],"collection":[{"href":"https:\/\/llambrich.com\/de\/wp-json\/wp\/v2\/pages"}],"about":[{"href":"https:\/\/llambrich.com\/de\/wp-json\/wp\/v2\/types\/page"}],"author":[{"embeddable":true,"href":"https:\/\/llambrich.com\/de\/wp-json\/wp\/v2\/users\/6"}],"replies":[{"embeddable":true,"href":"https:\/\/llambrich.com\/de\/wp-json\/wp\/v2\/comments?post=3786"}],"version-history":[{"count":0,"href":"https:\/\/llambrich.com\/de\/wp-json\/wp\/v2\/pages\/3786\/revisions"}],"up":[{"embeddable":true,"href":"https:\/\/llambrich.com\/de\/wp-json\/wp\/v2\/pages\/3771"}],"wp:attachment":[{"href":"https:\/\/llambrich.com\/de\/wp-json\/wp\/v2\/media?parent=3786"}],"curies":[{"name":"wp","href":"https:\/\/api.w.org\/{rel}","templated":true}]}}