{"id":3800,"date":"2023-03-10T12:34:22","date_gmt":"2023-03-10T12:34:22","guid":{"rendered":"https:\/\/llambrich.com\/politica-de-privacidad\/"},"modified":"2024-04-10T11:53:07","modified_gmt":"2024-04-10T11:53:07","slug":"politica-de-privacidad","status":"publish","type":"page","link":"https:\/\/llambrich.com\/de\/politica-de-privacidad\/","title":{"rendered":"DATENSCHUTZERKL\u00c4RUNG"},"content":{"rendered":"\n<h2 class=\"wp-block-heading has-text-align-center has-medium-font-size\"><strong>Informationen im Einklang mit der Datenschutzrichtlinie<\/strong><\/h2>\n\n\n\n<p>In Europa und Spanien gibt es Datenschutzrichtlinien zum Schutz Ihrer personenbezogenen Daten, die von unserem Unternehmen eingehalten werden m\u00fcssen.<\/p>\n\n\n\n<p>Daher ist es sehr wichtig f\u00fcr uns, perfekt zu verstehen, was wir mit den von Ihnen verlangten personenbezogenen Daten tun werden.<\/p>\n\n\n\n<p>So werden wir transparent sein und Ihnen die Kontrolle \u00fcber Ihre Daten geben, in einer einfachen Sprache und mit klaren Optionen, die es Ihnen erm\u00f6glichen, zu entscheiden, was wir mit Ihren personenbezogenen Informationen tun werden.<\/p>\n\n\n\n<p>Wenn Sie Fragen haben, nachdem Sie die vorliegenden Informationen gelesen haben, kontaktieren Sie uns.<\/p>\n\n\n\n<p>Vielen Dank f\u00fcr Ihre Zusammenarbeit.<\/p>\n\n\n\n<ul class=\"wp-block-list\">\n<li><strong>\u00dcber uns<\/strong>\n<ul class=\"wp-block-list\">\n<li>Unser Name: <strong>LLAMBRICH PRECISI\u00d3N S.L.<\/strong><\/li>\n\n\n\n<li>Unser CIF \/ NIF: <strong>B08102709<\/strong><\/li>\n\n\n\n<li>Unsere Hauptaktivit\u00e4t:<strong> Herstellung von Maschinen und Werkzeugen<\/strong><\/li>\n\n\n\n<li>Unsere Adresse: <strong>Avenida Mare de D\u00e9u de Bellvitge 271-273, CP 08907, L'Hospitalet de Llobregat (Barcelona)<\/strong><\/li>\n\n\n\n<li>Unser Kontakttelefon: <strong>932649620<\/strong><\/li>\n\n\n\n<li>Unsere Kontakt-E-Mail: <strong>admon@llambrich.com<\/strong><\/li>\n\n\n\n<li>Unsere Webseite: <strong>www.llambrich.com<\/strong><\/li>\n\n\n\n<li>F\u00fcr Ihr Vertrauen und Sicherheit informieren wir Sie, dass wir eine im folgenden Handelsregister\/\u00f6ffentlichen Register eingetragene Organisation sind: <strong>Seite 5103, Seite 38, Volumen 973, Buch 470, Abschnitt 2, Eintrag 1<\/strong><\/li>\n<\/ul>\n<\/li>\n<\/ul>\n\n\n\n<p>Z\u00f6gern Sie nicht, mit uns Kontakt aufzunehmen.<\/p>\n\n\n\n<ul class=\"wp-block-list\">\n<li><strong>Wof\u00fcr werden wir Ihre Daten verwenden?<\/strong><\/li>\n<\/ul>\n\n\n\n<p>Im Allgemeinen werden Ihre personenbezogenen Daten verwendet, um mit Ihnen Kontakt aufzunehmen und Ihnen unsere Dienstleistungen anzubieten.<\/p>\n\n\n\n<p>Au\u00dferdem k\u00f6nnen sie f\u00fcr andere Aktivit\u00e4ten verwendet werden, darunter um Ihnen Werbung zu senden und unsere Aktivit\u00e4ten zu bewerben.<\/p>\n\n\n\n<ul class=\"wp-block-list\">\n<li><strong>Warum m\u00fcssen wir Ihre Daten verwenden?<\/strong><\/li>\n<\/ul>\n\n\n\n<p>Ihre personenbezogenen Daten sind erforderlich, um mit Ihnen Kontakt aufzunehmen und Ihnen unsere Dienstleistungen anzubieten. In diesem Sinn stellen wir Ihnen eine Reihe von Kontroll\u00e4stchen zur Verf\u00fcgung, \u00fcber die Sie leicht und deutlich \u00fcber die Nutzung Ihrer personenbezogenen Informationen entscheiden k\u00f6nnen.<\/p>\n\n\n\n<ul class=\"wp-block-list\">\n<li><strong>Wer wird die Informationen kennen, die wir von Ihnen verlangen?<\/strong><\/li>\n<\/ul>\n\n\n\n<p>Im Allgemeinen wird nur das Personal unserer Organisation, welches entsprechend daf\u00fcr autorisiert ist, die Informationen kennen, die wir von Ihnen verlangen.<\/p>\n\n\n\n<p>Gleicherma\u00dfen werden auch diejenigen Organisationen Ihre Informationen kennen, die Zugriff darauf ben\u00f6tigen, damit wir Ihnen unsere Dienstleistungen bereitstellen k\u00f6nnen. So wird zum Beispiel unsere Bank Ihre Daten kennen, wenn die Zahlung unserer Dienstleistungen mit einer Kreditkarte oder durch eine Bank\u00fcberweisung erfolgt.<\/p>\n\n\n\n<p>Des Weiteren werden Ihre Informationen diejenigen \u00f6ffentlichen oder privaten Organisationen kennen, denen wir Ihre personenbezogenen Daten \u00fcbermitteln m\u00fcssen, um ein bestimmtes Gesetz einzuhalten. Als Beispiel verpflichtet das Steuergesetz uns dazu, bestimmte Informationen \u00fcber wirtschaftliche Operationen, die eine bestimmte Menge \u00fcbertreffen, der Steuerbeh\u00f6rde bereitzustellen.<\/p>\n\n\n\n<p>Wenn wir neben den erw\u00e4hnten Szenarien Ihre pers\u00f6nlichen Informationen an weitere Organisationen weitergeben m\u00fcssen, bitten wir Sie im Voraus um Erlaubnis mit klaren Optionen, mit denen Sie in dieser Hinsicht entscheiden k\u00f6nnen.<\/p>\n\n\n\n<ul class=\"wp-block-list\">\n<li><strong>Wie werden wir Ihre Daten sch\u00fctzen?<\/strong><\/li>\n<\/ul>\n\n\n\n<p>Wir sch\u00fctzen Ihre Daten mit effizienten Sicherheitsma\u00dfnahmen vor Risiken verbunden mit der Nutzung Ihrer Informationen.<\/p>\n\n\n\n<p>Hierzu hat unsere Organisation eine Datenschutzrichtlinie genehmigt und es werden j\u00e4hrliche Kontrollen und \u00dcberpr\u00fcfungen durchgef\u00fchrt, um zu \u00fcberpr\u00fcfen, dass Ihre personenbezogenen Daten immer sicher sind.<\/p>\n\n\n\n<ul class=\"wp-block-list\">\n<li><strong>Senden wir Ihre Daten an andere L\u00e4nder?<\/strong><\/li>\n<\/ul>\n\n\n\n<p>In der Welt gibt es L\u00e4nder, die sicher f\u00fcr Ihre Daten sind, und andere, die nicht ganz so sicher sind. So ist zum Beispiel die Europ\u00e4ische Union ein sicheres Umfeld f\u00fcr Ihre Daten. Es ist unsere Vorgehensweise, Ihre personenbezogenen Informationen an keine L\u00e4nder zu senden, die hinsichtlich des Datenschutzes nicht sicher sind.<\/p>\n\n\n\n<p>Wenn es erforderlich ist, Ihre Daten an ein Land zu senden, das nicht so sicher wie Spanien ist, um Ihnen die Dienstleistung anzubieten, werden wir Sie immer um Ihre Erlaubnis bitten und wir werden effektive Sicherheitsma\u00dfnahmen anwenden, die die Risiken der Sendung Ihrer personenbezogenen Informationen in ein anderes Land reduzieren.<\/p>\n\n\n\n<ul class=\"wp-block-list\">\n<li><strong>Wie lange werden wir Ihre Daten aufbewahren?<\/strong><\/li>\n<\/ul>\n\n\n\n<p>Wir werden Ihre Daten w\u00e4hrend unserer Gesch\u00e4ftsbeziehung und solange wie uns die Gesetze dazu verpflichten aufbewahren. Sobald die geltenden gesetzlichen Zeitr\u00e4ume abgelaufen sind, vernichten wir sie auf eine sichere und umweltbewusste Weise.<\/p>\n\n\n\n<ul class=\"wp-block-list\">\n<li><strong>Welche sind Ihre Datenschutzrechte?<\/strong><\/li>\n<\/ul>\n\n\n\n<p>Sie k\u00f6nnen sich jederzeit an uns wenden, um zu erfahren, welche Informationen wir \u00fcber Sie haben, um sie zu korrigieren, wenn sie nicht stimmen, und um sie zu vernichten, sobald unsere Gesch\u00e4ftsbeziehung beendet ist, sofern dies rechtlich m\u00f6glich ist.<\/p>\n\n\n\n<p>Sie haben auch das Recht, die \u00dcbertragung Ihrer Informationen an eine andere Organisation zu beantragen. Dieses Recht hei\u00dft \u201e\u00dcbertragbarkeit\u201c und kann in bestimmten Situationen n\u00fctzlich sein.<\/p>\n\n\n\n<p>Um eines dieser Rechte auszu\u00fcben, m\u00fcssen Sie einen schriftlichen Antrag bei unserer Gesch\u00e4ftsleitung zusammen mit einer Fotokopie Ihres Personalausweises einreichen, um Sie zu identifizieren.<\/p>\n\n\n\n<p>In den B\u00fcros unseres Unternehmens haben wir spezielle Formulare, um diese Rechte auszu\u00fcben, und wir bieten Ihnen unsere Hilfe an, um sie auszuf\u00fcllen.<\/p>\n\n\n\n<p>Um mehr \u00fcber Ihre Datenschutzrechte zu erfahren, k\u00f6nnen Sie die Webseite der spanischen Datenschutzbeh\u00f6rde (<a href=\"http:\/\/www.agpd.es\">www.agpd.es<\/a>) besuchen.<\/p>\n\n\n\n<ul class=\"wp-block-list\">\n<li><strong>K\u00f6nnen Sie Ihre Einwilligung zur\u00fcckziehen, wenn Sie sp\u00e4ter Ihre Meinung \u00e4ndern?<\/strong><\/li>\n<\/ul>\n\n\n\n<p>Sie k\u00f6nnen jederzeit Ihre Einwilligung zur\u00fcckziehen, wenn Sie Ihre Meinung \u00fcber die Nutzung Ihrer Daten \u00e4ndern.<\/p>\n\n\n\n<p>Wenn Sie zum Beispiel zu einem bestimmten Zeitpunkt daran interessiert waren, Werbung \u00fcber unsere Produkte oder Dienstleistungen zu erhalten, jetzt aber keine Werbung mehr erhalten m\u00f6chten, k\u00f6nnen Sie uns das mit dem Formular zur Ablehnung der Bearbeitung in den B\u00fcros unserer Organisation mitteilen.<\/p>\n\n\n\n<ul class=\"wp-block-list\">\n<li><strong>Wenn Sie davon ausgehen, dass Ihre Rechte nicht beachtet wurden, wo k\u00f6nnen Sie eine Beschwerde einreichen?<\/strong><\/li>\n<\/ul>\n\n\n\n<p>Wenn Sie davon ausgehen, dass Ihre Rechte nicht durch unsere Organisation beachtet wurden, k\u00f6nnen Sie bei der spanischen Datenschutzbeh\u00f6rde oder \u00fcber eine der folgenden Methoden eine Beschwerde einreichen:<\/p>\n\n\n\n<ul class=\"wp-block-list\">\n<li>Webseite: www.agpd.es<\/li>\n\n\n\n<li>Postanschrift:<\/li>\n<\/ul>\n\n\n\n<p>Agencia Espa\u00f1ola de Protecci\u00f3n de Datos<br>C\/ Jorge Juan, 6<br>28001-Madrid&nbsp;<\/p>\n\n\n\n<ul class=\"wp-block-list\">\n<li>Telefonnummer:<\/li>\n<\/ul>\n\n\n\n<p>Telf. 901 100 099&nbsp;<\/p>\n\n\n\n<p>Telf. 91 266 35 17<\/p>\n\n\n\n<p>Eine Beschwerde bei der spanischen Datenschutzbeh\u00f6rde einzureichen ist kostenlos und es muss kein Rechtsanwalt oder Prokurist zu Rate gezogen werden.<\/p>\n\n\n\n<ul class=\"wp-block-list\">\n<li><strong>Werden wir Profile \u00fcber Sie erstellen?<\/strong><\/li>\n<\/ul>\n\n\n\n<p>Es ist unsere Richtlinie, keine Profile von Nutzern unserer Dienstleistungen zu erstellen.<\/p>\n\n\n\n<p>Es k\u00f6nnen sich jedoch Situationen ereignen, in denen wir zur Bereitstellung der Dienstleistung, f\u00fcr Werbezwecke oder aus anderen Gr\u00fcnden Profile mit Informationen \u00fcber Sie erstellen m\u00fcssen. Ein Beispiel k\u00f6nnte die Nutzung Ihrer Einkaufs- oder Dienstleistungshistorie sein, um Ihnen Produkte oder Dienstleistungen anzubieten, die an Ihre Vorlieben oder Bed\u00fcrfnisse angepasst sind.<\/p>\n\n\n\n<p>In diesem Fall werden wir effiziente Sicherheitsma\u00dfnahmen anwenden, die Ihre Informationen jederzeit vor Unbefugte sch\u00fctzen werden, die sie zu ihrem pers\u00f6nlichen Vorteil benutzen wollen.<\/p>\n\n\n\n<ul class=\"wp-block-list\">\n<li><strong>Werden wir Ihre Daten f\u00fcr andere Zwecke verwenden?<\/strong><\/li>\n<\/ul>\n\n\n\n<p>Es ist unsere Richtlinie, Ihre Daten nicht f\u00fcr andere Zwecke als die hier erkl\u00e4rten zu verwenden. Wenn wir Ihre Daten aber f\u00fcr andere Aktivit\u00e4ten verwenden m\u00fcssten, w\u00fcrden wir Sie immer vorher um Erlaubnis bitten mit klaren Optionen, mit denen Sie in dieser Hinsicht entscheiden k\u00f6nnen.<\/p>\n","protected":false},"excerpt":{"rendered":"<p>Informationen im Einklang mit der Datenschutzrichtlinie In Europa und Spanien gibt es Datenschutzrichtlinien zum Schutz Ihrer personenbezogenen Daten, die von unserem Unternehmen eingehalten werden m\u00fcssen. Daher ist es sehr wichtig f\u00fcr uns, perfekt zu verstehen, was wir mit den von Ihnen verlangten personenbezogenen Daten tun werden. So werden wir transparent sein und Ihnen die Kontrolle [&hellip;]<\/p>\n","protected":false},"author":6,"featured_media":0,"parent":0,"menu_order":0,"comment_status":"closed","ping_status":"closed","template":"","meta":{"_acf_changed":false,"inline_featured_image":false,"footnotes":""},"class_list":["post-3800","page","type-page","status-publish","hentry"],"acf":[],"_links":{"self":[{"href":"https:\/\/llambrich.com\/de\/wp-json\/wp\/v2\/pages\/3800","targetHints":{"allow":["GET"]}}],"collection":[{"href":"https:\/\/llambrich.com\/de\/wp-json\/wp\/v2\/pages"}],"about":[{"href":"https:\/\/llambrich.com\/de\/wp-json\/wp\/v2\/types\/page"}],"author":[{"embeddable":true,"href":"https:\/\/llambrich.com\/de\/wp-json\/wp\/v2\/users\/6"}],"replies":[{"embeddable":true,"href":"https:\/\/llambrich.com\/de\/wp-json\/wp\/v2\/comments?post=3800"}],"version-history":[{"count":0,"href":"https:\/\/llambrich.com\/de\/wp-json\/wp\/v2\/pages\/3800\/revisions"}],"wp:attachment":[{"href":"https:\/\/llambrich.com\/de\/wp-json\/wp\/v2\/media?parent=3800"}],"curies":[{"name":"wp","href":"https:\/\/api.w.org\/{rel}","templated":true}]}}