{"id":3803,"date":"2023-05-16T08:53:26","date_gmt":"2023-05-16T08:53:26","guid":{"rendered":"https:\/\/llambrich.com\/politica-de-cookies\/"},"modified":"2024-04-11T08:10:17","modified_gmt":"2024-04-11T08:10:17","slug":"politica-de-cookies","status":"publish","type":"page","link":"https:\/\/llambrich.com\/de\/politica-de-cookies\/","title":{"rendered":"COOKIE-RICHTLINIE"},"content":{"rendered":"\n<p><a href=\"http:\/\/llambrich.com\/politica-de-cookies\/#\"><\/a><\/p>\n\n\n\n<p>Willkommen zur <strong>COOKIE-RICHTLINIE<\/strong> der Webseite der Organisation LLAMBRICH PRECISI\u00d3N S.L. mit NIF B08102709, in der wir Ihnen in einer klaren und einfachen Sprache alle erforderlichen Punkte erkl\u00e4ren k\u00f6nnen, damit Sie je nach Ihren pers\u00f6nlichen Entscheidungen die Kontrolle dar\u00fcber haben k\u00f6nnen.<\/p>\n\n\n\n<ul class=\"wp-block-list\">\n<li><strong>WAS SIND COOKIES UND WOF\u00dcR VERWENDEN WIR SIE?<\/strong><\/li>\n<\/ul>\n\n\n\n<p>Ein Cookie oder Keks ist eine kleine Informationsdatei, die auf Ihrem Computer, Smartphone oder Tablet gespeichert wird, jedes Mal wenn Sie unsere Webseite besuchen.<\/p>\n\n\n\n<p>Im Prinzip ist ein Cookie ungef\u00e4hrlich: es enth\u00e4lt keine Viren, Trojaner, W\u00fcrmer usw., die Ihr Datenendger\u00e4t besch\u00e4digen k\u00f6nnten, aber es hat doch Auswirkungen auf Ihr Recht auf den Schutz Ihrer personenbezogenen Daten, denn es erfasst bestimmte Informationen \u00fcber Ihre Person (Surfgewohnheiten, Identit\u00e4t, Pr\u00e4ferenzen usw.).<\/p>\n\n\n\n<p>Deswegen wird die Aktivierung von bestimmten Arten von Cookies gem\u00e4\u00df der geltenden Vorschriften (LSSI und geltende Vorschriften \u00fcber den Schutz personenbezogener Daten) Ihre Genehmigung im Voraus erfordern.<\/p>\n\n\n\n<p>Aber vorher geben wir Ihnen einige zus\u00e4tzliche Informationen, die Ihnen helfen werden, eine bessere Entscheidung dar\u00fcber zu treffen:<\/p>\n\n\n\n<ol class=\"wp-block-list\">\n<li>Cookies k\u00f6nnen verschiedene Funktionen haben:<\/li>\n<\/ol>\n\n\n\n<ul class=\"wp-block-list\">\n<li>Technische Cookies sind erforderlich, damit unsere Webseite funktionieren kann, ben\u00f6tigen nicht Ihre Zustimmung und sind die einzigen, die wir standardm\u00e4\u00dfig aktiviert haben.<\/li>\n\n\n\n<li>Der Rest der Cookies ist hilfreich, um unsere Webseite zu verbessern, um sie entsprechend Ihrer Pr\u00e4ferenzen zu personalisieren, oder um Ihnen Werbung zu zeigen, die auf Ihre Suchen, Vorlieben und pers\u00f6nlichen Interessen angepasst ist. Sie k\u00f6nnen alle diese Cookies annehmen, indem Sie auf die Schaltfl\u00e4che <strong>ANNEHMEN<\/strong> klicken, diese konfigurieren oder ihren Gebrauch ablehnen, indem Sie auf den Abschnitt <strong>KONFIGURATION VON COOKIES<\/strong> klicken.<\/li>\n<\/ul>\n\n\n\n<ol class=\"wp-block-list\" start=\"2\">\n<li>Einige Cookies geh\u00f6ren uns (wir nennen sie <strong>eigene Cookies<\/strong>) und andere geh\u00f6ren externen Unternehmen, die Dienstleistungen f\u00fcr unsere Webseite anbieten (wir werden sie Cookies von Drittparteien nennen: ein Beispiel k\u00f6nnten die <strong>Cookies von externen<\/strong> Anbietern wie Google sein). In diesem Sinne ist es wichtig, dass Sie wissen, dass sich manche dieser externen Anbieter au\u00dferhalb von Spanien befinden.<\/li>\n<\/ol>\n\n\n\n<p>Weltweit haben nicht alle L\u00e4nder das selbe Datenschutzniveau, da manche L\u00e4nder sicherer sind als andere (die Europ\u00e4ische Union ist zum Beispiel ein sicherer Ort f\u00fcr Ihre Daten). Unsere Richtlinie besteht darin, uns an zuverl\u00e4ssige Anbieter zu wenden, die, unabh\u00e4ngig, ob sie sich in der Europ\u00e4ischen Union befinden oder nicht, die geeigneten Garantien zum Schutz Ihrer pers\u00f6nlichen Informationen \u00fcbernommen haben. Nichtsdestotrotz k\u00f6nnen Sie im Abschnitt <strong>WELCHE ART VON COOKIES WERDEN AKTUELL AUF UNSERER WEBSEITE VERWENDET?<\/strong> die verschiedenen Datenschutzrichtlinien f\u00fcr jeden einzelnen der erw\u00e4hnten externen Anbieter einsehen, um eine bewusste Entscheidung \u00fcber die Aktivierung oder nicht der <strong>Cookies von Drittparteien<\/strong> zu treffen, die unsere Webseite verwenden.<\/p>\n\n\n\n<ol class=\"wp-block-list\" start=\"3\">\n<li>Schlie\u00dflich m\u00f6chten wir Ihnen mitteilen, dass es je nach dem Zeitraum, den sie aktiv bleiben, zwei Arten von Cookies gibt:<\/li>\n<\/ol>\n\n\n\n<ul class=\"wp-block-list\">\n<li><strong>Sitzungscookies:<\/strong> laufen automatisch ab, wenn Sie die Sitzung bei Ihrem Computer, Smartphone oder Tablet beenden. Diese werden normalerweise angewendet, um die erforderlichen Informationen zu speichern, w\u00e4hrend eine Dienstleistung nur ein einziges Mal angeboten wird.<\/li>\n\n\n\n<li><strong>Persistente Cookies: <\/strong>bleiben auf Ihrem Computer, Smartphone oder Tablet f\u00fcr einen bestimmten Zeitraum gespeichert, der zwischen wenigen Minuten und mehreren Jahren dauern kann.<\/li>\n\n\n\n<li><strong>WELCHE ART VON COOKIES K\u00d6NNEN WIR AUF UNSERER WEBSEITE VERWENDEN?<\/strong><\/li>\n\n\n\n<li><strong>Technische Cookies:<\/strong><\/li>\n<\/ul>\n\n\n\n<p>Technische Cookies sind unbedingt erforderlich, damit unsere Webseite funktioniert und Sie auf ihr navigieren k\u00f6nnen. Diese Art von Cookies sind es, die es uns zum Beispiel erm\u00f6glichen, Sie zu identifizieren, Ihnen Zugriff auf bestimmte beschr\u00e4nkte Teile der Seite zu geben, falls erforderlich, oder uns verschiedene Optionen oder Dienstleistungen zu merken, die Sie ausgew\u00e4hlt haben, wie zum Beispiel Ihre Datenschutzeinstellungen. Daher sind<strong> sie standardm\u00e4\u00dfig aktiviert, sodass Ihre Genehmigung nicht erforderlich ist.<\/strong><\/p>\n\n\n\n<p>\u00dcber die Konfiguration Ihres Browsers k\u00f6nnen Sie das Vorhandensein dieser Art von Cookies blockieren oder darauf aufmerksam gemacht werden, auch wenn eine solche Blockierung die Funktionsweise verschiedener Funktionen unserer Webseite beeintr\u00e4chtigen wird.<\/p>\n\n\n\n<ul class=\"wp-block-list\">\n<li><strong>Analysecookies<\/strong><\/li>\n<\/ul>\n\n\n\n<p>Die Analysecookies erm\u00f6glichen es uns, die Navigation der Nutzer auf unserer Webseite allgemein zu untersuchen (zum Beispiel, welche Abschnitte der Seite am meisten besucht werden, welche Dienstleistungen am meisten verwendet werden und ob diese richtig funktionieren usw.).<\/p>\n\n\n\n<p>Mit den statistischen Informationen \u00fcber die Navigation auf unserer Webseite k\u00f6nnen wir sowohl die Funktionsweise der Seite als auch verschiedene Dienstleistungen der Seite verbessern. Daher haben diese Cookies <strong>keinen Werbezweck<\/strong>, sondern haben nur die Absicht, unsere Webseite zu verbessern, indem sie auf unserer Benutzer allgemein angepasst wird. Durch ihre Aktivierung tragen Sie zu einer andauernden Verbesserung bei.<\/p>\n\n\n\n<p><strong>Sie k\u00f6nnen diese Cookies aktivieren oder deaktivieren, indem Sie auf das entsprechende K\u00e4stchen klicken<\/strong>. Sie sind standardm\u00e4\u00dfig deaktiviert.<\/p>\n\n\n\n<ul class=\"wp-block-list\">\n<li><strong>Cookies f\u00fcr die Funktionsweise und zur Personalisierung:<\/strong><\/li>\n<\/ul>\n\n\n\n<p>Die Cookies f\u00fcr die Funktionsweise erm\u00f6glichen es uns, Pr\u00e4ferenzen aufzuzeichnen, um bestimmte Eigenschaften und allgemeine Optionen unserer Webseite f\u00fcr Sie zu personalisieren, jedes Mal, wenn Sie sie betreten (zum Beispiel die Sprache, in der die Informationen dargestellt werden, die markierten Lieblingsbereiche, Ihre Art von Browser usw.).<\/p>\n\n\n\n<p>Diese Art von Cookies hat <strong>daher keinen Werbezweck<\/strong>, sondern durch ihre Aktivierung verbessern Sie die Funktionsweise der Webseite (zum Beispiel, indem sie sich an Ihre Art von Browser anpasst) und die Personalisierung der selben nach Ihren Pr\u00e4ferenzen (indem die Informationen zum Beispiel in der Sprache angezeigt werden, die Sie vorher ausgew\u00e4hlt haben), was die Einfachheit, Nutzbarkeit und Bequemlichkeit unserer Webseite w\u00e4hrend Ihrer Navigation verbessert.<\/p>\n\n\n\n<p><strong>Sie k\u00f6nnen diese Cookies aktivieren oder deaktivieren, indem Sie auf das entsprechende K\u00e4stchen klicken<\/strong>. Sie sind standardm\u00e4\u00dfig deaktiviert.<\/p>\n\n\n\n<ul class=\"wp-block-list\">\n<li><strong>Werbecookies<\/strong><\/li>\n<\/ul>\n\n\n\n<p>Die Werbecookies erm\u00f6glichen uns die Verwaltung von Werbebereichen auf unserer Webseite basierend auf Kriterien wie der angezeigte Inhalt oder die H\u00e4ufigkeit, in der Werbeanzeigen gezeigt werden.<\/p>\n\n\n\n<p>Wenn man Ihnen zum Beispiel mehrere Male die selbe Werbung auf unserer Webseite gezeigt hat und Sie kein pers\u00f6nliches Interesse daf\u00fcr gezeigt haben, da Sie nicht darauf geklickt haben, wird diese nicht mehr erscheinen. Kurz gesagt, durch die Aktivierung dieser Art von Cookies wird die auf unserer Webseite angezeigte Werbung hilfreicher und diverser und weniger wiederholend sein.<\/p>\n\n\n\n<p><strong>Sie k\u00f6nnen diese Cookies aktivieren oder deaktivieren, indem Sie auf das entsprechende K\u00e4stchen klicken.<\/strong> Sie sind standardm\u00e4\u00dfig deaktiviert.<\/p>\n\n\n\n<ul class=\"wp-block-list\">\n<li><strong>Verhaltensbedingte Werbecookies:<\/strong><\/li>\n<\/ul>\n\n\n\n<p>Verhaltensbedingte Werbecookies erm\u00f6glichen es uns, Informationen basierend auf der Beobachtung Ihrer Gewohnheiten und Verhaltensweisen bei der Navigation auf der Webseite zu erfassen, um Ihnen Werbeinhalte zu zeigen, die am besten f\u00fcr Ihre Vorlieben und pers\u00f6nliches Interesse geeignet sind.<\/p>\n\n\n\n<p>Damit Sie es einfacher verstehen, zeigen wir es Ihnen mit einem fiktiven Beispiel: wenn Ihre letzten Suchen im Internet mit spannenden B\u00fcchern zu tun haben, werden wir Ihnen Werbung \u00fcber spannende B\u00fccher zeigen.<\/p>\n\n\n\n<p>Wenn Sie also diese Art von Cookies aktivieren, wird die auf unserer Webseite angezeigte Werbung nicht generisch sein, sondern sie wird auf Ihre Suchen, Vorlieben und Interessen ausgerichtet sein und sich ausschlie\u00dflich an Sie anpassen.<\/p>\n\n\n\n<p><strong>Sie k\u00f6nnen diese Cookies aktivieren oder deaktivieren, indem Sie auf das entsprechende K\u00e4stchen klicken<\/strong>. Sie sind standardm\u00e4\u00dfig deaktiviert.<\/p>\n\n\n\n<ul class=\"wp-block-list\">\n<li><strong>WELCHE ART VON COOKIES WERDEN AKTUELL AUF UNSERER WEBSEITE VERWENDET?<\/strong><\/li>\n<\/ul>\n\n\n\n<p>Anschlie\u00dfend werden wir Sie \u00fcber alle Arten von Cookies informieren, die aktuell auf unserer Webseite verwendet werden, sowie \u00fcber den Zweck von jedem Cookie (Hinweis: der Kunde muss die vorliegende Tabelle ausf\u00fcllen und alle Arten von Cookies angeben, die auf seiner Webseite verwendet werden sollen, sowohl eigene als auch von Drittparteien):<\/p>\n\n\n\n<figure class=\"wp-block-table\"><table><tbody><tr><td><strong>Art von Cookie<\/strong><\/td><td><strong>Zweck<\/strong><\/td><td><strong>Verantwortliche Organisation und Link zu ihrer Datenschutzrichtlinie<\/strong><\/td><td><strong>Zeitraum (Sitzung \/ persistent)<\/strong><\/td><\/tr><tr><td>__Secure-3PSIDCC<\/td><td>Drittparteien<\/td><td>Werbung Diese Cookies werden verwendet, um Werbungen anzuzeigen, die relevanter f\u00fcr Sie sind und Ihren Interessen entsprechen<\/td><td>1 Jahr<\/td><\/tr><tr><td>__Secure-1PSIDCC<\/td><td>Drittparteien<\/td><td>Werbung Diese Cookies werden verwendet, um Werbungen anzuzeigen, die relevanter f\u00fcr Sie sind und Ihren Interessen entsprechen<\/td><td>1 Jahr<\/td><\/tr><tr><td>SIDCC<\/td><td>Drittparteien<\/td><td>\u00a0Wird von Google verwendet, um Dienstleistungen bereitzustellen und anonyme Informationen \u00fcber die Navigation zu erfassen<\/td><td>1 Jahr<\/td><\/tr><tr><td>SSID<\/td><td>Analytik und Techniken.\u00a0<\/td><td>Bei der Erstellung einer Sitzung oder Anmeldung in einem Google-Konto werden die Cookies SIDCC, HSID, APISID, SID, SSID, SIDCC, SAPISID, __Secure-3PAPISID, __Secure-3PSID, __Secure-3PSIDCC mit der Absicht gespeichert, mit Ihrem Google-Konto verbunden zu bleiben, wenn Sie die Dienstleistungen erneut besuchen. W\u00e4hrend diese Sitzung aktiv bleibt und Sie Erg\u00e4nzungen auf anderen Webseiten als unsere verwenden, wird Google diese Cookies verwenden, um Ihr Nutzererlebnis zu verbessern.<\/td><td>2 Jahre<\/td><\/tr><tr><td>HSID<\/td><td>Google<\/td><td>Bei der Erstellung einer Sitzung oder Anmeldung in einem Google-Konto werden die Cookies PREF, NID, HSID, APISID, SID, SSID, SAPISID, GAPS, LSID, BEAT, ULS auf Ihrem Computer mit der Absicht gespeichert, mit Ihrem Google-Konto verbunden zu bleiben, wenn Sie die Dienstleistungen erneut besuchen. W\u00e4hrend diese Sitzung aktiv bleibt und Sie Erg\u00e4nzungen auf anderen Webseiten als unsere verwenden, wird Google diese Cookies verwenden, um Ihr Nutzererlebnis zu verbessern.<\/td><td>2 Jahre<\/td><\/tr><tr><td>__Secure-3PSID<\/td><td>Drittparteien<\/td><td>Diese Cookies erm\u00f6glichen es Webseiten, Benutzer zu authentifizieren, den betr\u00fcgerischen Gebrauch von Anmeldedaten zu verhindern, und die Nutzerdaten vor unbefugten Drittparteien zu sch\u00fctzen.<\/td><td>2 Jahre<\/td><\/tr><tr><td>__Secure-1PSID<\/td><td>Drittparteien<\/td><td>Diese Cookies erm\u00f6glichen es Webseiten, Benutzer zu authentifizieren, den betr\u00fcgerischen Gebrauch von Anmeldedaten zu verhindern, und die Nutzerdaten vor unbefugten Drittparteien zu sch\u00fctzen.<\/td><td>2 Jahre<\/td><\/tr><tr><td>SID<\/td><td>Google<\/td><td>Speichert Informationen, Identifizierungsmerkmale und Pr\u00e4ferenzen in Google<\/td><td>2 Jahre<\/td><\/tr><tr><td>__Secure-1PAPISID<\/td><td>Drittparteien<\/td><td>Werbung Diese Cookies werden verwendet, um Werbungen anzuzeigen, die relevanter f\u00fcr Sie sind und Ihren Interessen entsprechen<\/td><td>2 Jahre<\/td><\/tr><tr><td>APISID<\/td><td>Drittparteien<\/td><td>Von Dienstleistung von Google verwendete Werbecookies.<\/td><td>Sesi\u00f3n<\/td><\/tr><tr><td>__Secure-3PAPISID<\/td><td>Drittparteien<\/td><td>Werbung Diese Cookies werden verwendet, um Werbungen anzuzeigen, die relevanter f\u00fcr Sie sind und Ihren Interessen entsprechen<\/td><td>2 meses<\/td><\/tr><tr><td>SAPISID<\/td><td>Drittparteien<\/td><td>Bei der Erstellung einer Sitzung oder Anmeldung in einem Google-Konto werden die Cookies PREF, NID, HSID, APISID, SID, SSID, SAPISID, GAPS, LSID, BEAT, ULS auf Ihrem Computer mit der Absicht gespeichert, mit Ihrem Google-Konto verbunden zu bleiben, wenn Sie die Dienstleistungen erneut besuchen.<\/td><td>2 Jahre<\/td><\/tr><tr><td>DV<\/td><td>Drittparteien<\/td><td>Wird von Google f\u00fcr die Personalisierung von Werbung verwendet. Dauer: Sitzung (l\u00e4uft bei Schlie\u00dfen des Browsers ab)<\/td><td>\u00a0bis zu 6 Monate.<\/td><\/tr><tr><td>1P_JAR<\/td><td>Drittparteien<\/td><td>Cookie von Google. Wird zur Erhebung von Statistiken der Webseite und Verfolgung der Konversionsdaten verwendet<\/td><td>30 Tage<\/td><\/tr><tr><td>NID<\/td><td>Drittparteien<\/td><td>Diese Cookies werden von Google verwendet, um die Pr\u00e4ferenzen des Nutzers zu speichern<\/td><td>6 Monate<\/td><\/tr><tr><td>_hjIncludedInPageviewSample<\/td><td>Analytisch<\/td><td>Dieses Cookie ist konfiguriert, damit Hotjar wei\u00df, ob dieser Besucher in der durch das Sitzungslimit der Seite definierte Datenstichprobe einbezogen ist.<\/td><td>Sitzung<\/td><\/tr><tr><td>_hjAbsoluteSessionInProgress<\/td><td>Analytisch<\/td><td>Dieses Cookie wird verwendet, um die erste Besuchssitzung der Seite des Benutzers zu erkennen. Dies ist ein vom Cookie festgelegter Richtig\/Falsch-Indikator.<\/td><td>Sitzung<\/td><\/tr><tr><td>_hjSession_2998607<\/td><td>Eigen<\/td><td>Hotjar-Cookie, das festgelegt wird, wenn ein Benutzer zum ersten Mal auf einer Seite mit dem Script Hotjar ankommt. Es wird verwendet, um die Hotjar-Benutzer-ID beizubehalten, welche einzigartig f\u00fcr diese Seite im Browser ist. Dies stellt sicher, dass die Verhaltensweise in nachfolgenden Besuchen der selben Seite der selben Benutzer-ID zugewiesen wird.<\/td><td>30 minutes<\/td><\/tr><tr><td>_hjFirstSeen<\/td><td>Hotjar<\/td><td>Um die erste Nutzung durch den neuen Benutzer zu identifizieren.<\/td><td>Sitzung<\/td><\/tr><tr><td>_gat_UA-215576954-1<\/td><td>HTTP Cookie<\/td><td>Wird von Google Analytics verwendet, um die Quote der Anfragen zu kontrollieren<\/td><td>1 Tag<\/td><\/tr><tr><td>SEARCH_SAMESITE<\/td><td>Eigen<\/td><td>Das Ziel ist es, das Risiko eines Datenlecks mit gekreuzter Herkunft zu reduzieren. Es bietet auch einen gewissen Schutz vor Angriffen durch F\u00e4lschung von Anfragen zwischen Webseiten.<\/td><td>5 Monate<\/td><\/tr><tr><td>CONSENT<\/td><td>Drittparteien<\/td><td>Funktion der Annahme von Cookies auf Webseiten<\/td><td>Dauerhaft<\/td><\/tr><tr><td>cookielawinfo-checkbox-performance<\/td><td>Eigen<\/td><td>Das Cookie ist durch die Erg\u00e4nzung von GDPR Cookie Consent konfiguriert. Das Cookie wird verwendet, um die Einwilligung des Nutzers f\u00fcr Cookies der Kategorie \u201eLeistung\u201c zu speichern.<\/td><td>1 Jahr<\/td><\/tr><tr><td>wp-wpml_current_language<\/td><td>WPML<\/td><td>Cookie des Plugin WPML zum Speichern der Konfiguration von Sprachen.<\/td><td>1 Tag<\/td><\/tr><tr><td>CookieLawInfoConsent<\/td><td>Eigen<\/td><td>Dieses Cookie ist durch das Plugin GDPR konfiguriert und wird verwendet, um zu speichern, ob der Benutzer mit der Nutzung von Cookies einverstanden ist oder nicht. Es speichert keine personenbezogenen Daten.<\/td><td>11 Monate<\/td><\/tr><tr><td>cli_user_preference<\/td><td>Von Dritten, dauerhaft<\/td><td>Dieses Cookie speichert konsolidierte Informationen \u00fcber die Einwilligung von allen Kategorien in der Erg\u00e4nzung der Einwilligung zu Cookies von GDPR. Dieses Cookie wird verwendet, um eine gute Funktionsweise der Erg\u00e4nzung mit bestimmten Erg\u00e4nzungen des Cach\u00e9 zu garantieren.<\/td><td>1 Jahr<\/td><\/tr><tr><td>viewed_cookie_policy<\/td><td>Von Dritten, dauerhaft<\/td><td>Dieses Cookie ist durch die Erg\u00e4nzung \u00abGDPR Cookie Consent plugin\u00bb konfiguriert und wird verwendet, um zu speichern, ob der Benutzer mit der Nutzung von Cookies einverstanden ist oder nicht. Es speichert keine personenbezogene Daten.<\/td><td>1 Jahr<\/td><\/tr><tr><td>UULE<\/td><td>google.es<\/td><td>Cookie verbunden mit dem Service Google Maps. Erm\u00f6glicht die Geolokalisierung unseres Labors im entsprechenden Abschnitt dieser Webseite. Wir verweisen Sie auf die Datenschutzrichtlinie von Google (http:\/\/www.google.es\/intl\/es\/policies\/privacy\/).<\/td><td>1 Tag<\/td><\/tr><tr><td>cookielawinfo-checkbox-advertisement<\/td><td>Eigen<\/td><td>Das Cookie wird von GDPR Cookie Consent verwendet, um die Einwilligung des Nutzers f\u00fcr Cookies der Kategorie \u201eWerbung\u201c zu speichern.<\/td><td>1 Jahr<\/td><\/tr><tr><td>cookielawinfo-checkbox-analytics<\/td><td>Eigen<\/td><td>Dieses Cookie ist durch die Erg\u00e4nzung von WordPress GDPR Cookie Consent konfiguriert. Das Cookie wird verwendet, um die Einwilligung des Nutzers f\u00fcr Cookies der Kategorie \u201eAnalytik\u201c aufzuzeichnen.<\/td><td>1 Jahr<\/td><\/tr><tr><td>cookielawinfo-checkbox-functional<\/td><td>Eigen<\/td><td>Das Cookie wird von GDPR Cookie Consent verwendet, um die Einwilligung des Nutzers f\u00fcr Cookies der Kategorie \u201eFunktional\u201c zu speichern.<\/td><td>1 Jahr<\/td><\/tr><tr><td>cookielawinfo-checkbox-necessary<\/td><td>Eigen<\/td><td>Wird zur Annahme der erforderlichen Cookies verwendet.<\/td><td>11 Monate<\/td><\/tr><\/tbody><\/table><\/figure>\n\n\n\n<ul class=\"wp-block-list\">\n<li><strong>WAS K\u00d6NNEN SIE MIT DEN COOKIES MACHEN?<\/strong><\/li>\n<\/ul>\n\n\n\n<p>Wenn Sie zum ersten Mal auf unsere Webseite zugreifen, wird Ihnen ein Fenster gezeigt, in dem wir Sie dar\u00fcber informieren, dass es verschiedene Typen gibt:<\/p>\n\n\n\n<ul class=\"wp-block-list\">\n<li>Technische Cookies sind erforderlich, damit unsere Webseite funktionieren kann, ben\u00f6tigen nicht Ihre Zustimmung und sind die einzigen, die wir standardm\u00e4\u00dfig aktiviert haben.<\/li>\n\n\n\n<li>Der Rest der Cookies ist hilfreich, um unsere Webseite zu verbessern, um sie entsprechend Ihrer Pr\u00e4ferenzen zu personalisieren, oder um Ihnen Werbung zu zeigen, die auf Ihre Suchen, Vorlieben und pers\u00f6nlichen Interessen angepasst ist. Sie k\u00f6nnen alle diese Cookies annehmen, indem Sie auf die Schaltfl\u00e4che <strong>ANNEHMEN<\/strong> klicken, diese konfigurieren oder ihren Gebrauch ablehnen, indem Sie auf den Abschnitt <strong>KONFIGURATION VON COOKIES<\/strong> klicken.&nbsp;&nbsp;&nbsp;&nbsp;&nbsp;&nbsp;<\/li>\n<\/ul>\n\n\n\n<p>Wir werden Sie auch dar\u00fcber informieren, dass Sie, nachdem Sie irgendeine Art von Cookies akzeptiert haben, die M\u00f6glichkeit haben, diese jederzeit zu deaktivieren, indem Sie einfach das entsprechende Kontrollk\u00e4stchen im Abschnitt <strong>KONFIGURATION VON COOKIES<\/strong> auf unserer Webseite deaktivieren. Es wird immer so einfach f\u00fcr Sie sein, unsere eigenen Cookies zu aktivieren oder deaktivieren.<\/p>\n\n\n\n<p>Wir werden Sie auch daran erinnern, dass Sie mit der Konfiguration Ihres Browsers das Vorhandensein dieser Art von Cookies blockieren oder darauf aufmerksam gemacht werden k\u00f6nnen, auch wenn eine solche Blockierung die Funktionsweise verschiedener Funktionen unserer Webseite beeintr\u00e4chtigen wird.<\/p>\n\n\n\n<p>Schlie\u00dflich werden wir Ihnen zeigen, dass wenn Sie <strong>Cookies von Drittparteien <\/strong>aktivieren (externe Unternehmen, die Dienstleistungen f\u00fcr unsere Webseite anbieten) und sie sp\u00e4ter deaktivieren wollen, Sie dies auf zwei verschiedene Weisen tun k\u00f6nnen: indem Sie die Werkzeuge zur Deaktivierung von Cookies Ihres Browsers verwenden oder \u00fcber die eigenen Systemen, die von diesen externen Anbietern bereitgestellt werden.<\/p>\n\n\n\n<p>Damit es einfacher f\u00fcr Sie ist, werden wir anschlie\u00dfend eine Reihe von Links zu den Leitf\u00e4den zur Deaktivierung von Cookies bei den \u00fcblichen Browsern bereitstellen:<\/p>\n\n\n\n<ul class=\"wp-block-list\">\n<li><a href=\"https:\/\/support.google.com\/accounts\/answer\/61416?co=GENIE.Platform%3DDesktop&amp;hl=es\">Google Chrome<\/a>.<\/li>\n\n\n\n<li><a href=\"https:\/\/support.mozilla.org\/es\/kb\/Borrar%20cookies\">Mozilla Firefox<\/a>.<\/li>\n\n\n\n<li><a href=\"https:\/\/support.microsoft.com\/es-es\/help\/278835\/how-to-delete-cookie-files-in-internet-explorer\">Internet Explorer<\/a>.<\/li>\n\n\n\n<li><a href=\"https:\/\/support.apple.com\/es-es\/guide\/safari\/sfri11471\/mac\">Safari<\/a>.<\/li>\n\n\n\n<li><a href=\"https:\/\/support.apple.com\/es-es\/HT201265\">Safari f\u00fcr IOS (iPhone und iPad)<\/a>.<\/li>\n\n\n\n<li><a href=\"https:\/\/support.google.com\/accounts\/answer\/61416?co=GENIE.Platform%3DAndroid&amp;hl=es&amp;oco=1\">Google Chrome f\u00fcr Android<\/a>.&nbsp;<\/li>\n\n\n\n<li><a href=\"https:\/\/support.google.com\/accounts\/answer\/61416?co=GENIE.Platform%3DiOS&amp;hl=es&amp;oco=1\">Google Chrome f\u00fcr Iphone und Ipad<\/a>.<\/li>\n<\/ul>\n","protected":false},"excerpt":{"rendered":"<p>Willkommen zur COOKIE-RICHTLINIE der Webseite der Organisation LLAMBRICH PRECISI\u00d3N S.L. mit NIF B08102709, in der wir Ihnen in einer klaren und einfachen Sprache alle erforderlichen Punkte erkl\u00e4ren k\u00f6nnen, damit Sie je nach Ihren pers\u00f6nlichen Entscheidungen die Kontrolle dar\u00fcber haben k\u00f6nnen. Ein Cookie oder Keks ist eine kleine Informationsdatei, die auf Ihrem Computer, Smartphone oder Tablet [&hellip;]<\/p>\n","protected":false},"author":6,"featured_media":0,"parent":0,"menu_order":0,"comment_status":"closed","ping_status":"closed","template":"","meta":{"_acf_changed":false,"inline_featured_image":false,"footnotes":""},"class_list":["post-3803","page","type-page","status-publish","hentry"],"acf":[],"_links":{"self":[{"href":"https:\/\/llambrich.com\/de\/wp-json\/wp\/v2\/pages\/3803","targetHints":{"allow":["GET"]}}],"collection":[{"href":"https:\/\/llambrich.com\/de\/wp-json\/wp\/v2\/pages"}],"about":[{"href":"https:\/\/llambrich.com\/de\/wp-json\/wp\/v2\/types\/page"}],"author":[{"embeddable":true,"href":"https:\/\/llambrich.com\/de\/wp-json\/wp\/v2\/users\/6"}],"replies":[{"embeddable":true,"href":"https:\/\/llambrich.com\/de\/wp-json\/wp\/v2\/comments?post=3803"}],"version-history":[{"count":0,"href":"https:\/\/llambrich.com\/de\/wp-json\/wp\/v2\/pages\/3803\/revisions"}],"wp:attachment":[{"href":"https:\/\/llambrich.com\/de\/wp-json\/wp\/v2\/media?parent=3803"}],"curies":[{"name":"wp","href":"https:\/\/api.w.org\/{rel}","templated":true}]}}