{"id":3807,"date":"2023-07-13T08:22:02","date_gmt":"2023-07-13T08:22:02","guid":{"rendered":"https:\/\/llambrich.com\/aviso-legal\/"},"modified":"2024-04-10T11:52:34","modified_gmt":"2024-04-10T11:52:34","slug":"aviso-legal","status":"publish","type":"page","link":"https:\/\/llambrich.com\/de\/aviso-legal\/","title":{"rendered":"RECHTLICHER HINWEIS"},"content":{"rendered":"\n<p>Datenschutz. - <strong>LLAMBRICH PRECISI\u00d3N S.L.<\/strong> wird Sie dar\u00fcber informieren, dass Ihre E-Mail-Adresse sowie der Rest der personenbezogenen Daten f\u00fcr unsere Beziehung verwendet werden und um Ihnen unsere Dienstleistungen bereitzustellen. Diese Daten sind erforderlich, um eine Beziehung zu Ihnen aufzubauen, was uns die rechtm\u00e4\u00dfige Nutzung Ihrer Informationen erm\u00f6glicht. Gleicherma\u00dfen werden auch diejenigen Organisationen Ihre Informationen kennen, die Zugriff darauf ben\u00f6tigen, damit wir Ihnen unsere Dienstleistungen bereitstellen k\u00f6nnen. Wir werden Ihre Daten w\u00e4hrend unserer Gesch\u00e4ftsbeziehung und solange wie uns die geltenden Gesetze dazu verpflichten aufbewahren. Sie k\u00f6nnen sich jederzeit an uns wenden um zu erfahren, welche Informationen wir \u00fcber Sie haben, um sie zu korrigieren, wenn sie nicht stimmen, und um sie zu vernichten, sobald unsere Gesch\u00e4ftsbeziehung beendet ist. Sie haben auch das Recht, die \u00dcbertragung Ihrer Informationen an eine andere Organisation zu beantragen (\u00dcbertragbarkeit). Um eines dieser Rechte auszu\u00fcben, m\u00fcssen Sie einen schriftlichen Antrag zusammen mit einer Fotokopie Ihres Personalausweises bei unserer Gesch\u00e4ftsleitung einreichen:<strong> LLAMBRICH PRECISI\u00d3N S.L<\/strong>., mit Anschrift in <strong>Avenida Mare de D\u00e9u de Bellvitge 271-273, CP 08907, L'Hospitalet de Llobregat<\/strong> (Barcelona).<\/p>\n\n\n\n<p>Wenn Sie davon ausgehen, dass Ihre Rechte nicht beachtet wurden, k\u00f6nnen Sie bei der spanischen Datenschutzbeh\u00f6rde (<a href=\"http:\/\/www.agpd.es\">www.agpd.es<\/a>) eine Beschwerde einreichen.<\/p>\n\n\n\n<p><strong>Vertraulichkeit<\/strong>. - Der Inhalt dieser Kommunikation sowie s\u00e4mtliche beigef\u00fcgte Dokumentation ist vertraulich und f\u00fcr den Empf\u00e4nger des Inhalts bestimmt. Wenn Sie nicht der Empf\u00e4nger sind bitten wir Sie darum, uns darauf hinzuweisen und den Inhalt nicht an Dritte weiterzugeben und diesen zu zerst\u00f6ren.<\/p>\n\n\n\n<p><strong>Haftungsausschluss<\/strong>. - Das Senden der vorliegenden Kommunikation bedeutet keine Verpflichtung durch den Absender, um das Nichtvorhandensein von Viren, W\u00fcrmern, Trojanern und\/oder anderen sch\u00e4dlichen Programmen zu kontrollieren, weshalb der Empf\u00e4nger die erforderlichen Hardware- und Softwarewerkzeuge haben muss, um sowohl die Sicherheit seines Informationssystem sowie die Erkennung und Vernichtung von sch\u00e4dlichen Informationsprogrammen sicherzustellen. LLAMBRICH PRECISI\u00d3N S.L. \u00fcbernimmt keine Verantwortung f\u00fcr die Sch\u00e4den und Nachteile, die diese Informatikprogramme f\u00fcr den Empf\u00e4nger bedeuten k\u00f6nnten.<\/p>\n","protected":false},"excerpt":{"rendered":"<p>Datenschutz. - LLAMBRICH PRECISI\u00d3N S.L. wird Sie dar\u00fcber informieren, dass Ihre E-Mail-Adresse sowie der Rest der personenbezogenen Daten f\u00fcr unsere Beziehung verwendet werden und um Ihnen unsere Dienstleistungen bereitzustellen. Diese Daten sind erforderlich, um eine Beziehung zu Ihnen aufzubauen, was uns die rechtm\u00e4\u00dfige Nutzung Ihrer Informationen erm\u00f6glicht. Gleicherma\u00dfen werden auch diejenigen Organisationen Ihre Informationen kennen, [&hellip;]<\/p>\n","protected":false},"author":6,"featured_media":0,"parent":0,"menu_order":0,"comment_status":"closed","ping_status":"open","template":"","meta":{"_acf_changed":false,"inline_featured_image":false,"footnotes":""},"class_list":["post-3807","page","type-page","status-publish","hentry"],"acf":[],"_links":{"self":[{"href":"https:\/\/llambrich.com\/de\/wp-json\/wp\/v2\/pages\/3807","targetHints":{"allow":["GET"]}}],"collection":[{"href":"https:\/\/llambrich.com\/de\/wp-json\/wp\/v2\/pages"}],"about":[{"href":"https:\/\/llambrich.com\/de\/wp-json\/wp\/v2\/types\/page"}],"author":[{"embeddable":true,"href":"https:\/\/llambrich.com\/de\/wp-json\/wp\/v2\/users\/6"}],"replies":[{"embeddable":true,"href":"https:\/\/llambrich.com\/de\/wp-json\/wp\/v2\/comments?post=3807"}],"version-history":[{"count":0,"href":"https:\/\/llambrich.com\/de\/wp-json\/wp\/v2\/pages\/3807\/revisions"}],"wp:attachment":[{"href":"https:\/\/llambrich.com\/de\/wp-json\/wp\/v2\/media?parent=3807"}],"curies":[{"name":"wp","href":"https:\/\/api.w.org\/{rel}","templated":true}]}}