{"id":7070,"date":"2026-02-05T22:28:03","date_gmt":"2026-02-05T22:28:03","guid":{"rendered":"https:\/\/llambrich.com\/?page_id=7070"},"modified":"2026-02-05T22:43:58","modified_gmt":"2026-02-05T22:43:58","slug":"allgemeine-verkaufs-und-nutzungsbedingungen","status":"publish","type":"page","link":"https:\/\/llambrich.com\/de\/allgemeine-verkaufs-und-nutzungsbedingungen\/","title":{"rendered":"Allgemeine Verkaufs- und Nutzungsbedingungen"},"content":{"rendered":"\n<p><strong>1. Identifizierung des Inhabers der Website<\/strong><\/p>\n\n\n\n<p><strong>1.1.<\/strong> Diese Website ist Eigentum von <strong>LLAMBRICH PRECISION, S.L.<\/strong> (nachfolgend \u201e<strong>Llambrich Precision<\/strong>\u201c oder das \u201e<strong>Unternehmen<\/strong>\u201c), mit Sitz in Av. Mare Deu de Bellvitge, 271, 08907 \u2013 Hospitalet de Llobregat (Barcelona, Spanien), Steuernummer <strong>B08102709<\/strong>, eingetragen im Handelsregister von Barcelona, Band 22672, Buch 42, Blatt 117, Seite B-41230.<\/p>\n\n\n\n<p><strong>1.2.<\/strong> Der Kunde kann Llambrich Precision \u00fcber folgende Kan\u00e4le kontaktieren:<\/p>\n\n\n\n<ul class=\"wp-block-list\">\n<li><strong>Telefon:<\/strong> +34 93 264 96 29<\/li>\n\n\n\n<li><strong>E-Mail:<\/strong> info@llambrich.com<\/li>\n<\/ul>\n\n\n\n<p><strong>1.3.<\/strong> Diese <strong>Allgemeinen Verkaufs- und Nutzungsbedingungen<\/strong> (nachfolgend die \u201e<strong>Bedingungen<\/strong>\u201c) regeln die Nutzung der unter <a href=\"http:\/\/www.llambrich.com\"><strong>www.llambrich.com<\/strong><\/a> erreichbaren Website (die \u201e<strong>Website<\/strong>\u201c) sowie die Gesch\u00e4ftsbeziehungen zwischen Llambrich Precision und den Nutzern, die \u00fcber diese Bestellungen aufgeben oder Angebote anfordern (nachfolgend der\/die \u201e<strong>Kunde(n)<\/strong>\u201c).<\/p>\n\n\n\n<p><strong>2. Allgemeine Bestimmungen<\/strong><\/p>\n\n\n\n<p><strong>2.1.<\/strong> Diese Bedingungen regeln den Zugang zur und die Nutzung der Website sowie den Verkauf von Produkten und die Erbringung von Dienstleistungen durch Llambrich Precision.<\/p>\n\n\n\n<p><strong>2.2.<\/strong> Das Browsen der Website und\/oder die Aufgabe einer Bestellung oder Angebotsanfrage setzt die vollst\u00e4ndige und uneingeschr\u00e4nkte Annahme dieser Bedingungen durch den Kunden voraus.<\/p>\n\n\n\n<p><strong>2.3.<\/strong> Es k\u00f6nnen besondere Bedingungen bestehen (Rahmenvertr\u00e4ge, spezielle Preislisten, Bedingungen f\u00fcr Vertriebspartner usw.), die schriftlich festzuhalten sind und im Falle eines Widerspruchs Vorrang vor diesen Bedingungen haben.<\/p>\n\n\n\n<p><strong>2.4.<\/strong> Llambrich Precision beh\u00e4lt sich das Recht vor, diese Bedingungen jederzeit zu \u00e4ndern. Ma\u00dfgeblich ist jeweils die auf der Website ver\u00f6ffentlichte Version.<\/p>\n\n\n\n<p><strong>3. Kaufbedingungen (Bestellungen und Annahme)<\/strong><\/p>\n\n\n\n<p><strong>3.1. Auftragserteilung<\/strong><br>Bestellungen m\u00fcssen ausschlie\u00dflich schriftlich per E-Mail an <strong>info@llambrich.com<\/strong> oder an eine der E-Mail-Adressen der Vertriebsabteilung von Llambrich Precision gerichtet werden. \u00dcber andere Kan\u00e4le aufgegebene Bestellungen werden nicht akzeptiert.<\/p>\n\n\n\n<p><strong>3.2. Auftragsbest\u00e4tigung<\/strong><br>Nach Eingang der Bestellung sendet Llambrich Precision innerhalb von maximal <strong>48 Werktagen<\/strong> eine schriftliche Auftragsbest\u00e4tigung. Erst mit dieser Best\u00e4tigung gilt die Bestellung als verbindlich.<\/p>\n\n\n\n<p><strong>3.3. \u00c4nderungen oder Stornierungen<\/strong><br>Nach Best\u00e4tigung der Bestellung durch Llambrich Precision bed\u00fcrfen \u00c4nderungen oder Stornierungen der ausdr\u00fccklichen schriftlichen Zustimmung des Unternehmens.<\/p>\n\n\n\n<p><strong>3.4. Ablehnung von Bestellungen<\/strong><br>Llambrich Precision beh\u00e4lt sich das Recht vor, Bestellungen aus technischen, kommerziellen oder rechtlichen Gr\u00fcnden abzulehnen.<br>Der Kunde wird \u00fcber die Ablehnung informiert, ohne dass hieraus ein Anspruch auf Schadensersatz entsteht.<\/p>\n\n\n\n<p><strong>4. Preise<\/strong><\/p>\n\n\n\n<p><strong>4.1. Preisangaben<\/strong><br>Alle Preise verstehen sich <strong>zzgl. Mehrwertsteuer<\/strong>, die gem\u00e4\u00df den geltenden steuerlichen Vorschriften hinzugerechnet wird.<\/p>\n\n\n\n<p><strong>4.2. W\u00e4hrung<\/strong><br>Die Standardw\u00e4hrung f\u00fcr die Rechnungsstellung ist der <strong>Euro (EUR)<\/strong>. Nach vorheriger ausdr\u00fccklicher Vereinbarung mit dem Kunden kann Llambrich Precision jedoch auch in anderen W\u00e4hrungen anbieten und abrechnen.<\/p>\n\n\n\n<p><strong>4.3. Preis\u00fcberpr\u00fcfung<\/strong><br>Llambrich Precision \u00fcberpr\u00fcft ihre Preise in der Regel einmal j\u00e4hrlich. Dar\u00fcber hinaus k\u00f6nnen bei Bedarf aufgrund von Marktbedingungen weitere Anpassungen erfolgen. Jede Preis\u00e4nderung wird dem Kunden mit einer Frist von mindestens <strong>einem (1) Monat<\/strong> im Voraus mitgeteilt, au\u00dfer in au\u00dfergew\u00f6hnlichen, vom Unternehmen nicht zu vertretenden F\u00e4llen.<\/p>\n\n\n\n<p><strong>4.4. Besondere Bedingungen<\/strong><br>F\u00fcr bestimmte Kunden, Vertriebspartner oder Rahmenvertr\u00e4ge k\u00f6nnen spezielle wirtschaftliche Bedingungen vereinbart werden, stets in schriftlicher Form.<\/p>\n\n\n\n<p><strong>4.5. Preisirrt\u00fcmer<\/strong><br>Llambrich Precision beh\u00e4lt sich das Recht vor, offensichtliche Preisfehler in ver\u00f6ffentlichten, angebotenen oder best\u00e4tigten Preisen zu korrigieren. Der Kunde kann vor Beginn der Fertigung entscheiden, ob er die betroffene Bestellung aufrechterh\u00e4lt oder storniert.<\/p>\n\n\n\n<p><strong>5. Zahlungsbedingungen<\/strong><\/p>\n\n\n\n<p><strong>5.1.<\/strong> Die Zahlung erfolgt ausschlie\u00dflich per <strong>Bank\u00fcberweisung<\/strong> auf das von Llambrich Precision im Angebot, in der Pro-forma-Rechnung oder im jeweiligen Gesch\u00e4ftsdokument angegebene Konto.<\/p>\n\n\n\n<p><strong>5.2.<\/strong> Grunds\u00e4tzlich ist die Zahlung <strong>im Voraus<\/strong>, vor Versand der Ware, zu leisten. Abweichende Zahlungsbedingungen k\u00f6nnen nur nach vorheriger schriftlicher Vereinbarung einger\u00e4umt werden.<\/p>\n\n\n\n<p><strong>5.3.<\/strong> Llambrich Precision beginnt mit der Vorbereitung und dem Versand der Bestellung erst nach vollst\u00e4ndigem Zahlungseingang. Verz\u00f6gerungen aufgrund bankinterner Abl\u00e4ufe gehen zu Lasten des Kunden.<\/p>\n\n\n\n<p><strong>5.4.<\/strong> Bei internationalen Zahlungen tr\u00e4gt der Kunde s\u00e4mtliche Bankgeb\u00fchren und -kosten, sodass der von Llambrich Precision erhaltene Nettobetrag dem in Rechnung gestellten Betrag entspricht.<\/p>\n\n\n\n<p><strong>5.5.<\/strong> Bei vereinbarten Zahlungszielen f\u00fchrt Zahlungsverzug zur Anwendung der Verzugszinsen gem\u00e4\u00df dem <strong>spanischen Gesetz 3\/2004 \u00fcber Zahlungsverzug im Gesch\u00e4ftsverkehr<\/strong>, unbeschadet weitergehender Schadensersatzanspr\u00fcche.<\/p>\n\n\n\n<p><strong>6. Versand und Lieferung<\/strong><\/p>\n\n\n\n<p><strong>6.1. Lieferbedingungen<\/strong><br>Sofern nicht ausdr\u00fccklich anders vereinbart, erfolgen Lieferungen <strong>EXW \u2013 Werk Llambrich Precision<\/strong>. Die Ware gilt als geliefert, sobald sie dem Kunden in diesen Einrichtungen zur Verf\u00fcgung gestellt wird.<\/p>\n\n\n\n<p><strong>6.2. Lieferfristen<\/strong><br>Die voraussichtliche Vorbereitungs- oder Fertigungszeit wird bei Annahme der Bestellung best\u00e4tigt.<\/p>\n\n\n\n<p><strong>6.3. Transport und Logistik<\/strong><br>Der Kunde organisiert Abholung und Transport ab Werk Llambrich Precision. Auf Wunsch des Kunden kann das Unternehmen bei der Transportkoordination unterst\u00fctzen; Fracht- und Nebenkosten werden in Rechnung gestellt.<\/p>\n\n\n\n<p><strong>6.4. Gefahren\u00fcbergang<\/strong><br>Die Gefahr geht auf den Kunden \u00fcber, sobald die Ware gem\u00e4\u00df <strong>EXW-Werksbedingungen<\/strong> zur Verf\u00fcgung gestellt wird.<\/p>\n\n\n\n<p><strong>6.5. Teillieferungen<\/strong><br>Teillieferungen k\u00f6nnen nach ausdr\u00fccklicher Vereinbarung der Parteien erfolgen und jeweils gesondert in Rechnung gestellt werden.<\/p>\n\n\n\n<p><strong>7. Gew\u00e4hrleistung<\/strong><\/p>\n\n\n\n<p><strong>7.1.<\/strong> Die von Llambrich Precision hergestellten Produkte unterliegen einer <strong>12-monatigen Gew\u00e4hrleistung<\/strong> ab Lieferung an den Kunden. Diese Gew\u00e4hrleistung gilt ausschlie\u00dflich f\u00fcr <strong>B2B-Gesch\u00e4ftsbeziehungen<\/strong>. Der Kunde ist daf\u00fcr verantwortlich, die f\u00fcr seine Verk\u00e4ufe an Endkunden geltenden Gew\u00e4hrleistungsvorschriften einzuhalten.<\/p>\n\n\n\n<p><strong>7.2.<\/strong> Die Gew\u00e4hrleistung deckt ausschlie\u00dflich Herstellungs-, Material- oder Funktionsm\u00e4ngel ab, die Llambrich Precision zuzurechnen sind und die den bestimmungsgem\u00e4\u00dfen Gebrauch gem\u00e4\u00df den technischen Spezifikationen verhindern.<\/p>\n\n\n\n<p><strong>7.3.<\/strong> Von der Gew\u00e4hrleistung ausgeschlossen sind insbesondere:<\/p>\n\n\n\n<ul class=\"wp-block-list\">\n<li>normaler Verschlei\u00df,<\/li>\n\n\n\n<li>Sch\u00e4den durch unsachgem\u00e4\u00dfen oder anweisungswidrigen Gebrauch,<\/li>\n\n\n\n<li>nicht autorisierte Eingriffe, Reparaturen oder \u00c4nderungen,<\/li>\n\n\n\n<li>Sch\u00e4den durch St\u00f6\u00dfe, St\u00fcrze, \u00e4u\u00dfere Einfl\u00fcsse, ungeeignete Umgebungsbedingungen oder chemische Einwirkungen,<\/li>\n\n\n\n<li>Verwendung mit inkompatiblen oder nicht zugelassenen Werkzeugen, Maschinen oder Zubeh\u00f6rteilen.<\/li>\n<\/ul>\n\n\n\n<p><strong>7.4.<\/strong> Der Kunde hat jeden m\u00f6glichen Mangel schriftlich anzuzeigen und alle f\u00fcr die Pr\u00fcfung erforderlichen Informationen bereitzustellen sowie nachzuweisen, dass der Mangel Llambrich Precision zuzurechnen ist.<\/p>\n\n\n\n<p><strong>7.5.<\/strong> Llambrich Precision kann verlangen, dass das Produkt zur Pr\u00fcfung an ihre Einrichtungen gesendet wird. Der erste Versand erfolgt auf Kosten des Kunden.<\/p>\n\n\n\n<p><strong>7.6.<\/strong> Wird die Verantwortung von Llambrich Precision best\u00e4tigt, erfolgt die Reparatur kostenfrei oder \u2013 falls nicht m\u00f6glich \u2013 der Austausch durch ein Produkt mit vergleichbaren Eigenschaften.<\/p>\n\n\n\n<p><strong>7.7.<\/strong> In diesen F\u00e4llen \u00fcbernimmt Llambrich Precision die Transportkosten f\u00fcr die R\u00fccksendung des reparierten oder ersetzten Produkts.<\/p>\n\n\n\n<p><strong>8. Reparaturen au\u00dferhalb der Gew\u00e4hrleistung<\/strong><\/p>\n\n\n\n<p><strong>8.1.<\/strong> Llambrich Precision kann Reparaturen au\u00dferhalb der Gew\u00e4hrleistung durchf\u00fchren, sofern das Produkt technisch bewertbar und reparierbar ist.<\/p>\n\n\n\n<p><strong>8.2.<\/strong> Der Kunde sendet das Produkt auf eigene Kosten, ordnungsgem\u00e4\u00df gesch\u00fctzt und gekennzeichnet, an die Einrichtungen von Llambrich Precision.<\/p>\n\n\n\n<p><strong>8.3.<\/strong> Nach technischer Pr\u00fcfung wird \u2013 sofern die Reparatur m\u00f6glich und wirtschaftlich sinnvoll ist \u2013 ein Kostenvoranschlag zur schriftlichen Annahme erstellt.<\/p>\n\n\n\n<p><strong>8.4.<\/strong> Die Reparatur erfolgt erst nach ausdr\u00fccklicher Annahme des Kostenvoranschlags. Erfolgt innerhalb von <strong>acht (8) Wochen<\/strong> keine R\u00fcckmeldung, ist Llambrich Precision berechtigt, das Produkt ohne Anspruch auf Entsch\u00e4digung zu entsorgen.<\/p>\n\n\n\n<p><strong>8.5.<\/strong> Llambrich Precision kann eine Reparatur ablehnen, wenn das Produkt irreparabel ist, keine Ersatzteile verf\u00fcgbar sind oder die Reparatur technisch oder wirtschaftlich nicht sinnvoll ist.<\/p>\n\n\n\n<p><strong>8.6.<\/strong> Die R\u00fccksendekosten f\u00fcr Produkte au\u00dferhalb der Gew\u00e4hrleistung tr\u00e4gt der Kunde vollst\u00e4ndig.<\/p>\n\n\n\n<p><strong>9. R\u00fccksendungen und Widerrufsrecht<\/strong><\/p>\n\n\n\n<p><strong>9.1.<\/strong> R\u00fccksendungen werden nur nach ausdr\u00fccklicher schriftlicher Genehmigung von Llambrich Precision akzeptiert.<\/p>\n\n\n\n<p><strong>9.2.<\/strong> Der Kunde kann eine R\u00fccksendung innerhalb von maximal <strong>10 Tagen<\/strong> ab Lieferung beantragen.<\/p>\n\n\n\n<p><strong>9.3.<\/strong> Nach Genehmigung ist das Produkt in einwandfreiem Zustand und ordnungsgem\u00e4\u00df verpackt zur\u00fcckzusenden.<\/p>\n\n\n\n<p><strong>9.4.<\/strong> S\u00e4mtliche mit der R\u00fccksendung verbundenen Kosten tr\u00e4gt der Kunde, sofern nicht ausdr\u00fccklich etwas anderes vereinbart wurde.<\/p>\n\n\n\n<p><strong>9.5.<\/strong> Da es sich um Gesch\u00e4fte zwischen Unternehmen (<strong>B2B<\/strong>) handelt, findet das f\u00fcr Verbraucher geltende Widerrufsrecht keine Anwendung.<\/p>\n\n\n\n<p><strong>10. Haftung des Verk\u00e4ufers<\/strong><\/p>\n\n\n\n<p>Llambrich Precision haftet nicht f\u00fcr Sch\u00e4den, die aus unsachgem\u00e4\u00dfem Gebrauch, Verwendung unter nicht empfohlenen Bedingungen, Fehlfunktionen von Ger\u00e4ten Dritter oder aus der Nichtbeachtung von Anweisungen und technischen Spezifikationen resultieren.<\/p>\n\n\n\n<p>Der Kunde ist allein daf\u00fcr verantwortlich, die Einhaltung aller in seinem Land geltenden gesetzlichen und regulatorischen Anforderungen sicherzustellen, unabh\u00e4ngig vom Sektor oder vom Endverwendungszweck des Produkts.<\/p>\n\n\n\n<p><strong>11. Gewerbliche Schutzrechte und Urheberrechte<\/strong><\/p>\n\n\n\n<p>Alle Inhalte, Marken, Logos, Texte, Bilder und technischen Unterlagen auf der Website sind ausschlie\u00dfliches Eigentum von Llambrich Precision.<br>Jegliche Vervielf\u00e4ltigung, Kopie, Verbreitung oder Nutzung ohne ausdr\u00fcckliche schriftliche Genehmigung des Unternehmens ist untersagt.<\/p>\n\n\n\n<p><strong>12. Anwendbares Recht und Gerichtsstand<\/strong><\/p>\n\n\n\n<p>Diese Bedingungen unterliegen dem <strong>spanischen Recht<\/strong>.<br>F\u00fcr alle Streitigkeiten im Zusammenhang mit ihrer Auslegung oder Durchf\u00fchrung vereinbaren die Parteien ausdr\u00fccklich die Zust\u00e4ndigkeit der <strong>Gerichte von Barcelona<\/strong> unter Ausschluss jedes anderen Gerichtsstands.<\/p>\n\n\n\n<p><strong>13. Kontakt<\/strong><\/p>\n\n\n\n<p>F\u00fcr alle Fragen zu diesen Bedingungen kann sich der Kunde an <strong>info@llambrich.com<\/strong> oder an die auf der Website angegebenen offiziellen Kan\u00e4le wenden.<\/p>\n","protected":false},"excerpt":{"rendered":"<p>1. Identifizierung des Inhabers der Website 1.1. Diese Website ist Eigentum von LLAMBRICH PRECISION, S.L. (nachfolgend \u201eLlambrich Precision\u201c oder das \u201eUnternehmen\u201c), mit Sitz in Av. Mare Deu de Bellvitge, 271, 08907 \u2013 Hospitalet de Llobregat (Barcelona, Spanien), Steuernummer B08102709, eingetragen im Handelsregister von Barcelona, Band 22672, Buch 42, Blatt 117, Seite B-41230. 1.2. Der Kunde [&hellip;]<\/p>\n","protected":false},"author":6,"featured_media":0,"parent":0,"menu_order":0,"comment_status":"closed","ping_status":"closed","template":"","meta":{"_acf_changed":false,"inline_featured_image":false,"footnotes":""},"class_list":["post-7070","page","type-page","status-publish","hentry"],"acf":[],"_links":{"self":[{"href":"https:\/\/llambrich.com\/de\/wp-json\/wp\/v2\/pages\/7070","targetHints":{"allow":["GET"]}}],"collection":[{"href":"https:\/\/llambrich.com\/de\/wp-json\/wp\/v2\/pages"}],"about":[{"href":"https:\/\/llambrich.com\/de\/wp-json\/wp\/v2\/types\/page"}],"author":[{"embeddable":true,"href":"https:\/\/llambrich.com\/de\/wp-json\/wp\/v2\/users\/6"}],"replies":[{"embeddable":true,"href":"https:\/\/llambrich.com\/de\/wp-json\/wp\/v2\/comments?post=7070"}],"version-history":[{"count":1,"href":"https:\/\/llambrich.com\/de\/wp-json\/wp\/v2\/pages\/7070\/revisions"}],"predecessor-version":[{"id":7071,"href":"https:\/\/llambrich.com\/de\/wp-json\/wp\/v2\/pages\/7070\/revisions\/7071"}],"wp:attachment":[{"href":"https:\/\/llambrich.com\/de\/wp-json\/wp\/v2\/media?parent=7070"}],"curies":[{"name":"wp","href":"https:\/\/api.w.org\/{rel}","templated":true}]}}