{"id":3825,"date":"2023-03-16T20:39:11","date_gmt":"2023-03-16T20:39:11","guid":{"rendered":"https:\/\/llambrich.com\/calidad\/"},"modified":"2024-04-11T07:28:17","modified_gmt":"2024-04-11T07:28:17","slug":"qualite","status":"publish","type":"page","link":"https:\/\/llambrich.com\/fr\/qualite\/","title":{"rendered":"Qualit\u00e9"},"content":{"rendered":"<section id=\"section-3-227\" class=\" ct-section section-header overflow-hidden\" ><div class=\"ct-section-inner-wrap\"><h1 id=\"headline-4-227\" class=\"ct-headline text-center anim-word-reveal page-title\">Engag\u00e9s dans l\u2019excellence\n <\/h1><\/div><\/section>\n\n<div class=\"wp-block-image\">\n<figure class=\"aligncenter size-large\"><img loading=\"lazy\" decoding=\"async\" width=\"1024\" height=\"680\" src=\"http:\/\/llambrich.com\/wp-content\/uploads\/2023\/07\/DSC_0055-1024x680.jpg\" alt=\"\" class=\"wp-image-2383\" srcset=\"https:\/\/llambrich.com\/wp-content\/uploads\/2023\/07\/DSC_0055-1024x680.jpg 1024w, https:\/\/llambrich.com\/wp-content\/uploads\/2023\/07\/DSC_0055-300x199.jpg 300w, https:\/\/llambrich.com\/wp-content\/uploads\/2023\/07\/DSC_0055-768x510.jpg 768w, https:\/\/llambrich.com\/wp-content\/uploads\/2023\/07\/DSC_0055-600x398.jpg 600w, https:\/\/llambrich.com\/wp-content\/uploads\/2023\/07\/DSC_0055.jpg 1500w\" sizes=\"auto, (max-width: 1024px) 100vw, 1024px\" \/><\/figure>\n<\/div>\n\n<section id=\"section-3-229\" class=\" ct-section overflow-hidden\" ><div class=\"ct-section-inner-wrap\"><div id=\"div_block-4-229\" class=\"ct-div-block mb-24\" ><div id=\"text_block-5-229\" class=\"ct-text-block text-center color-primary anim-word-reveal texts-grans\" >Pionniers dans la garantie d\u2019une concentricit\u00e9 de la plus haute pr\u00e9cision pour nos porte-m\u00e8ches depuis 1983.\n<\/div><\/div><div id=\"div_block-7-229\" class=\"ct-div-block grid grid-cols-2 mb-24 md-grid-cols-1 gap-24\" ><div id=\"div_block-8-229\" class=\"ct-div-block\" ><div id=\"div_block-15-229\" class=\"ct-div-block md-mx-auto w-full spin-on-scroll\" ><img decoding=\"async\"  id=\"image-10-229\" alt=\"\" src=\"http:\/\/llambrich.com\/wp-content\/uploads\/2023\/03\/Modo_de_aislamiento.svg\" class=\"ct-image w-full\"\/><\/div><\/div><div id=\"div_block-9-229\" class=\"ct-div-block\" ><p id=\"text_block-11-229m\" class=\"ct-text-block anim-word-reveal mt-0 paragraf\" >100 % des porte-m\u00e8ches de haute pr\u00e9cision de Llambrich ont \u00e9t\u00e9 con\u00e7us et fabriqu\u00e9s avec le plus haut niveau de qualit\u00e9 afin de garantir la pr\u00e9cision et le rendement exceptionnel dans tous les proc\u00e9d\u00e9s de production.\n<\/p><\/div><\/div><div id=\"div_block-13-229\" class=\"ct-div-block\" ><h1 id=\"headline-14-229\" class=\"ct-headline color-primary anim-word-reveal all-caps-thin\">QUALIT\u00c9\n<br>ET GARANTIE\n<br>DE PR\u00c9CISION<\/h1><\/div><\/div><\/section>\n\n<div class=\"wp-block-image\">\n<figure class=\"aligncenter size-full\"><img loading=\"lazy\" decoding=\"async\" width=\"1024\" height=\"680\" src=\"http:\/\/llambrich.com\/wp-content\/uploads\/2023\/07\/DSC_0055-1024x680-1.jpg\" alt=\"\" class=\"wp-image-2484\" srcset=\"https:\/\/llambrich.com\/wp-content\/uploads\/2023\/07\/DSC_0055-1024x680-1.jpg 1024w, https:\/\/llambrich.com\/wp-content\/uploads\/2023\/07\/DSC_0055-1024x680-1-300x199.jpg 300w, https:\/\/llambrich.com\/wp-content\/uploads\/2023\/07\/DSC_0055-1024x680-1-768x510.jpg 768w, https:\/\/llambrich.com\/wp-content\/uploads\/2023\/07\/DSC_0055-1024x680-1-600x398.jpg 600w\" sizes=\"auto, (max-width: 1024px) 100vw, 1024px\" \/><\/figure>\n<\/div>\n\n\n<div style=\"height:70px\" aria-hidden=\"true\" class=\"wp-block-spacer\"><\/div>\n\n\n<section id=\"section-3-232\" class=\" ct-section\" ><div class=\"ct-section-inner-wrap\"><div id=\"div_block-4-232\" class=\"ct-div-block w-4by6 py-12 mb-16 ml-auto lg-mx-auto lg-w-full\" ><div id=\"text_block-5-232\" class=\"ct-text-block color-primary anim-word-reveal titol-seccio\" >La pr\u00e9cision est essentielle afin de garantir la qualit\u00e9 et l\u2019efficience dans tous nos proc\u00e9d\u00e9s de production.\n<\/div><\/div><div id=\"new_columns-8-232\" class=\"ct-new-columns mb-36\" ><div id=\"div_block-9-232\" class=\"ct-div-block\" ><div id=\"text_block-11-232\" class=\"ct-text-block font-bold color-primary sub-titol\" >Certificat&nbsp;<div>d\u2019excentricit\u00e9&nbsp;<\/div><div>maximale&nbsp;<br><\/div><\/div><\/div><div id=\"div_block-10-232\" class=\"ct-div-block\" ><div id=\"text_block-13-232\" class=\"ct-text-block anim-word-reveal mb-12 paragraf\" >Tous nos porte-m\u00e8ches de pr\u00e9cision sont fournis avec un certificat d\u2019excentricit\u00e9 maximale de 0,02 mm, 0,03 mm, 0,04 mm ou 0,05 mm, selon le mod\u00e8le.\n<\/div><div id=\"div_block-29-232\" class=\"ct-div-block horizontal gap-8\" ><img decoding=\"async\"  id=\"image-15-232\" alt=\"\" src=\"http:\/\/llambrich.com\/wp-content\/uploads\/2023\/05\/garantia-004-1.jpg\" class=\"ct-image\"\/><img decoding=\"async\"  id=\"image-30-232\" alt=\"\" src=\"http:\/\/llambrich.com\/wp-content\/uploads\/2023\/05\/garantia-003-1.jpg\" class=\"ct-image\"\/><\/div><\/div><\/div><div id=\"div_block-28-232\" class=\"ct-div-block w-full\" ><div id=\"div_block-17-232\" class=\"ct-div-block mb-16 ml-auto md-w-full lg-w-full\" ><div id=\"text_block-19-232\" class=\"ct-text-block color-primary anim-word-reveal ml-auto all-caps-thin\" >GARANTIE DE QUALIT\u00c9\n<\/div><div id=\"div_block-21-232\" class=\"ct-div-block lg-w-full w-5by6\" ><div id=\"text_block-22-232\" class=\"ct-text-block anim-word-reveal w-4by6 paragraf md-w-full\" >L\u2019inspection d\u2019excentricit\u00e9 est un processus critique dans la fabrication de porte-m\u00e8ches, car toute petite d\u00e9viation quelle qu\u2019elle soit peut affecter de mani\u00e8re significative la performance et la pr\u00e9cision de l\u2019outil. C\u2019est pourquoi nous suivons la norme la plus exigeante du march\u00e9 afin de garantir que chaque porte-m\u00e8che que nous fabriquons soit conforme avec nos standards rigoureux de qualit\u00e9 et de pr\u00e9cision.\n<\/div><\/div><\/div><\/div><\/div><\/section><section id=\"section-27-232\" class=\" ct-section\" ><div class=\"ct-section-inner-wrap\"><div id=\"div_block-25-232\" class=\"ct-div-block w-full bg-white\" ><img decoding=\"async\"  id=\"image-26-232\" alt=\"\" src=\"http:\/\/llambrich.com\/wp-content\/uploads\/2023\/05\/certificado-garantia-1.jpg\" class=\"ct-image mx-auto\"\/><\/div><\/div><\/section>\n\n<section id=\"section-3-221\" class=\" ct-section section-pb-sm\" ><div class=\"ct-section-inner-wrap\"><div id=\"div_block-23-221\" class=\"ct-div-block\" ><div id=\"div_block-4-221\" class=\"ct-div-block grid grid-cols-2 w-3by4 mx-auto md-grid-cols-1\" ><div id=\"div_block-5-221\" class=\"ct-div-block\" ><div id=\"text_block-7-221\" class=\"ct-text-block color-primary mx-auto anim-text-reveal titol-seccio\" >Nous vous \u00e9coutons\n<\/div><\/div><div id=\"div_block-6-221\" class=\"ct-div-block pl-28\" ><div id=\"text_block-9-221\" class=\"ct-text-block md-w-full anim-text-reveal mb-6 paragraf\" >Nous sommes engag\u00e9s envers nos clients. Si vous avec le moindre doute, nous sommes \u00e0 votre disposition.\n<\/div><div id=\"div_block-13-221\" class=\"ct-div-block \" ><div id=\"div_block-24-221\" class=\"ct-div-block relative button-transparent-primary button-animation\" ><a id=\"link-25-221\" class=\"ct-link px-2 py-1\" href=\"https:\/\/llambrich.com\/fr\/contact\/\" target=\"_self\"  ><div id=\"text_block-26-221\" class=\"ct-text-block mr-2 color-primary\" >CONTACTEZ-NOUS\n<\/div><div id=\"fancy_icon-27-221\" class=\"ct-fancy-icon my-auto color-white icon-lg-primary\" ><svg id=\"svg-fancy_icon-27-221\"><use xlink:href=\"#Lineariconsicon-arrow-right\"><\/use><\/svg><\/div><\/a><\/div><\/div><\/div><\/div><div id=\"div_block-11-221\" class=\"ct-div-block grid grid-cols-2 w-full\" ><div id=\"div_block-12-221\" class=\"ct-div-block mt-auto mr-auto\" ><img decoding=\"async\"  id=\"image-14-221\" alt=\"\" src=\"http:\/\/llambrich.com\/wp-content\/uploads\/2023\/03\/Group-1-1-1.png\" class=\"ct-image\"\/><\/div><\/div><\/div><\/div><\/section>","protected":false},"excerpt":{"rendered":"","protected":false},"author":6,"featured_media":0,"parent":0,"menu_order":0,"comment_status":"closed","ping_status":"closed","template":"","meta":{"_acf_changed":false,"inline_featured_image":false,"footnotes":""},"class_list":["post-3825","page","type-page","status-publish","hentry"],"acf":[],"_links":{"self":[{"href":"https:\/\/llambrich.com\/fr\/wp-json\/wp\/v2\/pages\/3825","targetHints":{"allow":["GET"]}}],"collection":[{"href":"https:\/\/llambrich.com\/fr\/wp-json\/wp\/v2\/pages"}],"about":[{"href":"https:\/\/llambrich.com\/fr\/wp-json\/wp\/v2\/types\/page"}],"author":[{"embeddable":true,"href":"https:\/\/llambrich.com\/fr\/wp-json\/wp\/v2\/users\/6"}],"replies":[{"embeddable":true,"href":"https:\/\/llambrich.com\/fr\/wp-json\/wp\/v2\/comments?post=3825"}],"version-history":[{"count":0,"href":"https:\/\/llambrich.com\/fr\/wp-json\/wp\/v2\/pages\/3825\/revisions"}],"wp:attachment":[{"href":"https:\/\/llambrich.com\/fr\/wp-json\/wp\/v2\/media?parent=3825"}],"curies":[{"name":"wp","href":"https:\/\/api.w.org\/{rel}","templated":true}]}}