{"id":3829,"date":"2023-03-20T17:07:15","date_gmt":"2023-03-20T17:07:15","guid":{"rendered":"https:\/\/llambrich.com\/compliance\/"},"modified":"2024-04-11T07:30:04","modified_gmt":"2024-04-11T07:30:04","slug":"compliance","status":"publish","type":"page","link":"https:\/\/llambrich.com\/fr\/compliance\/","title":{"rendered":"Compliance"},"content":{"rendered":"<section id=\"section-3-256\" class=\" ct-section section-header\" ><div class=\"ct-section-inner-wrap\"><h1 id=\"headline-4-256\" class=\"ct-headline text-center color-primary font-bold w-3by4 mx-auto lg-w-full my-auto page-title anim-word-reveal\">Transparence, int\u00e9grit\u00e9 et efficacit\u00e9\n<\/h1><div id=\"code_block-9-256\" class=\"ct-code-block\" ><\/div><\/div><\/section>\n\n<div class=\"wp-block-image\">\n<figure class=\"aligncenter size-full\"><img loading=\"lazy\" decoding=\"async\" width=\"1024\" height=\"560\" src=\"http:\/\/llambrich.com\/wp-content\/uploads\/2023\/07\/nosostros-04-1024x560-1.jpg\" alt=\"\" class=\"wp-image-2420\" srcset=\"https:\/\/llambrich.com\/wp-content\/uploads\/2023\/07\/nosostros-04-1024x560-1.jpg 1024w, https:\/\/llambrich.com\/wp-content\/uploads\/2023\/07\/nosostros-04-1024x560-1-300x164.jpg 300w, https:\/\/llambrich.com\/wp-content\/uploads\/2023\/07\/nosostros-04-1024x560-1-768x420.jpg 768w, https:\/\/llambrich.com\/wp-content\/uploads\/2023\/07\/nosostros-04-1024x560-1-600x328.jpg 600w\" sizes=\"auto, (max-width: 1024px) 100vw, 1024px\" \/><\/figure>\n<\/div>\n\n<section id=\"section-3-257\" class=\" ct-section \" ><div class=\"ct-section-inner-wrap\"><div id=\"div_block-4-257\" class=\"ct-div-block grid grid-cols-2 md-grid-cols-1 mb-16\" ><div id=\"div_block-5-257\" class=\"ct-div-block p-0\" ><p id=\"text_block-7-257\" class=\"ct-text-block p-0 font-bold color-primary sub-titol anim-word-reveal\" >Culture d\u2019entreprise\n<\/p><\/div><div id=\"div_block-6-257\" class=\"ct-div-block\" ><div id=\"text_block-9-257\" class=\"ct-text-block paragraf anim-line-reveal\" >Chez Llambrich, nous prenons tr\u00e8s au s\u00e9rieux la responsabilit\u00e9 sociale de l\u2019entreprise et nous sommes engag\u00e9s dans le respect de toutes les lois et r\u00e9glementations applicables. Nous sommes fiers de notre culture de conformit\u00e9 et de transparence, et nous travaillons ard\u00fbment \u00e0 ce que nos op\u00e9rations soient, \u00e0 tout moment, conformes aux plus hauts standards d\u2019int\u00e9grit\u00e9 et de d\u00e9ontologie.\n\n<\/div><\/div><\/div><div id=\"div_block-10-257\" class=\"ct-div-block w-3by4 mx-auto color-primary md-w-full\" ><div id=\"text_block-11-257\" class=\"ct-text-block text-center anim-word-reveal texts-grans\" >Notre engagement dans le respect et la d\u00e9ontologie d\u2019entreprise aide aussi nos clients \u00e0 maintenir intacte leur propre r\u00e9putation et \u00e0 construire des relations commerciales solides et durables avec nos clients.\n<\/div><\/div><\/div><\/section>\n\n<section id=\"section-3-231\" class=\" ct-section\" ><div class=\"ct-section-inner-wrap\"><div id=\"div_block-4-231\" class=\"ct-div-block grid grid-cols-2 w-full mb-16 md-grid-cols-1\" ><div id=\"div_block-5-231\" class=\"ct-div-block\" ><p id=\"text_block-7-231\" class=\"ct-text-block color-primary font-bold anim-word-reveal sub-titol\" >&nbsp;<\/p><p id=\"text_block-11-231\" class=\"ct-text-block color-primary anim-word-reveal titol-seccio\" >Certifications<\/p><\/div><div id=\"div_block-6-231\" class=\"ct-div-block md-mr-auto\" ><img decoding=\"async\"  id=\"image-13-231\" alt=\"\" src=\"http:\/\/llambrich.com\/wp-content\/uploads\/2023\/05\/calidad-llambrich.jpg\" class=\"ct-image ml-auto\"\/><\/div><\/div><div id=\"div_block-14-231\" class=\"ct-div-block\" ><div id=\"text_block-15-231\" class=\"ct-text-block anim-word-reveal paragraf\" >Nous sommes une entreprise certifi\u00e9e. Nos porte-m\u00e8ches sont fabriqu\u00e9s selon les crit\u00e8res des plus hauts standards internationaux de qualit\u00e9, y compris la certification ISO 9001. L\u2019obtention de cette certification est une preuve de notre engagement dans l\u2019excellence et de la satisfaction du client.\n<\/div><a id=\"link-17-231\" class=\"ct-link horizontal py-1 border-px relative button-white btn px-2\" href=\"http:\/\/llambrich.com\/wp-content\/uploads\/2023\/07\/quality_certifications_industrial.pdf\" target=\"_blank\"  ><div id=\"text_block-18-231\" class=\"ct-text-block mr-2 z-1 anim-text-reveal\" >CERTIFICATION DE QUALIT\u00c9\n<\/div><div id=\"fancy_icon-19-231\" class=\"ct-fancy-icon icon-lg-primary z-1\" ><svg id=\"svg-fancy_icon-19-231\"><use xlink:href=\"#Lineariconsicon-arrow-right\"><\/use><\/svg><\/div><\/a><\/div><\/div><\/section>\n\n<section id=\"section-3-258\" class=\" ct-section \" ><div class=\"ct-section-inner-wrap\"><div id=\"div_block-4-258\" class=\"ct-div-block grid grid-cols-2 w-full gap-8 md-grid-cols-1\" ><div id=\"div_block-5-258\" class=\"ct-div-block\" ><img decoding=\"async\"  id=\"image-7-258\" alt=\"\" src=\"http:\/\/llambrich.com\/wp-content\/uploads\/2023\/05\/compliance-02.jpg\" class=\"ct-image img-slide-down\"\/><\/div><div id=\"div_block-6-258\" class=\"ct-div-block h-full\" ><div id=\"div_block-19-258\" class=\"ct-div-block my-auto px-12\" ><h2 id=\"headline-8-258\" class=\"ct-headline color-primary mb-8 titol-seccio anim-text-reveal\">Gouvernement d\u2019entreprise\n<\/h2><div id=\"text_block-10-258\" class=\"ct-text-block mb-8 paragraf anim-line-reveal\" >Chez Llambrich, nous avons un engagement fort en mati\u00e8re de gouvernance et de responsabilit\u00e9 d\u2019entreprise. Nous nous engageons \u00e0 garantir la transparence, l\u2019int\u00e9grit\u00e9 et l\u2019efficacit\u00e9 dans toutes nos op\u00e9rations et processus d\u2019entreprise. Notre conseil d\u2019administration est compos\u00e9 de professionnels ayant de l\u2019exp\u00e9rience dans le secteur et dans la gestion d\u2019entreprise. Par ailleurs, nous avons un comit\u00e9 d\u2019audit et de conformit\u00e9 qui supervise tous nos proc\u00e9d\u00e9s de comptabilit\u00e9, d\u2019audit et de conformit\u00e9 aux normes.\n <\/div><\/div><\/div><\/div><\/div><\/section>\n\n<section id=\"section-22-258\" class=\" ct-section \" ><div class=\"ct-section-inner-wrap\"><div id=\"div_block-23-258\" class=\"ct-div-block grid grid-cols-2 md-grid-cols-1 gap-24\" ><div id=\"div_block-24-258\" class=\"ct-div-block\" ><h2 id=\"headline-26-258\" class=\"ct-headline color-primary titol-seccio anim-text-reveal mb-6\">Excellence op\u00e9rationnelle\n<\/h2><div id=\"text_block-29-258\" class=\"ct-text-block paragraf anim-line-reveal\" >Nous nous effor\u00e7ons d\u2019atteindre l\u2019excellence op\u00e9rationnelle dans toutes les t\u00e2ches de notre entreprise. Nous tenons \u00e0 offrir des produits et des services de haute qualit\u00e9 qui soient conformes aux attentes de nos clients ou qui les d\u00e9passent. Pour y parvenir, nous avons mis en \u0153uvre une s\u00e9rie de processus et de pratiques qui nous permettent d\u2019optimiser nos op\u00e9rations et d\u2019offrir un haut niveau de qualit\u00e9 dans nos produits et services.\n<\/div><\/div><div id=\"div_block-30-258\" class=\"ct-div-block h-full\" ><h2 id=\"headline-31-258\" class=\"ct-headline color-primary titol-seccio anim-text-reveal mb-6\">Innovation<\/h2><div id=\"text_block-32-258\" class=\"ct-text-block paragraf mt-auto anim-line-reveal\" >Nous consid\u00e9rons l\u2019innovation comme un moteur pour notre r\u00e9ussite et notre croissance sur le march\u00e9. Nous recherchons constamment de nouvelles fa\u00e7ons d\u2019am\u00e9liorer nos produits et services, et de d\u00e9velopper de nouvelles solutions pour satisfaire les besoins changeants de nos clients. L\u2019innovation est une partie fondamentale de notre strat\u00e9gie d\u2019entreprise et nous sommes fiers de faire partie de Barcelone, une ville pivot de l\u2019innovation, la logistique et la conception en Europe.\n<\/div><\/div><\/div><\/div><\/section>\n\n<section id=\"section-10-268\" class=\" ct-section \" ><div class=\"ct-section-inner-wrap\"><div id=\"div_block-11-268\" class=\"ct-div-block grid grid-cols-2 w-full gap-8 md-grid-cols-1\" ><div id=\"div_block-12-268\" class=\"ct-div-block h-full\" ><div id=\"div_block-13-268\" class=\"ct-div-block my-auto ml-auto p-page\" ><h2 id=\"headline-14-268\" class=\"ct-headline text-4xl color-primary mb-8 titol-seccio anim-text-reveal\">Personnel<\/h2><div id=\"text_block-15-268\" class=\"ct-text-block mb-8 paragraf anim-line-reveal\" >Nous veillons \u00e0 ce que nos employ\u00e9s comprennent et respectent nos politiques d\u00e9ontologiques et l\u00e9gales, et d\u00e9veloppons une culture de responsabilit\u00e9 et de conformit\u00e9 dans toute l\u2019organisation.\n<\/div><\/div><\/div><div id=\"div_block-16-268\" class=\"ct-div-block md-order-first\" ><img decoding=\"async\"  id=\"image-17-268\" alt=\"\" src=\"http:\/\/llambrich.com\/wp-content\/uploads\/2023\/05\/compliance-03.jpg\" class=\"ct-image img-slide-down\"\/><\/div><\/div><\/div><\/section>\n\n<section id=\"section-10-708\" class=\" ct-section \" ><div class=\"ct-section-inner-wrap\"><div id=\"div_block-11-708\" class=\"ct-div-block grid grid-cols-2 md-grid-cols-1 gap-24\" ><div id=\"div_block-12-708\" class=\"ct-div-block\" ><h2 id=\"headline-13-708\" class=\"ct-headline color-primary mb-6 titol-seccio anim-text-reveal\">S\u00e9curit\u00e9 et sant\u00e9\n<br><\/h2><div id=\"text_block-14-708\" class=\"ct-text-block paragraf anim-line-reveal\" >La s\u00e9curit\u00e9 et la sant\u00e9 de nos employ\u00e9s est l\u2019une de nos principales priorit\u00e9s. Nous veillons \u00e0 offrir une ambiance de travail s\u00fbre et saine, dans laquelle nos employ\u00e9s puissent exercer leur travail sans risques. Notre politique de s\u00e9curit\u00e9 et sant\u00e9 se base sur la pr\u00e9vention, l\u2019identification pr\u00e9coce de risques, et la mise en pratique de mesures pr\u00e9ventives afin de minimiser tout impact n\u00e9gatif possible.\n<\/div><\/div><div id=\"div_block-15-708\" class=\"ct-div-block\" ><h2 id=\"headline-16-708\" class=\"ct-headline color-primary mb-6 titol-seccio anim-text-reveal\">Cha\u00eene logistique\n<\/h2><div id=\"text_block-17-708\" class=\"ct-text-block paragraf anim-line-reveal\" >Nous visons \u00e0 construire une cha\u00eene logistique fiable, efficiente et durable, qui nous permettra d\u2019offrir des produits de haute qualit\u00e9 \u00e0 nos clients. Pour y parvenir, nous travaillons en \u00e9troite collaboration avec nos fournisseurs pour garantir la qualit\u00e9 et la livraison appropri\u00e9e des mat\u00e9riaux et des \u00e9l\u00e9ments n\u00e9cessaires \u00e0 nos produits.\n<\/div><\/div><\/div><\/div><\/section>\n\n<section id=\"section-3-3653\" class=\" ct-section \" ><div class=\"ct-section-inner-wrap\"><div id=\"div_block-4-3653\" class=\"ct-div-block grid grid-cols-2 w-full gap-8 md-grid-cols-1\" ><div id=\"div_block-5-3653\" class=\"ct-div-block\" ><img decoding=\"async\"  id=\"image-6-3653\" alt=\"\" src=\"https:\/\/llambrich.com\/wp-content\/uploads\/2024\/02\/image-4.jpg\" class=\"ct-image img-slide-down\"\/><\/div><div id=\"div_block-7-3653\" class=\"ct-div-block h-full\" ><div id=\"div_block-8-3653\" class=\"ct-div-block my-auto px-12\" ><h2 id=\"headline-30-3653\" class=\"ct-headline color-primary mb-8 titol-seccio anim-text-reveal\">Canal d\u00e9ontologique<br><\/h2><div id=\"text_block-27-3653\" class=\"ct-text-block mb-8 paragraf anim-line-reveal\" >Llambrich Precision a \u00e9tabli un Code de conduite qui englobe sa vision, ses principes d\u2019entreprise et des normes de conduite, et il est fondamental pour son engagement en faveur de l\u2019int\u00e9grit\u00e9. Ce code sert de r\u00e9f\u00e9rence dans des situations sp\u00e9cifiques et il est obligatoire pour tous les employ\u00e9s. Pour des questions, des suggestions ou des plaintes le concernant, deux canaux de communication ont \u00e9t\u00e9 habilit\u00e9s : un canal interne \u00e0 <b><a href=\"mailto:corporatecompliance@llambrich.com\">corporatecompliance@llambrich.com<\/a><\/b> et un autre externe&nbsp;<b><a href=\"http:\/\/llambrich.canales-eticos.com\/\">llambrich.canales-eticos.com<\/a><\/b>, disponibles pour les employ\u00e9s et les personnes li\u00e9es \u00e0 l\u2019entreprise. \u00c0 souligner le caract\u00e8re confidentiel des communications et la protection de l\u2019identit\u00e9 du plaignant dans des cas de notifications de non-respect.<\/div><\/div><\/div><\/div><\/div><\/section>\n\n<section id=\"section-32-236\" class=\" ct-section section-py-0 flex\" ><div class=\"ct-section-inner-wrap\"><div id=\"div_block-33-236\" class=\"ct-div-block mx-auto\" ><img decoding=\"async\"  id=\"image-34-236\" alt=\"\" src=\"http:\/\/llambrich.com\/wp-content\/uploads\/2023\/03\/Capa_1-6.png\" class=\"ct-image mt-auto\"\/><div id=\"div_block-35-236\" class=\"ct-div-block py-12\" ><div id=\"text_block-36-236\" class=\"ct-text-block color-primary mb-16 mx-auto anim-word-reveal titol-seccio centered\" >Consultez notre&nbsp;<div>politique de qualit\u00e9&nbsp;<\/div><\/div><div id=\"text_block-37-236\" class=\"ct-text-block mb-16 text-center anim-word-reveal paragraf\" >Toute notre organisation adopte le syst\u00e8me de gestion de la qualit\u00e9,&nbsp;<div>Bas\u00e9 sur les normes UNE EN ISO 9001 et UNE EN ISO 13485.<\/div><\/div><div id=\"div_block-38-236\" class=\"ct-div-block relative button-transparent-primary mx-auto button-animation\" ><a id=\"link-39-236\" class=\"ct-link px-2 py-1\" href=\"https:\/\/llambrich.com\/wp-content\/uploads\/2024\/02\/politica-calidad-en-2024.pdf\" target=\"_blank\"  ><div id=\"text_block-40-236\" class=\"ct-text-block mr-2 color-primary\" >CONSULTER<\/div><div id=\"fancy_icon-41-236\" class=\"ct-fancy-icon my-auto icon-lg-primary\" ><svg id=\"svg-fancy_icon-41-236\"><use xlink:href=\"#Lineariconsicon-arrow-right\"><\/use><\/svg><\/div><\/a><\/div><\/div><img decoding=\"async\"  id=\"image-42-236\" alt=\"\" src=\"http:\/\/llambrich.com\/wp-content\/uploads\/2023\/03\/Capa_1-6.png\" class=\"ct-image\"\/><\/div><\/div><\/section>","protected":false},"excerpt":{"rendered":"","protected":false},"author":6,"featured_media":0,"parent":0,"menu_order":0,"comment_status":"closed","ping_status":"closed","template":"","meta":{"_acf_changed":false,"inline_featured_image":false,"footnotes":""},"class_list":["post-3829","page","type-page","status-publish","hentry"],"acf":[],"_links":{"self":[{"href":"https:\/\/llambrich.com\/fr\/wp-json\/wp\/v2\/pages\/3829","targetHints":{"allow":["GET"]}}],"collection":[{"href":"https:\/\/llambrich.com\/fr\/wp-json\/wp\/v2\/pages"}],"about":[{"href":"https:\/\/llambrich.com\/fr\/wp-json\/wp\/v2\/types\/page"}],"author":[{"embeddable":true,"href":"https:\/\/llambrich.com\/fr\/wp-json\/wp\/v2\/users\/6"}],"replies":[{"embeddable":true,"href":"https:\/\/llambrich.com\/fr\/wp-json\/wp\/v2\/comments?post=3829"}],"version-history":[{"count":0,"href":"https:\/\/llambrich.com\/fr\/wp-json\/wp\/v2\/pages\/3829\/revisions"}],"wp:attachment":[{"href":"https:\/\/llambrich.com\/fr\/wp-json\/wp\/v2\/media?parent=3829"}],"curies":[{"name":"wp","href":"https:\/\/api.w.org\/{rel}","templated":true}]}}