{"id":3833,"date":"2024-01-20T08:42:43","date_gmt":"2024-01-20T08:42:43","guid":{"rendered":"https:\/\/llambrich.com\/contacto\/"},"modified":"2024-04-10T14:40:18","modified_gmt":"2024-04-10T14:40:18","slug":"contact","status":"publish","type":"page","link":"https:\/\/llambrich.com\/fr\/contact\/","title":{"rendered":"Contact"},"content":{"rendered":"<section id=\"sectsection-6-277\" class=\" ct-section section-header\" ><div class=\"ct-section-inner-wrap\"><h1 id=\"headline-4-277\" class=\"ct-headline text-center mb-16 text-6xl py-5\">Votre partenaire de pr\u00e9cision de r\u00e9f\u00e9rence\n<\/h1><\/div><\/section><section id=\"section-3-112\" class=\" ct-section section-py-0\" ><div class=\"ct-section-inner-wrap\"><div id=\"code_block-5-112\" class=\"ct-code-block w-full\" ><script>function initMap() {\n  \/\/ your code\n}\n<\/script>\n<script src=\"https:\/\/maps.googleapis.com\/maps\/api\/js?key=AIzaSyA3SIjiAgQFYwPHsPs6Dc0e90xJvbdsjq4&libraries=places&callback=initMap\"><\/script>\n    <div class=\"acf-map\" data-zoom=\"16\">\n        <div class=\"marker\" data-lat=\"41.3524387\" data-lng=\"2.1028318\">\n\t\t\t<p><b>Llambrich Precision SL<\/b><\/p><p><span class=\"segment-street_number\">271<\/span>, <span class=\"segment-street_name\">Avinguda Mare de D\u00e9u de Bellvitge<\/span>, <span class=\"segment-city\">L'Hospitalet de Llobregat<\/span>, <span class=\"segment-state\">Catalunya<\/span>, <span class=\"segment-post_code\">08907<\/span>, <span class=\"segment-country\">Spain<\/span>.<\/p>\t\t<\/div>\n    <\/div>\n<\/div><\/div><\/section>\n\n<section id=\"section-3-285\" class=\" ct-section\" ><div class=\"ct-section-inner-wrap\"><div id=\"code_block-47-285\" class=\"ct-code-block\" ><\/div><div id=\"div_block-4-285\" class=\"ct-div-block grid grid-cols-2 mb-16 lg-grid-cols-1 gap-12\" ><div id=\"div_block-5-285\" class=\"ct-div-block\" ><img decoding=\"async\"  id=\"image-7-285\" alt=\"\" src=\"http:\/\/llambrich.com\/wp-content\/uploads\/2023\/07\/clircle-ornament-2.svg\" class=\"ct-image w-full spin-on-scroll\"\/><\/div><div id=\"div_block-6-285\" class=\"ct-div-block\" ><p id=\"text_block-8-285\" class=\"ct-text-block mb-12 paragraf anim-word-reveal\" ><span id=\"span-9-285\" class=\"ct-span\" ><\/span><\/p><a id=\"text_block-17-285\" class=\"ct-link-text paragraf anim-word-reveal\" href=\"tel:Tel.\"   >Tel.<span id=\"span-18-285\" class=\"ct-span\" ><\/span><\/a><a id=\"text_block-22-285\" class=\"ct-link-text paragraf anim-word-reveal\" href=\"mailto:\"   ><span id=\"span-24-285\" class=\"ct-span\" ><\/span><\/a><\/div><\/div><div id=\"div_block-39-285\" class=\"ct-div-block mb-16\" ><h2 id=\"headline-37-285\" class=\"ct-headline color-primary text-9xl mb-12 anim-line-reveal-up\">CONTACTEZ-NOUS\n<\/h2><div id=\"text_block-40-285\" class=\"ct-text-block w-3by6 md-w-full paragraf anim-word-reveal\" >Prenez contact avec notre \u00e9quipe de conseillers commerciaux. Nous adapterons vos besoins \u00e0 un programme de fabrication unique d\u2019une pr\u00e9cision in\u00e9galable.\n<\/div><\/div><div id=\"div_block-42-285\" class=\"ct-div-block w-full mb-16\" >\n\t\t<div id=\"-form_widget-54-285\" class=\"oxy-form-widget w-full anim-line-reveal-up ff-oxy-element\" ><div class='fluentform ff-default fluentform_wrapper_9 ffs_custom_wrap'><form data-form_id=\"9\" id=\"fluentform_9\" class=\"frm-fluent-form fluent_form_9 ff-el-form-top ff_form_instance_9_1 ff-form-loading ffs_custom\" data-form_instance=\"ff_form_instance_9_1\" method=\"POST\" ><fieldset  style=\"border: none!important;margin: 0!important;padding: 0!important;background-color: transparent!important;box-shadow: none!important;outline: none!important; min-inline-size: 100%;\">\n                    <legend class=\"ff_screen_reader_title\" style=\"display: block; margin: 0!important;padding: 0!important;height: 0!important;text-indent: -999999px;width: 0!important;overflow:hidden;\">Contacto FR (#9)<\/legend><input type='hidden' name='__fluent_form_embded_post_id' value='3833' \/><input type=\"hidden\" id=\"_fluentform_9_fluentformnonce\" name=\"_fluentform_9_fluentformnonce\" value=\"2f37cd49ea\" \/><input type=\"hidden\" name=\"_wp_http_referer\" value=\"\/fr\/wp-json\/wp\/v2\/pages\/3833\" \/><div data-type=\"name-element\" data-name=\"names\" class=\" ff-field_container ff-name-field-wrapper\" ><div class='ff-t-container'><div class='ff-t-cell '><div class='ff-el-group  ff-el-form-top'><div class='ff-el-input--content'><input type=\"text\" name=\"names[first_name]\" id=\"ff_9_names_first_name_\" class=\"ff-el-form-control\" placeholder=\"Nom\" aria-invalid=\"false\" aria-required=false><\/div><\/div><\/div><div class='ff-t-cell '><div class='ff-el-group  ff-el-form-top'><div class='ff-el-input--content'><input type=\"text\" name=\"names[last_name]\" id=\"ff_9_names_last_name_\" class=\"ff-el-form-control\" placeholder=\"Noms de famille\" aria-invalid=\"false\" aria-required=false><\/div><\/div><\/div><\/div><\/div><div data-name=\"ff_cn_id_1\"  class='ff-t-container ff-column-container ff_columns_total_2 '><div class='ff-t-cell ff-t-column-1' style='flex-basis: 50%;'><div class='ff-el-group'><div class='ff-el-input--content'><input type=\"email\" name=\"email\" id=\"ff_9_email\" class=\"ff-el-form-control\" placeholder=\"E-mail\" data-name=\"email\"  aria-invalid=\"false\" aria-required=false><\/div><\/div><\/div><div class='ff-t-cell ff-t-column-2' style='flex-basis: 50%;'><div class='ff-el-group'><div class='ff-el-input--content'><input type=\"number\" name=\"numeric-field\" id=\"ff_9_numeric-field\" class=\"ff-el-form-control\" placeholder=\"T\u00e9l\u00e9phone\" data-name=\"numeric-field\" inputmode=\"numeric\" step=\"any\"  aria-invalid=\"false\" aria-required=false><\/div><\/div><\/div><\/div><div class='ff-el-group'><div class='ff-el-input--content'><input type=\"text\" name=\"input_text\" class=\"ff-el-form-control\" placeholder=\"Affaire\" data-name=\"input_text\" id=\"ff_9_input_text\"  aria-invalid=\"false\" aria-required=false><\/div><\/div><div class='ff-el-group'><div class='ff-el-input--content'><textarea aria-required=\"false\" aria-labelledby=\"label_ff_9_description\" name=\"description\" id=\"ff_9_description\" class=\"ff-el-form-control\" placeholder=\"Message\" rows=\"3\" cols=\"2\" data-name=\"description\" ><\/textarea><\/div><\/div><div class='ff-el-group    ff-el-input--content'><div class='ff-el-form-check ff-el-tc'><label aria-label='Terms and Conditions: J&#039;ai lu et j&#039;accepte la politique de confidentialit\u00e9 Contains 1 link. Use tab navigation to review.' class='ff-el-form-check-label ff_tc_label' for=gdpr-agreement_bcc951166ea46d8667e75efac60ff88a><span class='ff_tc_checkbox'><input type=\"checkbox\" name=\"gdpr-agreement\" class=\"ff-el-form-check-input ff_gdpr_field\" data-name=\"gdpr-agreement\" id=\"gdpr-agreement_bcc951166ea46d8667e75efac60ff88a\"  value='on' aria-invalid='false' aria-required=true><\/span> <div class='ff_t_c'>J'ai lu et j'accepte la <a href=\"http:\/\/llambrich.com\/FR\/politica-de-privacidad\/\" target=\"_blank\">politique de confidentialit\u00e9<\/a><\/div><\/label><\/div><\/div><div class='ff-el-group ff-text-left mt-6 ff_submit_btn_wrapper'><button type=\"submit\" class=\"ff-btn ff-btn-submit ff-btn-md ff_btn_style\"  aria-label=\"CONTACTER\">CONTACTER<\/button><\/div><\/fieldset><\/form><div id='fluentform_9_errors' class='ff-errors-in-stack ff_form_instance_9_1 ff-form-loading_errors ff_form_instance_9_1_errors'><\/div><\/div>            <script type=\"text\/javascript\">\n                window.fluent_form_ff_form_instance_9_1 = {\"id\":\"9\",\"settings\":{\"layout\":{\"labelPlacement\":\"top\",\"helpMessagePlacement\":\"with_label\",\"errorMessagePlacement\":\"inline\",\"cssClassName\":\"\",\"asteriskPlacement\":\"asterisk-right\"},\"restrictions\":{\"denyEmptySubmission\":{\"enabled\":false}}},\"form_instance\":\"ff_form_instance_9_1\",\"form_id_selector\":\"fluentform_9\",\"rules\":{\"names[first_name]\":{\"required\":{\"value\":false,\"message\":\"This field is required\"}},\"names[middle_name]\":{\"required\":{\"value\":false,\"message\":\"This field is required\"}},\"names[last_name]\":{\"required\":{\"value\":false,\"message\":\"This field is required\"}},\"email\":{\"required\":{\"value\":false,\"message\":\"This field is required\"},\"email\":{\"value\":true,\"message\":\"This field must contain a valid email\"}},\"numeric-field\":{\"required\":{\"value\":false,\"message\":\"This field is required\"},\"numeric\":{\"value\":true,\"message\":\"This field must contain numeric value\"},\"min\":{\"value\":\"\",\"message\":\"Minimum value is \"},\"max\":{\"value\":\"\",\"message\":\"Maximum value is \"},\"digits\":{\"value\":\"\",\"message\":\"The number of digits has to be \"}},\"input_text\":{\"required\":{\"value\":false,\"message\":\"This field is required\"}},\"description\":{\"required\":{\"value\":false,\"message\":\"This field is required\"}},\"gdpr-agreement\":{\"required\":{\"value\":true,\"message\":\"This field is required\"}}},\"debounce_time\":300};\n                            <\/script>\n            <\/div>\n\n\t\t<\/div><div id=\"div_block-44-285\" class=\"ct-div-block\" ><img decoding=\"async\"  id=\"image-45-285\" alt=\"\" src=\"http:\/\/llambrich.com\/wp-content\/uploads\/2023\/07\/contacto-02-1-industrial.jpg\" class=\"ct-image anim-line-reveal-up\"\/><\/div><\/div><\/section>\n\n<section id=\"section-3-287\" class=\" ct-section \" ><div class=\"ct-section-inner-wrap\"><div id=\"code_block-15-287\" class=\"ct-code-block\" ><\/div><h3 id=\"headline-4-287\" class=\"ct-headline text-center color-primary mx-auto mb-6 titol-seccio anim-line-reveal-up\">Vous souhaiteriez&nbsp;<div>\u00eatre notre distributeur ?&nbsp;<\/div><\/h3><p id=\"text_block-7-287\" class=\"ct-text-block w-5by6 text-center mx-auto mb-16 paragraf anim-word-reveal\" >Chez Llambrich, nous attachons de l\u2019importance aux relations commerciales \u00e0 long terme avec nos distributeurs et nous nous effor\u00e7ons de grandir ensemble.\n  <\/p><div id=\"text_block-9-287\" class=\"ct-text-block text-center color-primary py-8 mb-16 anim-line-reveal-up texts-grans\" >Nous cherchons \u00e0 \u00e9tablir des relations \u00e0 long terme avec nos distributeurs, bas\u00e9es sur la confiance, la collaboration et le succ\u00e8s commun.\n <\/div><div id=\"div_block-11-287\" class=\"ct-div-block mb-16\" ><p id=\"text_block-12-287\" class=\"ct-text-block color-primary font-bold sub-titol anim-text-reveal\" >Avantages d\u2019\u00eatre notre distributeur\n<\/p><div id=\"_rich_text-14-287\" class=\"oxy-rich-text paragraf anim-text-reveal\" ><ul>\n<li><span style=\"white-space: pre-wrap;\"><span style=\"white-space-collapse: preserve;\">Nous proposons une gamme compl&egrave;te de produits de haute qualit&eacute; qui couvrent des applications et des besoins vari&eacute;s de nos clients. Cela permet &agrave; nos distributeurs d&rsquo;avoir une grande vari&eacute;t&eacute; d&rsquo;options &agrave; offrir &agrave; leurs clients, ce qui augmente les possibilit&eacute;s de ventes et de satisfaction du client.<\/span><br \/><\/span><\/li>\n<li><span style=\"white-space: pre-wrap;\">Nous proposons un grand soutien et formation &agrave; nos distributeurs, afin de les aider &agrave; am&eacute;liorer leurs dons de ventes et leurs connaissances techniques. Nous fournissons &eacute;galement du mat&eacute;riel de marketing et des outils de vente pour aider les distributeurs &agrave; faire la publicit&eacute; de nos produits de mani&egrave;re efficace.<\/span><\/li>\n<li><span style=\"white-space-collapse: preserve;\">Llambrich est une marque reconnue et respect&eacute;e dans l&rsquo;industrie, avec une r&eacute;putation pour sa qualit&eacute; et son innovation. &Ecirc;tre un distributeur de Llambrich peut am&eacute;liorer la r&eacute;putation et la cr&eacute;dibilit&eacute; d&rsquo;un distributeur, ce qui peut aider &agrave; attirer de nouveaux clients et &agrave; fid&eacute;liser les clients actuels. <br \/><\/span><\/li>\n<\/ul><\/div><\/div><div id=\"div_block-19-287\" class=\"ct-div-block w-full\" >\n\t\t<div id=\"-form_widget-28-287\" class=\"oxy-form-widget w-full anim-line-reveal-up ff-oxy-element\" ><div class='fluentform ff-default fluentform_wrapper_11 ffs_custom_wrap'><form data-form_id=\"11\" id=\"fluentform_11\" class=\"frm-fluent-form fluent_form_11 ff-el-form-top ff_form_instance_11_2 ff-form-loading ffs_custom\" data-form_instance=\"ff_form_instance_11_2\" method=\"POST\" ><fieldset  style=\"border: none!important;margin: 0!important;padding: 0!important;background-color: transparent!important;box-shadow: none!important;outline: none!important; min-inline-size: 100%;\">\n                    <legend class=\"ff_screen_reader_title\" style=\"display: block; margin: 0!important;padding: 0!important;height: 0!important;text-indent: -999999px;width: 0!important;overflow:hidden;\">Distributor FR (#11)<\/legend><input type='hidden' name='__fluent_form_embded_post_id' value='3833' \/><input type=\"hidden\" id=\"_fluentform_11_fluentformnonce\" name=\"_fluentform_11_fluentformnonce\" value=\"2f37cd49ea\" \/><input type=\"hidden\" name=\"_wp_http_referer\" value=\"\/fr\/wp-json\/wp\/v2\/pages\/3833\" \/><div data-type=\"name-element\" data-name=\"names\" class=\" ff-field_container ff-name-field-wrapper\" ><div class='ff-t-container'><div class='ff-t-cell '><div class='ff-el-group  ff-el-form-hide_label'><div class=\"ff-el-input--label ff-el-is-required asterisk-right\"><label for='ff_11_2_names_first_name_' id='label_ff_11_2_names_first_name_' >Nom<\/label><\/div><div class='ff-el-input--content'><input type=\"text\" name=\"names[first_name]\" id=\"ff_11_2_names_first_name_\" class=\"ff-el-form-control\" placeholder=\"Nom\" aria-invalid=\"false\" aria-required=true><\/div><\/div><\/div><div class='ff-t-cell '><div class='ff-el-group  ff-el-form-hide_label'><div class=\"ff-el-input--label asterisk-right\"><label for='ff_11_2_names_last_name_' id='label_ff_11_2_names_last_name_' >Noms de famille<\/label><\/div><div class='ff-el-input--content'><input type=\"text\" name=\"names[last_name]\" id=\"ff_11_2_names_last_name_\" class=\"ff-el-form-control\" placeholder=\"Noms de famille\" aria-invalid=\"false\" aria-required=false><\/div><\/div><\/div><\/div><\/div><div data-name=\"ff_cn_id_1\"  class='ff-t-container ff-column-container ff_columns_total_2 '><div class='ff-t-cell ff-t-column-1' style='flex-basis: 50%;'><div class='ff-el-group ff-el-form-hide_label'><div class=\"ff-el-input--label asterisk-right\"><label for='ff_11_2_input_text' id='label_ff_11_2_input_text' aria-label=\"Nom de votre entreprise\">Nom de votre entreprise<\/label><\/div><div class='ff-el-input--content'><input type=\"text\" name=\"input_text\" class=\"ff-el-form-control\" placeholder=\"Nom de votre entreprise\" data-name=\"input_text\" id=\"ff_11_2_input_text\"  aria-invalid=\"false\" aria-required=false><\/div><\/div><\/div><div class='ff-t-cell ff-t-column-2' style='flex-basis: 50%;'><div class='ff-el-group ff-el-form-hide_label'><div class=\"ff-el-input--label asterisk-right\"><label for='ff_11_2_numeric-field' id='label_ff_11_2_numeric-field' aria-label=\"Num\u00e9ro d&#039;identification fiscale\">Num\u00e9ro d'identification fiscale<\/label><\/div><div class='ff-el-input--content'><input type=\"number\" name=\"numeric-field\" id=\"ff_11_2_numeric-field\" class=\"ff-el-form-control\" placeholder=\"Num\u00e9ro d&#039;identification fiscale\" data-name=\"numeric-field\" inputmode=\"numeric\" step=\"any\"  aria-invalid=\"false\" aria-required=false><\/div><\/div><\/div><\/div><div data-name=\"ff_cn_id_2\"  class='ff-t-container ff-column-container ff_columns_total_2 '><div class='ff-t-cell ff-t-column-1' style='flex-basis: 50%;'><div class='ff-el-group ff-el-form-hide_label'><div class=\"ff-el-input--label asterisk-right\"><label for='ff_11_2_input_text_1' id='label_ff_11_2_input_text_1' aria-label=\"Adresse\">Adresse<\/label><\/div><div class='ff-el-input--content'><input type=\"text\" name=\"input_text_1\" class=\"ff-el-form-control\" placeholder=\"Adresse\" data-name=\"input_text_1\" id=\"ff_11_2_input_text_1\"  aria-invalid=\"false\" aria-required=false><\/div><\/div><\/div><div class='ff-t-cell ff-t-column-2' style='flex-basis: 50%;'><div class='ff-el-group ff-el-form-hide_label'><div class=\"ff-el-input--label ff-el-is-required asterisk-right\"><label for='ff_11_2_input_text_2' id='label_ff_11_2_input_text_2' aria-label=\"Ville\">Ville<\/label><\/div><div class='ff-el-input--content'><input type=\"text\" name=\"input_text_2\" class=\"ff-el-form-control\" placeholder=\"Ville\" data-name=\"input_text_2\" id=\"ff_11_2_input_text_2\"  aria-invalid=\"false\" aria-required=true><\/div><\/div><\/div><\/div><div data-name=\"ff_cn_id_3\"  class='ff-t-container ff-column-container ff_columns_total_2 '><div class='ff-t-cell ff-t-column-1' style='flex-basis: 50%;'><div class='ff-el-group ff-el-form-hide_label'><div class=\"ff-el-input--label ff-el-is-required asterisk-right\"><label for='ff_11_2_email' id='label_ff_11_2_email' aria-label=\"e-mail\">e-mail<\/label><\/div><div class='ff-el-input--content'><input type=\"email\" name=\"email\" id=\"ff_11_2_email\" class=\"ff-el-form-control\" placeholder=\"E-mail\" data-name=\"email\"  aria-invalid=\"false\" aria-required=true><\/div><\/div><\/div><div class='ff-t-cell ff-t-column-2' style='flex-basis: 50%;'><div class='ff-el-group ff-el-form-hide_label'><div class=\"ff-el-input--label asterisk-right\"><label for='ff_11_2_numeric-field_1' id='label_ff_11_2_numeric-field_1' aria-label=\"T\u00e9l\u00e9phone\">T\u00e9l\u00e9phone<\/label><\/div><div class='ff-el-input--content'><input type=\"number\" name=\"numeric-field_1\" id=\"ff_11_2_numeric-field_1\" class=\"ff-el-form-control\" placeholder=\"T\u00e9l\u00e9phone\" data-name=\"numeric-field_1\" inputmode=\"numeric\" step=\"any\"  aria-invalid=\"false\" aria-required=false><\/div><\/div><\/div><\/div><div class='ff-el-group ff-el-form-hide_label'><div class=\"ff-el-input--label ff-el-is-required asterisk-right\"><label for='ff_11_2_description' id='label_ff_11_2_description' aria-label=\"Message\">Message<\/label><\/div><div class='ff-el-input--content'><textarea aria-required=\"true\" aria-labelledby=\"label_ff_11_2_description\" name=\"description\" id=\"ff_11_2_description\" class=\"ff-el-form-control\" placeholder=\"Message\" rows=\"3\" cols=\"2\" data-name=\"description\" ><\/textarea><\/div><\/div><div class='ff-el-group    ff-el-input--content'><div class='ff-el-form-check ff-el-tc'><label aria-label='Terms and Conditions: J&#039;ai lu et j&#039;accepte la politique de confidentialit\u00e9 Contains 1 link. Use tab navigation to review.' class='ff-el-form-check-label ff_tc_label' for=gdpr-agreement_384e34139bc9f35637a3383b420ba105><span class='ff_tc_checkbox'><input type=\"checkbox\" name=\"gdpr-agreement\" class=\"ff-el-form-check-input ff_gdpr_field\" data-name=\"gdpr-agreement\" id=\"gdpr-agreement_384e34139bc9f35637a3383b420ba105\"  value='on' aria-invalid='false' aria-required=true><\/span> <div class='ff_t_c'>J'ai lu et j'accepte la <a href=\"http:\/\/llambrich.com\/fr\/privacy-policy\/\" target=\"_blank\">politique de confidentialit\u00e9<\/a><\/div><\/label><\/div><\/div><div class='ff-el-group ff-text-left ff_submit_btn_wrapper'><button type=\"submit\" class=\"ff-btn ff-btn-submit ff-btn-md ff_btn_style\"  aria-label=\"CONTACTER\">CONTACTER<\/button><\/div><\/fieldset><\/form><div id='fluentform_11_errors' class='ff-errors-in-stack ff_form_instance_11_2 ff-form-loading_errors ff_form_instance_11_2_errors'><\/div><\/div>            <script type=\"text\/javascript\">\n                window.fluent_form_ff_form_instance_11_2 = {\"id\":\"11\",\"settings\":{\"layout\":{\"labelPlacement\":\"top\",\"helpMessagePlacement\":\"with_label\",\"errorMessagePlacement\":\"inline\",\"cssClassName\":\"\",\"asteriskPlacement\":\"asterisk-right\"},\"restrictions\":{\"denyEmptySubmission\":{\"enabled\":false}}},\"form_instance\":\"ff_form_instance_11_2\",\"form_id_selector\":\"fluentform_11\",\"rules\":{\"names[first_name]\":{\"required\":{\"value\":true,\"message\":\"This field is required\"}},\"names[middle_name]\":{\"required\":{\"value\":false,\"message\":\"This field is required\"}},\"names[last_name]\":{\"required\":{\"value\":false,\"message\":\"This field is required\"}},\"input_text\":{\"required\":{\"value\":false,\"message\":\"This field is required\"}},\"numeric-field\":{\"required\":{\"value\":false,\"message\":\"This field is required\"},\"numeric\":{\"value\":true,\"message\":\"This field must contain numeric value\"},\"min\":{\"value\":\"\",\"message\":\"Minimum value is \"},\"max\":{\"value\":\"\",\"message\":\"Maximum value is \"},\"digits\":{\"value\":\"\",\"message\":\"The number of digits has to be \"}},\"input_text_1\":{\"required\":{\"value\":false,\"message\":\"This field is required\"}},\"input_text_2\":{\"required\":{\"value\":true,\"message\":\"Este campo es obligatorio\"}},\"email\":{\"required\":{\"value\":true,\"message\":\"This field is obligatory\"},\"email\":{\"value\":true,\"message\":\"This field must contain a valid email\"}},\"numeric-field_1\":{\"required\":{\"value\":false,\"message\":\"This field is required\"},\"numeric\":{\"value\":true,\"message\":\"This field must contain numeric value\"},\"min\":{\"value\":\"\",\"message\":\"Minimum value is \"},\"max\":{\"value\":\"\",\"message\":\"Maximum value is \"},\"digits\":{\"value\":\"\",\"message\":\"The number of digits has to be \"}},\"description\":{\"required\":{\"value\":true,\"message\":\"This field is required\"}},\"gdpr-agreement\":{\"required\":{\"value\":true,\"message\":\"This field is required\"}}},\"debounce_time\":300};\n                            <\/script>\n            <\/div>\n\n\t\t<\/div><\/div><\/section>","protected":false},"excerpt":{"rendered":"","protected":false},"author":6,"featured_media":0,"parent":0,"menu_order":0,"comment_status":"closed","ping_status":"closed","template":"","meta":{"_acf_changed":false,"inline_featured_image":false,"footnotes":""},"class_list":["post-3833","page","type-page","status-publish","hentry"],"acf":[],"_links":{"self":[{"href":"https:\/\/llambrich.com\/fr\/wp-json\/wp\/v2\/pages\/3833","targetHints":{"allow":["GET"]}}],"collection":[{"href":"https:\/\/llambrich.com\/fr\/wp-json\/wp\/v2\/pages"}],"about":[{"href":"https:\/\/llambrich.com\/fr\/wp-json\/wp\/v2\/types\/page"}],"author":[{"embeddable":true,"href":"https:\/\/llambrich.com\/fr\/wp-json\/wp\/v2\/users\/6"}],"replies":[{"embeddable":true,"href":"https:\/\/llambrich.com\/fr\/wp-json\/wp\/v2\/comments?post=3833"}],"version-history":[{"count":0,"href":"https:\/\/llambrich.com\/fr\/wp-json\/wp\/v2\/pages\/3833\/revisions"}],"wp:attachment":[{"href":"https:\/\/llambrich.com\/fr\/wp-json\/wp\/v2\/media?parent=3833"}],"curies":[{"name":"wp","href":"https:\/\/api.w.org\/{rel}","templated":true}]}}