{"id":3841,"date":"2023-04-18T19:47:41","date_gmt":"2023-04-18T19:47:41","guid":{"rendered":"https:\/\/llambrich.com\/surgical\/sobre-nosotros\/"},"modified":"2024-05-10T11:00:45","modified_gmt":"2024-05-10T11:00:45","slug":"qui-sommes-nous","status":"publish","type":"page","link":"https:\/\/llambrich.com\/fr\/surgical\/qui-sommes-nous\/","title":{"rendered":"Qui sommes-nous"},"content":{"rendered":"<section id=\"section-3-115\" class=\" ct-section\" ><div class=\"ct-section-inner-wrap\"><div id=\"div_block-4-115\" class=\"ct-div-block mb-16 pt-12 w-full\" ><div id=\"div_block-5-115\" class=\"ct-div-block w-3by4 md-w-full\" ><h1 id=\"headline-7-115\" class=\"ct-headline color-primary font-bold anim-text-reveal page-title\">\u00c0 propos de Llambrich\n<\/h1><\/div><div id=\"div_block-6-115\" class=\"ct-div-block ml-10 md-w-full mt-auto\" ><a id=\"text_block-9-115\" class=\"ct-link-text underline md-w-full anim-text-reveal color-black hover-underline-stick menu-page\" href=\"#div_block-13-115\"   >Histoire<br><\/a><a id=\"text_block-24-115\" class=\"ct-link-text underline md-w-full anim-text-reveal color-black hover-underline-stick menu-page\" href=\"#section-3-123\"   >Exportation<br><\/a><a id=\"text_block-25-115\" class=\"ct-link-text underline md-w-full anim-text-reveal color-black hover-underline-stick menu-page\" href=\"#section-3-392\"   >Engagement<br><\/a><a id=\"text_block-26-115\" class=\"ct-link-text underline md-w-full anim-text-reveal color-black hover-underline-stick menu-page\" href=\"#section-5-184\"   >Valeurs<\/a><\/div><\/div><div id=\"div_block-11-115\" class=\"ct-div-block mb-28\" ><img decoding=\"async\"  id=\"image-12-115\" alt=\"\" src=\"http:\/\/llambrich.com\/wp-content\/uploads\/2023\/05\/surgical-nosostros-01.jpg\" class=\"ct-image \"\/><\/div><div id=\"div_block-13-115\" class=\"ct-div-block mx-auto mb-16\" ><div id=\"text_block-31-115\" class=\"ct-text-block color-primary anim-text-reveal text-descripcio mx-auto mb-6\" >Histoire<br><\/div><p id=\"text_block-16-115\" class=\"ct-text-block color-primary text-center mx-auto anim-word-reveal max-w-descripcio texts-grans\" >Nous sommes n\u00e9s il y a plus de 65 ans pour devenir une r\u00e9f\u00e9rence dans l\u2019industrie. Notre trajectoire sans faille nous a permis de nous consolider en tant que fabricant de porte-m\u00e8ches sur le march\u00e9 international.\n<\/p><\/div><div id=\"div_block-18-115\" class=\"ct-div-block grid grid-cols-2 md-grid-cols-1 gap-6\" ><div id=\"div_block-19-115\" class=\"ct-div-block\" ><img decoding=\"async\"  id=\"image-21-115\" alt=\"\" src=\"http:\/\/llambrich.com\/wp-content\/uploads\/2023\/04\/B-surgical.svg\" class=\"ct-image\"\/><\/div><div id=\"div_block-20-115\" class=\"ct-div-block h-full\" ><div id=\"text_block-22-115\" class=\"ct-text-block w-3by4 my-auto anim-word-reveal paragraf lg-w-full\" >Notre histoire a \u00e9t\u00e9 marqu\u00e9e par diff\u00e9rentes \u00e9tapes de l\u2019entreprise, impossibles \u00e0 obtenir si ce n\u2019est gr\u00e2ce \u00e0 une \u00e9quipe visant l\u2019excellence, l\u2019innovation et la pr\u00e9cision.\n<br><\/div><\/div><\/div><\/div><\/section>\n\n<section id=\"section-3-121\" class=\" ct-section section-py-sm\" ><div class=\"ct-section-inner-wrap\"><div id=\"div_block-4-121\" class=\"ct-div-block w-5by6 mx-auto lg-w-full\" ><div id=\"div_block-5-121\" class=\"ct-div-block py-4 sm-w-full div-numbers w-full\" ><div id=\"div_block-22-121\" class=\"ct-div-block\" ><div id=\"text_block-6-121\" class=\"ct-text-block color-primary anim-text-reveal text-7xl\" >1957<\/div><\/div><div id=\"text_block-8-121\" class=\"ct-text-block my-auto text-lg ml-auto col-span-2 menu-page\" >Llambrich a \u00e9t\u00e9 cr\u00e9\u00e9e \u00e0 Barcelone en tant qu\u2019atelier d\u2019outils de pr\u00e9cision de d\u2019ing\u00e9nierie.\n<\/div><\/div><div id=\"div_block-11-383\" class=\"ct-div-block py-4 sm-w-full div-numbers w-full\" ><div id=\"div_block-12-383\" class=\"ct-div-block\" ><div id=\"text_block-13-383\" class=\"ct-text-block color-primary anim-text-reveal text-7xl\" >1994<\/div><\/div><div id=\"text_block-14-383\" class=\"ct-text-block my-auto text-lg ml-auto col-span-2 menu-page\" >Apr\u00e8s \u00eatre pass\u00e9s par Cornell\u00e0 de Llobregat, nous avons transf\u00e9r\u00e9 notre quartier g\u00e9n\u00e9ral \u00e0 Hospitalet de Llobregat et nous avons renforc\u00e9 notre pr\u00e9sence sur le march\u00e9 international.\n<\/div><\/div><div id=\"div_block-15-383\" class=\"ct-div-block py-4 sm-w-full div-numbers w-full\" ><div id=\"div_block-16-383\" class=\"ct-div-block\" ><div id=\"text_block-17-383\" class=\"ct-text-block color-primary anim-text-reveal text-7xl\" >2004<\/div><\/div><div id=\"text_block-18-383\" class=\"ct-text-block my-auto text-lg ml-auto col-span-2 menu-page\" >En 2004, nous avons introduit le porte-m\u00e8che Hexa System, un nouveau porte-m\u00e8che de super pr\u00e9cision \u00e9quip\u00e9 d\u2019un serrage \u00e0 cl\u00e9 hexagonale pour des op\u00e9rations de per\u00e7age, fraisage, al\u00e9sage et filetage, qui pr\u00e9sente, entre autres, les caract\u00e9ristiques techniques suivantes : rotation \u00e0 droite et \u00e0 gauche, excentricit\u00e9 maximale 0,3 mm, refroidissement interne facultatif et couple de serrage sup\u00e9rieur \u00e0 100 Nm.\n<\/div><\/div><div id=\"div_block-19-383\" class=\"ct-div-block py-4 sm-w-full div-numbers w-full\" ><div id=\"div_block-20-383\" class=\"ct-div-block\" ><div id=\"text_block-21-383\" class=\"ct-text-block color-primary anim-text-reveal text-7xl\" >2014<\/div><\/div><div id=\"text_block-22-383\" class=\"ct-text-block my-auto text-lg ml-auto col-span-2 menu-page\" >Nous avons \u00e9largi notre march\u00e9 au secteur m\u00e9dical en d\u00e9veloppant des porte-m\u00e8ches dans l\u2019un des secteurs les plus exigeants du monde.\n<\/div><\/div><div id=\"div_block-10-121\" class=\"ct-div-block py-4 div-numbers w-full\" ><div id=\"div_block-23-121\" class=\"ct-div-block\" ><div id=\"text_block-11-121\" class=\"ct-text-block color-primary anim-text-reveal text-7xl\" >2023<\/div><\/div><div id=\"text_block-12-121\" class=\"ct-text-block my-auto text-lg ml-auto col-span-2 menu-page\" >Llambrich se renforce dans le secteur m\u00e9dical en devenant une r\u00e9f\u00e9rence mondiale et commence une nouvelle voie de croissance avec un rebranding et un nouveau site web.\n<\/div><\/div><\/div><\/div><\/section>\n\n<section id=\"section-3-123\" class=\" ct-section \" ><div class=\"ct-section-inner-wrap\"><div id=\"div_block-4-123\" class=\"ct-div-block mx-auto\" ><h2 id=\"headline-12-123\" class=\"ct-headline color-primary font-bold mx-auto anim-text-reveal sub-titol mb-6\">Exportation<\/h2><p id=\"text_block-7-123\" class=\"ct-text-block text-center color-primary mx-auto anim-word-reveal titol-seccio\" >Nous exportons dans plus de 50 pays\n<\/p><\/div><div id=\"div_block-9-123\" class=\"ct-div-block\" ><img decoding=\"async\"  id=\"image-10-123\" alt=\"\" src=\"http:\/\/llambrich.com\/wp-content\/uploads\/2023\/04\/mapa-export-medic-V2.gif\" class=\"ct-image\"\/><\/div><\/div><\/section>\n\n<section id=\"section-7-124\" class=\" ct-section section-py-sm\" ><div class=\"ct-section-inner-wrap\"><div id=\"div_block-8-124\" class=\"ct-div-block grid grid-cols-2\" ><div id=\"div_block-9-124\" class=\"ct-div-block\" ><p id=\"text_block-11-124\" class=\"ct-text-block color-primary font-bold text-3xl anim-text-reveal\" >Qualit\u00e9 et innovation \u00e0 l\u2019\u00e9chelle mondiale&nbsp;<\/p><\/div><div id=\"div_block-10-124\" class=\"ct-div-block\" ><p id=\"text_block-13-124\" class=\"ct-text-block anim-word-reveal\" >Nous avons une \u00e9quipe commerciale dans le monde entier. Llambrich est conforme aux standards de pr\u00e9cision les plus exigeants au monde.\n<\/p><\/div><\/div><\/div><\/section>\n\n<section id=\"section-15-124\" class=\" ct-section section-py-0\" ><div class=\"ct-section-inner-wrap\"><div id=\"div_block-16-124\" class=\"ct-div-block gap-6 w-full grid grid-cols-2\" ><div id=\"div_block-18-124\" class=\"ct-div-block pt-16\" ><div id=\"text_block-21-124\" class=\"ct-text-block color-primary lg-w-full anim-word-reveal\" >DESSINS UNIQUES POUR&nbsp;<div>USAGE M\u00c9DICAL\n<\/div><\/div><\/div><div id=\"div_block-17-124\" class=\"ct-div-block lg-w-full h-full\" ><img decoding=\"async\"  id=\"image-19-124\" alt=\"\" src=\"http:\/\/llambrich.com\/wp-content\/uploads\/2023\/05\/matt-antonioli-uvMSarsRHzo-unsplash-1.jpg\" class=\"ct-image lg-mx-auto h-full object-cover max-w-full lg-h-auto\"\/><\/div><\/div><div id=\"div_block-28-124\" class=\"ct-div-block mb-16 lg-mx-auto w-full grid grid-cols-2 gap-6 lg-grid-cols-1\" ><img decoding=\"async\"  id=\"image-20-124\" alt=\"\" src=\"http:\/\/llambrich.com\/wp-content\/uploads\/2023\/04\/Capa_1.svg\" class=\"ct-image w-1by2 lg-mx-auto spin-on-scroll col-start-2 ml-16\"\/><\/div><div id=\"div_block-23-124\" class=\"ct-div-block mx-auto w-3by4\" ><p id=\"text_block-24-124\" class=\"ct-text-block text-center\" >Nous nous effor\u00e7ons d\u2019\u00eatre \u00e0 l\u2019avant-garde de la technologie et des tendances de l\u2019industrie, ce qui nous permet de d\u00e9velopper des produits innovants qui offrent des solutions pratiques et efficaces \u00e0 nos clients. Nous avons une \u00e9quipe hautement qualifi\u00e9e et exp\u00e9riment\u00e9e d\u2019ing\u00e9nieurs et de concepteurs, qui travaillent en \u00e9troite collaboration avec nos clients pour comprendre leurs besoins et concevoir des solutions personnalis\u00e9es \u00e0 la hauteur de leurs exigences sp\u00e9cifiques.\n<\/p><\/div><\/div><\/section>\n\n<section id=\"section-3-392\" class=\" ct-section \" ><div class=\"ct-section-inner-wrap\"><div id=\"div_block-4-392\" class=\"ct-div-block w-full grid grid-cols-3 gap-8 md-grid-cols-1\" ><div id=\"div_block-5-392\" class=\"ct-div-block\" ><img decoding=\"async\"  id=\"image-6-392\" alt=\"\" src=\"http:\/\/llambrich.com\/wp-content\/uploads\/2023\/07\/nuestro-compromiso-2.png\" class=\"ct-image\"\/><\/div><div id=\"div_block-7-392\" class=\"ct-div-block col-span-2 md-col-span-1\" ><h2 id=\"headline-8-392\" class=\"ct-headline color-primary text-7xl mb-16\">Notre&nbsp;<div>engagement&nbsp;<\/div><\/h2><div id=\"div_block-10-392\" class=\"ct-div-block ml-10 sm-ml-0\" ><div id=\"_rich_text-9-392\" class=\"oxy-rich-text color-primary texts-grans\" ><p><span style=\"white-space-collapse: preserve;\">Nous basons notre culture d&rsquo;entreprise sur des engagements solides envers nos partenaires, nos employ&eacute;s, nos clients et nos fournisseurs. <\/span><\/p><\/div><\/div><\/div><\/div><\/div><\/section>\n\n<section id=\"section-10-132\" class=\" ct-section \" ><div class=\"ct-section-inner-wrap\"><div id=\"div_block-11-132\" class=\"ct-div-block w-full grid grid-cols-2 gap-8 lg-grid-cols-1\" ><div id=\"div_block-12-132\" class=\"ct-div-block h-full\" ><div id=\"div_block-16-132\" class=\"ct-div-block max-w-1by2-page h-full ml-auto p-page w-full\" ><div id=\"text_block-13-132\" class=\"ct-text-block my-auto lg-w-full anim-word-reveal max-w-450 paragraf\" >Nous travaillons jour apr\u00e8s jour pour continuer d\u2019\u00eatre le fournisseur chirurgical de r\u00e9f\u00e9rence, tr\u00e8s professionnel, avec lequel il est facile de faire des affaires et qui fournit un excellent service et une qualit\u00e9 de produits. Nous aimons \u00eatre proactifs \u00e0 la recherche de solutions qui vont au-del\u00e0 des exigences m\u00e9dicales de nos clients.\n<\/div><\/div><\/div><div id=\"div_block-14-132\" class=\"ct-div-block lg-order-first lg-w-full\" ><img decoding=\"async\"  id=\"image-15-132\" alt=\"\" src=\"http:\/\/llambrich.com\/wp-content\/uploads\/2023\/05\/image-1.jpg\" class=\"ct-image lg-mx-auto lg-w-full max-w-full\"\/><\/div><\/div><\/div><\/section>\n\n<section>\r\n    <div class=\"w-full py-12 overflow-hidden\">\r\n        <div class=\"tickerwrapper\">\r\n            <ul class='list'>\r\n                            <li class='listitem text-7xl color-black font-stroke mr-4'>\r\n                    <span>des solutions innovantes de qualit\u00e9 \u00e0 un prix concurrentiel.<\/span>\r\n                <\/li>\r\n                <li class='listitem text-7xl color-black font-stroke mr-4'>\r\n                    <span>des solutions innovantes de qualit\u00e9 \u00e0 un prix concurrentiel.<\/span>\r\n                <\/li>\r\n                <li class='listitem text-7xl color-black font-stroke mr-4'>\r\n                    <span>des solutions innovantes de qualit\u00e9 \u00e0 un prix concurrentiel.<\/span>\r\n                <\/li>\r\n                            <\/ul>\r\n        <\/div>\r\n    <\/div>\r\n<\/section>\n\n\n<section id=\"section-5-184\" class=\" ct-section section-pb-0\" ><div class=\"ct-section-inner-wrap\"><div id=\"div_block-9-184\" class=\"ct-div-block mx-auto mb-12\" ><h2 id=\"text_block-10-184\" class=\"ct-text-block color-primary font-bold mx-auto anim-text-reveal sub-titol\" >Valeurs<\/h2><p id=\"text_block-11-184\" class=\"ct-text-block text-center mx-auto anim-word-reveal paragraf\" >Les valeurs de la pr\u00e9cision, l\u2019excellence et la sp\u00e9cialisation font partie de notre ADN.\n<\/p><\/div><\/div><\/section>\n\n<link rel=\"stylesheet\" href=\"https:\/\/cdnjs.cloudflare.com\/ajax\/libs\/Swiper\/5.4.5\/css\/swiper.min.css\" \/>\r\n\r\n<script src=\"https:\/\/cdnjs.cloudflare.com\/ajax\/libs\/Swiper\/5.4.5\/js\/swiper.min.js\"><\/script>\r\n\r\n<section>\r\n<div class=\"swiper-fullscreen\">\r\n<div class=\"swiper-wrapper\">\r\n\t\t\t\r\n\r\n<div class=\"swiper-slide flex py-10\" style=\"background-image: url('https:\/\/llambrich.com\/wp-content\/uploads\/2023\/07\/DSC_0255V2.jpg')\">\r\n\t<div class=\"my-auto mx-auto flex color-white max-w-page p-page text-2xl text-center\"><p>Engag\u00e9s dans la fabrication de porte-m\u00e8ches pr\u00e9cis, durables et efficaces<\/p>\n<\/div>\r\n    \r\n<\/div>\r\n\t\t\t\r\n\r\n<div class=\"swiper-slide flex py-10\" style=\"background-image: url('https:\/\/llambrich.com\/wp-content\/uploads\/2023\/07\/DSC_0122-4.jpg')\">\r\n\t<div class=\"my-auto mx-auto flex color-white max-w-page p-page text-2xl text-center\"><p>Nous r\u00e9alisons les inspections d\u2019excentricit\u00e9 les plus exigeantes du march\u00e9 depuis 1963<\/p>\n<\/div>\r\n    \r\n<\/div>\r\n\t\t\t\r\n\r\n<div class=\"swiper-slide flex py-10\" style=\"background-image: url('https:\/\/llambrich.com\/wp-content\/uploads\/2023\/07\/DSC_0244-3.jpg')\">\r\n\t<div class=\"my-auto mx-auto flex color-white max-w-page p-page text-2xl text-center\"><p>Nous sommes un fournisseur complet en mesure de satisfaire tout type de demande de porte-m\u00e8ches.<\/p>\n<\/div>\r\n    \r\n<\/div>\r\n\t<\/div>\r\n<\/div>\r\n<\/section>\n\n\n<section id=\"section-3-133\" class=\" ct-section bg-alt\" ><div class=\"ct-section-inner-wrap\"><img decoding=\"async\"  id=\"image-4-133\" alt=\"\" src=\"http:\/\/llambrich.com\/wp-content\/uploads\/2023\/03\/Group-2.png\" class=\"ct-image\"\/><div id=\"div_block-5-133\" class=\"ct-div-block mx-auto\" ><h3 id=\"headline-6-133\" class=\"ct-headline color-primary my-auto w-2by3 anim-text-reveal titol-seccio md-w-full md-text-center\">Commen\u00e7ons ensemble \u00e0 concevoir la pr\u00e9cision de demain\n<\/h3><div id=\"div_block-20-133\" class=\"ct-div-block my-auto mx-auto button-animation\" ><a id=\"link-16-133\" class=\"ct-link horizontal py-1 border-px relative btn px-2 anim-text-reveal button-bg-alt\" href=\"https:\/\/llambrich.com\/fr\/surgical\/contact\/\" target=\"_self\"  ><div id=\"text_block-17-133\" class=\"ct-text-block mr-2 z-1 text-button\" >CONTACTEZ-NOUS\n<\/div><div id=\"fancy_icon-18-133\" class=\"ct-fancy-icon icon-lg-primary z-1\" ><svg id=\"svg-fancy_icon-18-133\"><use xlink:href=\"#Lineariconsicon-arrow-right\"><\/use><\/svg><\/div><\/a><\/div><\/div><\/div><\/section>","protected":false},"excerpt":{"rendered":"","protected":false},"author":6,"featured_media":0,"parent":3836,"menu_order":0,"comment_status":"closed","ping_status":"closed","template":"","meta":{"_acf_changed":false,"inline_featured_image":false,"footnotes":""},"class_list":["post-3841","page","type-page","status-publish","hentry"],"acf":[],"_links":{"self":[{"href":"https:\/\/llambrich.com\/fr\/wp-json\/wp\/v2\/pages\/3841","targetHints":{"allow":["GET"]}}],"collection":[{"href":"https:\/\/llambrich.com\/fr\/wp-json\/wp\/v2\/pages"}],"about":[{"href":"https:\/\/llambrich.com\/fr\/wp-json\/wp\/v2\/types\/page"}],"author":[{"embeddable":true,"href":"https:\/\/llambrich.com\/fr\/wp-json\/wp\/v2\/users\/6"}],"replies":[{"embeddable":true,"href":"https:\/\/llambrich.com\/fr\/wp-json\/wp\/v2\/comments?post=3841"}],"version-history":[{"count":0,"href":"https:\/\/llambrich.com\/fr\/wp-json\/wp\/v2\/pages\/3841\/revisions"}],"up":[{"embeddable":true,"href":"https:\/\/llambrich.com\/fr\/wp-json\/wp\/v2\/pages\/3836"}],"wp:attachment":[{"href":"https:\/\/llambrich.com\/fr\/wp-json\/wp\/v2\/media?parent=3841"}],"curies":[{"name":"wp","href":"https:\/\/api.w.org\/{rel}","templated":true}]}}