{"id":3846,"date":"2023-04-18T20:38:29","date_gmt":"2023-04-18T20:38:29","guid":{"rendered":"https:\/\/llambrich.com\/surgical\/fabricacion\/"},"modified":"2024-04-10T14:39:36","modified_gmt":"2024-04-10T14:39:36","slug":"fabrication","status":"publish","type":"page","link":"https:\/\/llambrich.com\/fr\/surgical\/fabrication\/","title":{"rendered":"Fabrication"},"content":{"rendered":"<section id=\"section-3-146\" class=\" ct-section section-header\" ><div class=\"ct-section-inner-wrap\"><div id=\"div_block-4-146\" class=\"ct-div-block mx-auto\" ><h1 id=\"headline-5-146\" class=\"ct-headline color-primary font-bold text-center mx-auto anim-word-reveal md-w-full page-title mb-8\">Qualit\u00e9 et innovation \u00e0 l\u2019\u00e9chelle mondiale\n<\/h1><div id=\"text_block-8-146\" class=\"ct-text-block w-3by4 mx-auto anim-word-reveal md-w-full text-center paragraf\" >Notre passion pour l\u2019innovation nous \u00e0 men\u00e9s \u00e0 \u00eatre leaders dans la fabrication de porte-m\u00e8ches en inox pour usage chirurgical. Nous sommes engag\u00e9s dans la recherche et le d\u00e9veloppement pour l\u2019am\u00e9lioration continue de toute notre gamme de produits afin d\u2019offrir au secteur de nouvelles solutions.\n<\/div><\/div><\/div><\/section>\n\n<div class=\"wp-block-image\">\n<figure class=\"aligncenter size-large\"><img loading=\"lazy\" decoding=\"async\" width=\"1024\" height=\"680\" src=\"http:\/\/llambrich.com\/wp-content\/uploads\/2023\/05\/DSC_0093-1024x680.jpg\" alt=\"\" class=\"wp-image-1647\" srcset=\"https:\/\/llambrich.com\/wp-content\/uploads\/2023\/05\/DSC_0093-1024x680.jpg 1024w, https:\/\/llambrich.com\/wp-content\/uploads\/2023\/05\/DSC_0093-600x398.jpg 600w, https:\/\/llambrich.com\/wp-content\/uploads\/2023\/05\/DSC_0093-300x199.jpg 300w, https:\/\/llambrich.com\/wp-content\/uploads\/2023\/05\/DSC_0093-768x510.jpg 768w, https:\/\/llambrich.com\/wp-content\/uploads\/2023\/05\/DSC_0093.jpg 1500w\" sizes=\"auto, (max-width: 1024px) 100vw, 1024px\" \/><\/figure>\n<\/div>\n\n<section id=\"section-3-147\" class=\" ct-section\" ><div class=\"ct-section-inner-wrap\"><div id=\"div_block-4-147\" class=\"ct-div-block mb-16\" ><div id=\"text_block-5-147\" class=\"ct-text-block color-primary md-w-full anim-word-reveal texts-grans\" >Cet engagement nous a permis de cr\u00e9er des produits nouveaux, uniques et innovants.\n<\/div><\/div><div id=\"div_block-7-147\" class=\"ct-div-block grid grid-cols-2 w-full md-grid-cols-1\" ><div id=\"div_block-8-147\" class=\"ct-div-block mt-12\" ><div id=\"text_block-11-147\" class=\"ct-text-block mx-auto my-auto md-w-full anim-word-reveal paragraf\" >Chez Llambrich, nous nous effor\u00e7ons d\u2019\u00eatre \u00e0 l\u2019avant-garde de la technologie et l\u2019innovation, et nous travaillons continuellement \u00e0 la conception et la fabrication de porte-m\u00e8ches plus pr\u00e9cis, durables et efficaces.\n<\/div><\/div><div id=\"div_block-9-147\" class=\"ct-div-block\" ><img decoding=\"async\"  id=\"image-10-147\" alt=\"\" src=\"http:\/\/llambrich.com\/wp-content\/uploads\/2023\/04\/Capa_1-1.svg\" class=\"ct-image md-mx-auto spin-on-scroll\"\/><\/div><\/div><\/div><\/section>\n\n<section id=\"section-8-1652\" class=\" ct-section section-pb-0 section-pt-sm\" ><div class=\"ct-section-inner-wrap\"><h2 id=\"headline-9-1652\" class=\"ct-headline text-8xl color-primary mx-auto anim-word-reveal text-center\">MATI\u00c8RE PREMI\u00c8RE CERTIFI\u00c9E&nbsp;<\/h2><div id=\"div_block-10-1652\" class=\"ct-div-block grid grid-cols-2 gap-8 md-grid-cols-1\" ><div id=\"div_block-11-1652\" class=\"ct-div-block\" ><img decoding=\"async\"  id=\"image-12-1652\" alt=\"\" src=\"http:\/\/llambrich.com\/wp-content\/uploads\/2023\/07\/llambrich-foto.jpg\" class=\"ct-image photo-animation\"\/><\/div><div id=\"div_block-13-1652\" class=\"ct-div-block h-full\" ><div id=\"text_block-14-1652\" class=\"ct-text-block my-auto w-2by3 md-w-full anim-word-reveal paragraf\" >Nous savons que, dans le secteur de la sant\u00e9, il est crucial d\u2019\u00eatre conforme aux standards et aux r\u00e8glements rigoureux, et c\u2019est pourquoi nous travaillons avec de l\u2019inox de haute qualit\u00e9 (AISI 303 - AISI 431 - AISI 440B - AISI 420 - 17.4 PH).\n<\/div><\/div><\/div><\/div><\/section>\n\n<section id=\"section-9-1653\" class=\" ct-section\" ><div class=\"ct-section-inner-wrap\"><div id=\"div_block-10-1653\" class=\"ct-div-block grid grid-cols-2 w-full lg-grid-cols-1 gap-8\" ><div id=\"div_block-11-1653\" class=\"ct-div-block h-full\" ><div id=\"div_block-12-1653\" class=\"ct-div-block my-auto\" ><h2 id=\"headline-13-1653\" class=\"ct-headline lg-w-full mb-12 anim-word-reveal\">PROGRAMME DE FABRICATION&nbsp;<\/h2><div id=\"text_block-14-1653\" class=\"ct-text-block anim-word-reveal paragraf\" >Notre programme de fabrication de porte-m\u00e8ches chirurgicaux est dot\u00e9 d\u2019un proc\u00e9d\u00e9 de tra\u00e7abilit\u00e9 rigoureux, du choix des mati\u00e8res premi\u00e8res de haute qualit\u00e9 au proc\u00e9d\u00e9 de fabrication et \u00e0 l\u2019envoi des produits. Tout est document\u00e9 et certifi\u00e9 afin de garantir la plus haute s\u00e9curit\u00e9 et fiabilit\u00e9.\n<\/div><\/div><\/div><div id=\"div_block-15-1653\" class=\"ct-div-block relative\" ><img decoding=\"async\"  id=\"image-16-1653\" alt=\"\" src=\"http:\/\/llambrich.com\/wp-content\/uploads\/2023\/07\/procesos-1.png\" class=\"ct-image mx-auto img-slide-down\"\/><img decoding=\"async\"  id=\"image-17-1653\" alt=\"\" src=\"http:\/\/llambrich.com\/wp-content\/uploads\/2023\/05\/circle_1.svg\" class=\"ct-image spin-on-scroll-reverse\"\/><\/div><\/div><\/div><\/section>\n\n<section id=\"section-4-211\" class=\" ct-section\" ><div class=\"ct-section-inner-wrap\"><div id=\"div_block-5-211\" class=\"ct-div-block grid grid-cols-2 w-full mb-16 gap-12 md-grid-cols-1\" ><div id=\"div_block-6-211\" class=\"ct-div-block\" ><div id=\"text_block-8-211\" class=\"ct-text-block color-primary font-bold text-4xl anim-word-reveal\" >Personnalisation et RDI&nbsp;<\/div><\/div><div id=\"div_block-7-211\" class=\"ct-div-block\" ><div id=\"text_block-10-211\" class=\"ct-text-block w-5by6 md-w-full anim-word-reveal paragraf\" >Notre \u00e9quipe d\u2019ing\u00e9nieurs hautement qualifi\u00e9s et exp\u00e9riment\u00e9s travaille \u00e9troitement avec nos clients pour comprendre leurs besoins et d\u00e9velopper des solutions personnalis\u00e9es capables de satisfaire leurs exigences sp\u00e9cifiques.\n<\/div><\/div><\/div><div id=\"div_block-12-211\" class=\"ct-div-block grid grid-cols-2 gap-12 md-grid-cols-1\" ><div id=\"div_block-18-211\" class=\"ct-div-block\" ><div id=\"div_block-13-211\" class=\"ct-div-block py-16 mb-6\" ><img decoding=\"async\"  id=\"image-15-211\" alt=\"\" src=\"http:\/\/llambrich.com\/wp-content\/uploads\/2023\/07\/2-3-1V2.png\" class=\"ct-image bg-alt\"\/><\/div><a id=\"link_text-32-400\" class=\"ct-link-text mx-auto text-2xl color-primary\" href=\"https:\/\/llambrich.com\/fr\/productos-quirurgico\/?_surgical_categories=portabrocas-quirurgicos-fr\" target=\"_self\"  >Mandrin<\/a><\/div><div id=\"div_block-21-211\" class=\"ct-div-block\" ><div id=\"div_block-14-211\" class=\"ct-div-block mb-6\" ><img decoding=\"async\"  id=\"image-16-211\" alt=\"\" src=\"http:\/\/llambrich.com\/wp-content\/uploads\/2023\/07\/19-90V2.png\" class=\"ct-image py-16\"\/><\/div><a id=\"link_text-33-400\" class=\"ct-link-text mx-auto text-2xl color-primary\" href=\"https:\/\/llambrich.com\/fr\/productos-quirurgico\/?_surgical_categories=llaves-de-apriete-fr\" target=\"_self\"  >Cl\u00e9s<\/a><\/div><\/div><\/div><\/section>\n\n<section id=\"section-17-1655\" class=\" ct-section bg-primary\" ><div class=\"ct-section-inner-wrap\"><div id=\"div_block-18-1655\" class=\"ct-div-block mb-16 py-12\" ><p id=\"text_block-19-1655\" class=\"ct-text-block color-primary text-center color-white anim-text-reveal texts-grans\" >Une gamme compl\u00e8te de porte-m\u00e8ches en inox fabriqu\u00e9s pour un usage en chirurgie orthop\u00e9dique et traumatologique\n<\/p><\/div><div id=\"div_block-20-1655\" class=\"ct-div-block grid grid-cols-2 w-full md-grid-cols-1\" ><div id=\"div_block-21-1655\" class=\"ct-div-block \" ><div id=\"text_block-22-1655\" class=\"ct-text-block color-white font-bold anim-word-reveal sub-titol\" >Qualit\u00e9 et s\u00e9curit\u00e9\n<\/div><\/div><div id=\"div_block-23-1655\" class=\"ct-div-block\" ><div id=\"div_block-24-1655\" class=\"ct-div-block mb-8 slide-in-block\" ><div id=\"text_block-26-1655\" class=\"ct-text-block color-white anim-word-reveal mb-2 font-bold fem-per\" >Tra\u00e7abilit\u00e9<\/div><div id=\"text_block-33-1655\" class=\"ct-text-block color-white anim-word-reveal\" >La tra\u00e7abilit\u00e9 est un aspect crucial dans la fabrication de nos produits ; c\u2019est pourquoi nous avons des syst\u00e8mes de suivi et de contr\u00f4le afin de garantir la tra\u00e7abilit\u00e9 de chacun de nos porte-m\u00e8ches.\n<\/div><\/div><div id=\"div_block-34-1655\" class=\"ct-div-block mb-8 slide-in-block\" ><div id=\"text_block-35-1655\" class=\"ct-text-block color-white anim-word-reveal mb-2 font-bold fem-per\" >Documentation<\/div><div id=\"text_block-36-1655\" class=\"ct-text-block color-white anim-word-reveal\" >Nous veillons \u00e0 ce que chacun de nos produits soit compl\u00e8tement document\u00e9 et \u00e0 ce qu\u2019un suivi constant soit r\u00e9alis\u00e9 pendant tout le proc\u00e9d\u00e9 de fabrication afin de garantir la plus haute s\u00e9curit\u00e9 et fiabilit\u00e9.\n<\/div><\/div><\/div><\/div><\/div><\/section>\n\n<section id=\"section-3-219\" class=\" ct-section section-pt-0\" ><div class=\"ct-section-inner-wrap\"><div id=\"new_columns-5-219\" class=\"ct-new-columns\" ><div id=\"div_block-6-219\" class=\"ct-div-block pb-12\" ><img decoding=\"async\"  id=\"image-8-219\" alt=\"\" src=\"http:\/\/llambrich.com\/wp-content\/uploads\/2023\/03\/tiro-aerogeneradores-montanas-1.png\" class=\"ct-image w-full\"\/><\/div><div id=\"div_block-7-219\" class=\"ct-div-block\" ><div id=\"div_block-9-219\" class=\"ct-div-block mt-24 mb-24\" ><div id=\"text_block-10-219\" class=\"ct-text-block color-primary font-bold mb-16 anim-text-reveal sub-titol\" >Fabrication&nbsp;<div>durable&nbsp;<\/div><\/div><div id=\"text_block-12-219\" class=\"ct-text-block color-primary anim-text-reveal texts-grans\" >Chez Llambrich, nous croyons en la responsabilit\u00e9 sociale et environnementale en tant que pilier fondamental dans notre philosophie d\u2019entreprise.\n<\/div><\/div><div id=\"text_block-14-219\" class=\"ct-text-block w-4by6 mx-auto lg-w-full anim-word-reveal paragraf\" >C\u2019est pourquoi, nous avons adopt\u00e9 des pratiques durables dans notre proc\u00e9d\u00e9 de fabrication afin de minimiser notre impact sur l\u2019environnement et de promouvoir la conservation des ressources naturelles. Nous utilisons des mat\u00e9riaux de haute qualit\u00e9 et employons une technologie de pointe et efficiente en mati\u00e8re d\u2019utilisation de l\u2019\u00e9nergie afin de r\u00e9duire notre empreinte de carbone.\n<\/div><\/div><\/div><\/div><\/section>\n\n<section id=\"section-3-221\" class=\" ct-section section-pb-sm\" ><div class=\"ct-section-inner-wrap\"><div id=\"div_block-23-221\" class=\"ct-div-block\" ><div id=\"div_block-4-221\" class=\"ct-div-block grid grid-cols-2 w-3by4 mx-auto md-grid-cols-1\" ><div id=\"div_block-5-221\" class=\"ct-div-block\" ><div id=\"text_block-7-221\" class=\"ct-text-block color-primary mx-auto anim-text-reveal titol-seccio\" >Faites-nous votre demande\n<\/div><\/div><div id=\"div_block-6-221\" class=\"ct-div-block pl-28\" ><div id=\"text_block-9-221\" class=\"ct-text-block md-w-full anim-text-reveal mb-6 paragraf\" >Nous fabriquons des porte-m\u00e8ches chirurgicaux personnalis\u00e9s et con\u00e7us pour \u00eatre conformes \u00e0 vos besoins.\n<\/div><div id=\"div_block-13-221\" class=\"ct-div-block \" ><div id=\"div_block-24-221\" class=\"ct-div-block relative button-transparent-primary button-animation\" ><a id=\"link-25-221\" class=\"ct-link px-2 py-1\" href=\"https:\/\/llambrich.com\/fr\/surgical\/contact\/\" target=\"_self\"  ><div id=\"text_block-26-221\" class=\"ct-text-block mr-2 color-primary\" >CONTACTEZ-NOUS\n<\/div><div id=\"fancy_icon-27-221\" class=\"ct-fancy-icon my-auto color-white icon-lg-primary\" ><svg id=\"svg-fancy_icon-27-221\"><use xlink:href=\"#Lineariconsicon-arrow-right\"><\/use><\/svg><\/div><\/a><\/div><\/div><\/div><\/div><div id=\"div_block-11-221\" class=\"ct-div-block grid grid-cols-2 w-full\" ><div id=\"div_block-12-221\" class=\"ct-div-block mt-auto mr-auto\" ><img decoding=\"async\"  id=\"image-14-221\" alt=\"\" src=\"http:\/\/llambrich.com\/wp-content\/uploads\/2023\/05\/Capa_1-1.svg\" class=\"ct-image\"\/><\/div><\/div><\/div><\/div><\/section>","protected":false},"excerpt":{"rendered":"","protected":false},"author":6,"featured_media":0,"parent":3836,"menu_order":0,"comment_status":"closed","ping_status":"closed","template":"","meta":{"_acf_changed":false,"inline_featured_image":false,"footnotes":""},"class_list":["post-3846","page","type-page","status-publish","hentry"],"acf":[],"_links":{"self":[{"href":"https:\/\/llambrich.com\/fr\/wp-json\/wp\/v2\/pages\/3846","targetHints":{"allow":["GET"]}}],"collection":[{"href":"https:\/\/llambrich.com\/fr\/wp-json\/wp\/v2\/pages"}],"about":[{"href":"https:\/\/llambrich.com\/fr\/wp-json\/wp\/v2\/types\/page"}],"author":[{"embeddable":true,"href":"https:\/\/llambrich.com\/fr\/wp-json\/wp\/v2\/users\/6"}],"replies":[{"embeddable":true,"href":"https:\/\/llambrich.com\/fr\/wp-json\/wp\/v2\/comments?post=3846"}],"version-history":[{"count":0,"href":"https:\/\/llambrich.com\/fr\/wp-json\/wp\/v2\/pages\/3846\/revisions"}],"up":[{"embeddable":true,"href":"https:\/\/llambrich.com\/fr\/wp-json\/wp\/v2\/pages\/3836"}],"wp:attachment":[{"href":"https:\/\/llambrich.com\/fr\/wp-json\/wp\/v2\/media?parent=3846"}],"curies":[{"name":"wp","href":"https:\/\/api.w.org\/{rel}","templated":true}]}}