{"id":3864,"date":"2023-07-13T08:22:02","date_gmt":"2023-07-13T08:22:02","guid":{"rendered":"https:\/\/llambrich.com\/aviso-legal\/"},"modified":"2024-04-10T11:53:32","modified_gmt":"2024-04-10T11:53:32","slug":"aviso-legal","status":"publish","type":"page","link":"https:\/\/llambrich.com\/fr\/aviso-legal\/","title":{"rendered":"MENTIONS L\u00c9GALES"},"content":{"rendered":"\n<p>Protection de donn\u00e9es - <strong>LLAMBRICH PRECISI\u00d3N S.L.<\/strong>vous informe que votre adresse e-mail, ainsi que le reste de vos donn\u00e9es \u00e0 caract\u00e8re personnel seront utilis\u00e9es pour notre relation et pour pouvoir vous fournir nos services. Ces donn\u00e9es sont n\u00e9cessaires pour pouvoir communiquer avec vous, ce qui nous permet l\u2019utilisation de vos informations en toute l\u00e9galit\u00e9. Par ailleurs, vous pourrez avoir connaissance des informations sur les organismes qui auront besoin d\u2019acc\u00e9der \u00e0 celles-ci pour que nous puissions vous fournir nos services. Nous conserverons vos donn\u00e9es pendant notre relation et tant que les lois applicables nous y obligeront. Vous pouvez \u00e0 tout moment vous adresser \u00e0 nous pour savoir quelles informations nous avons sur vous, les rectifier si n\u00e9cessaire et les \u00e9liminer au terme de notre relation. Vous avez \u00e9galement le droit de demander que vos informations soient transf\u00e9r\u00e9es \u00e0 une autre soci\u00e9t\u00e9 (portabilit\u00e9). Pour demander l\u2019un de ces droits, vous devrez envoyer une demande \u00e9crite \u00e0 notre adresse, accompagn\u00e9e d\u2019une photocopie de votre carte d\u2019identit\u00e9 :<strong> LLAMBRICH PRECISI\u00d3N S.L<\/strong>., sise \u00e0 <strong>Avenida Mare de D\u00e9u de Bellvitge 271-273, CP 08907, L'Hospitalet de Llobregat<\/strong> (Barcelona).<\/p>\n\n\n\n<p>Si vous comprenez que vos droits ont \u00e9t\u00e9 n\u00e9glig\u00e9s par notre soci\u00e9t\u00e9, vous pouvez formuler une plainte \u00e0 l\u2019Agence espagnole de protection des donn\u00e9es (<a href=\"http:\/\/www.agpd.es\">www.agpd.es<\/a>).<\/p>\n\n\n\n<p><strong>Confidentialit\u00e9<\/strong>. - Le contenu de cette communication, ainsi que celui de toute la documentation annexe, est confidentiel et est adress\u00e9 au destinataire de celle-ci. Si vous n\u2019\u00eates pas le destinataire, nous vous demandons de nous le signaler, de ne pas communiquer son contenu \u00e0 des tiers, et de la d\u00e9truire.<\/p>\n\n\n\n<p><strong>Exclusion de responsabilit\u00e9<\/strong>. - L\u2019envoi de la pr\u00e9sente communication n\u2019implique pas l\u2019obligation de la part de l\u2019exp\u00e9diteur de contr\u00f4ler l\u2019absence de virus, ver informatique, cheval de Troie et\/ou tout autre programme informatique nuisible, et il revient au destinataire de disposer des outils de mat\u00e9riel et logiciel n\u00e9cessaires pour garantir aussi bien la s\u00e9curit\u00e9 du son syst\u00e8me d\u2019information que la d\u00e9tection et l\u2019\u00e9limination de programmes informatiques nuisibles. LLAMBRICH PRECISI\u00d3N S.L. ne se porte pas responsable des dommages et pr\u00e9judices que ces programmes informatiques pourraient causer au destinataire.<\/p>\n","protected":false},"excerpt":{"rendered":"<p>Protection de donn\u00e9es - LLAMBRICH PRECISI\u00d3N S.L.vous informe que votre adresse e-mail, ainsi que le reste de vos donn\u00e9es \u00e0 caract\u00e8re personnel seront utilis\u00e9es pour notre relation et pour pouvoir vous fournir nos services. Ces donn\u00e9es sont n\u00e9cessaires pour pouvoir communiquer avec vous, ce qui nous permet l\u2019utilisation de vos informations en toute l\u00e9galit\u00e9. Par [&hellip;]<\/p>\n","protected":false},"author":6,"featured_media":0,"parent":0,"menu_order":0,"comment_status":"closed","ping_status":"open","template":"","meta":{"_acf_changed":false,"inline_featured_image":false,"footnotes":""},"class_list":["post-3864","page","type-page","status-publish","hentry"],"acf":[],"_links":{"self":[{"href":"https:\/\/llambrich.com\/fr\/wp-json\/wp\/v2\/pages\/3864","targetHints":{"allow":["GET"]}}],"collection":[{"href":"https:\/\/llambrich.com\/fr\/wp-json\/wp\/v2\/pages"}],"about":[{"href":"https:\/\/llambrich.com\/fr\/wp-json\/wp\/v2\/types\/page"}],"author":[{"embeddable":true,"href":"https:\/\/llambrich.com\/fr\/wp-json\/wp\/v2\/users\/6"}],"replies":[{"embeddable":true,"href":"https:\/\/llambrich.com\/fr\/wp-json\/wp\/v2\/comments?post=3864"}],"version-history":[{"count":0,"href":"https:\/\/llambrich.com\/fr\/wp-json\/wp\/v2\/pages\/3864\/revisions"}],"wp:attachment":[{"href":"https:\/\/llambrich.com\/fr\/wp-json\/wp\/v2\/media?parent=3864"}],"curies":[{"name":"wp","href":"https:\/\/api.w.org\/{rel}","templated":true}]}}