{"id":3865,"date":"2023-05-16T08:53:26","date_gmt":"2023-05-16T08:53:26","guid":{"rendered":"https:\/\/llambrich.com\/politica-de-cookies\/"},"modified":"2024-04-11T07:48:53","modified_gmt":"2024-04-11T07:48:53","slug":"politica-de-cookies","status":"publish","type":"page","link":"https:\/\/llambrich.com\/fr\/politica-de-cookies\/","title":{"rendered":"POLITIQUE CONCERNANT LES COOKIES"},"content":{"rendered":"\n<p><a href=\"http:\/\/llambrich.com\/politica-de-cookies\/#\"><\/a><\/p>\n\n\n\n<p>Bienvenue \u00e0 la <strong>POLITIQUE DE COOKIES<\/strong> du site web de la soci\u00e9t\u00e9 LLAMBRICH PRECISI\u00d3N S.L., d\u00e9tentrice du num\u00e9ro d\u2019identit\u00e9 fiscale B08102709, o\u00f9 nous allons vous expliquer en langage clair et simple toutes les questions n\u00e9cessaires pour que vous puissiez avoir le contr\u00f4le sur elles selon vos d\u00e9cisions personnelles.<\/p>\n\n\n\n<ul class=\"wp-block-list\">\n<li><strong>QUE SONT LES COOKIES ET POUR QUOI LES UTILISONS-NOUS ?<\/strong><\/li>\n<\/ul>\n\n\n\n<p>Un cookie ou biscuit informatique est un petit fichier d\u2019informations qui est gard\u00e9 dans votre ordinateur, \u00ab smartphone \u00bb ou tablette chaque fois que vous visitez notre site web.<\/p>\n\n\n\n<p>En principe, un cookie est inoffensif : il ne contient pas de virus, de chevaux de Troie, de vers informatiques, etc. susceptibles d\u2019endommager votre terminal, mais il est vrai qu\u2019il a un certain impact sur votre droit \u00e0 la protection de vos donn\u00e9es \u00e0 caract\u00e8re personnel, car il collecte certaines informations concernant votre personne (habitudes de navigation, identit\u00e9, pr\u00e9f\u00e9rences, etc.).<\/p>\n\n\n\n<p>C'est la raison pour laquelle, sur la base de ce qui est \u00e9tabli dans la r\u00e9glementation applicable (LSSI et la r\u00e9glementation en vigueur concernant la protection des donn\u00e9es \u00e0 caract\u00e8re personnel), l\u2019activation de certains types de cookies demandera une autorisation pr\u00e9alable.<\/p>\n\n\n\n<p>Avant cela, nous allons vous donner quelques informations suppl\u00e9mentaires qui vous aideront \u00e0 prendre des d\u00e9cisions \u00e0 cet \u00e9gard :<\/p>\n\n\n\n<ol class=\"wp-block-list\">\n<li>Les cookies peuvent \u00eatre de plusieurs types en fonction de leur finalit\u00e9 :<\/li>\n<\/ol>\n\n\n\n<ul class=\"wp-block-list\">\n<li>Les cookies techniques sont n\u00e9cessaires pour que notre site web puisse fonctionner, ils n\u2019ont pas besoin de votre autorisation et sont les seuls qui sont activ\u00e9s par d\u00e9faut.<\/li>\n\n\n\n<li>Le reste des cookies servent \u00e0 am\u00e9liorer notre site, pour le personnaliser en fonction de vos pr\u00e9f\u00e9rences, ou pour pouvoir vous montrer de la publicit\u00e9 adapt\u00e9e \u00e0 vos recherches, vos go\u00fbts et vos int\u00e9r\u00eats personnels. Vous pouvez accepter tous ces cookies en cliquant sur le bouton <strong>ACCEPTER <\/strong>ou les configurer et <strong>refuser <\/strong>leur utilisation en cliquant sur la rubrique <strong>PARAM\u00c9TRAGE DE COOKIES<\/strong><\/li>\n<\/ul>\n\n\n\n<ol class=\"wp-block-list\" start=\"2\">\n<li>Certains cookies sont \u00e0 nous (nous les appellerons <strong>cookies propres<\/strong>) et d'autres appartiennent \u00e0 des entreprises externes qui fournissent des services pour notre site web (nous les appellerons <strong>cookies de tiers<\/strong> : par exemple, les cookies de fournisseurs externes tels que Google). En ce sens, il est important que vous sachiez que certains de ces fournisseurs externes peuvent \u00eatre situ\u00e9s en dehors de l\u2019Espagne.<\/li>\n<\/ol>\n\n\n\n<p>\u00c0 l\u2019\u00e9chelle mondiale, tous les pays n\u2019ont pas un m\u00eame niveau de protection des donn\u00e9es, et il existe certains pays plus s\u00fbrs que d\u2019autres (par exemple, l\u2019Union europ\u00e9enne est un environnement s\u00fbr pour vos donn\u00e9es). Notre politique est d'avoir recours \u00e0 des fournisseurs fiables qui, ind\u00e9pendamment du fait qu\u2019ils se trouvent ou non dans l\u2019Union europ\u00e9enne, ont adopt\u00e9 les garanties appropri\u00e9es pour la protection de vos renseignements personnels. N\u00e9anmoins, au paragraphe intitul\u00e9 \u00ab<strong> QUEL TYPE DE COOKIES SONT ACTUELLEMENT UTILIS\u00c9S SUR NOTRE SITE WEB ?<\/strong> \u00bb, vous pouvez consulter les diff\u00e9rentes politiques de confidentialit\u00e9 et de protection des donn\u00e9es de chacun des fournisseurs externes concern\u00e9s, afin de prendre une d\u00e9cision en toute conscience sur l\u2019activation ou la non-activation des <strong>cookies de tiers<\/strong> qu\u2019utilise notre site web.<\/p>\n\n\n\n<ol class=\"wp-block-list\" start=\"3\">\n<li>Enfin, vous signaler que, en fonction du d\u00e9lai de temps qu\u2019ils restent actifs, les cookies peuvent \u00eatre de deux types :<\/li>\n<\/ol>\n\n\n\n<ul class=\"wp-block-list\">\n<li><strong>Cookies de session<\/strong>: ils expirent automatiquement lorsque vous terminez la session sur votre ordinateur, \u00ab smartphone \u00bb ou tablette. Ils sont g\u00e9n\u00e9ralement employ\u00e9s pour conserver les informations n\u00e9cessaires pendant qu\u2019un service est fourni en une seule occasion.<\/li>\n\n\n\n<li><strong>Cookies persistants : <\/strong>ils restent stock\u00e9s dans votre ordinateur, \u00ab smartphone \u00bb ou tablette pendant une p\u00e9riode d\u00e9termin\u00e9e, qui peut varier de quelques minutes \u00e0 plusieurs ann\u00e9es.<\/li>\n\n\n\n<li><strong>QUEL TYPE DE COOKIES SONT ACTUELLEMENT UTILIS\u00c9S SUR NOTRE SITE WEB ?<\/strong><\/li>\n\n\n\n<li><strong>Cookies techniques<\/strong>:<\/li>\n<\/ul>\n\n\n\n<p>Les cookies techniques sont strictement n\u00e9cessaires pour que notre site web fonctionne et que vous puissiez y naviguer. Ces cookies sont ceux qui, par exemple, nous permettent de vous identifier, de vous donner acc\u00e8s \u00e0 certaines parties restreintes du site si n\u00e9cessaire, ou de rappeler certaines options ou services d\u00e9j\u00e0 s\u00e9lectionn\u00e9s par vous, tels que vos pr\u00e9f\u00e9rences de confidentialit\u00e9. C\u2019est pourquoi <strong>elles sont activ\u00e9es par d\u00e9faut, sans que votre autorisation soit n\u00e9cessaire<\/strong>.<\/p>\n\n\n\n<p>Par le biais du param\u00e9trage de votre navigateur, vous pouvez bloquer ou avertir de la pr\u00e9sence de ce type de cookies, mais ce blocage affectera le bon fonctionnement des diff\u00e9rentes fonctionnalit\u00e9s de notre site web.<\/p>\n\n\n\n<ul class=\"wp-block-list\">\n<li><strong>Cookies d\u2019analyse :<\/strong><\/li>\n<\/ul>\n\n\n\n<p>Les cookies d\u2019analyse nous permettent d\u2019\u00e9tudier la navigation des utilisateurs de notre site web en g\u00e9n\u00e9ral (par exemple, quelles sections de la page sont les plus visit\u00e9es, quels services sont le plus souvent utilis\u00e9s et s\u2019ils fonctionnement correctement, etc.)<\/p>\n\n\n\n<p>\u00c0 partir des informations statistiques concernant la navigation sur notre site web, nous pouvons am\u00e9liorer aussi bien le fonctionnement du site que les diff\u00e9rents services qu\u2019il propose. Ces cookies <strong>n\u2019ont donc pas de finalit\u00e9 publicitaire<\/strong> et servent uniquement \u00e0 ce que notre site web fonctionne mieux, en s\u2019adaptant \u00e0 nos utilisateurs en g\u00e9n\u00e9ral. En les activant, vous contribuerez \u00e0 cette am\u00e9lioration continue.<\/p>\n\n\n\n<p><strong>Vous pouvez activer ou d\u00e9sactiver ces cookies en cochant la case correspondante<\/strong>, car elles sont d\u00e9sactiv\u00e9es par d\u00e9faut.<\/p>\n\n\n\n<ul class=\"wp-block-list\">\n<li><strong>Cookies de fonctionnalit\u00e9 et personnalisation :<\/strong><\/li>\n<\/ul>\n\n\n\n<p>Les cookies de fonctionnalit\u00e9 nous permettent de m\u00e9moriser vos pr\u00e9f\u00e9rences, afin de personnaliser sur mesure certaines caract\u00e9ristiques et options g\u00e9n\u00e9rales de notre page web, chaque fois que vous acc\u00e9dez \u00e0 celle-ci (par exemple, la langue dans laquelle vous sont pr\u00e9sent\u00e9es les informations, les sections marqu\u00e9es comme favorites, votre type de navigateur, etc.).<\/p>\n\n\n\n<p>Ces cookies n\u2019ont donc pas de <strong>finalit\u00e9 publicitaire,<\/strong> mais en les activant, vous am\u00e9liorerez la fonctionnalit\u00e9 du site web (par exemple, il s\u2019adaptera \u00e0 votre type de navigateur) et la personnalisation de celui-ci sur la base de vos pr\u00e9f\u00e9rences (par exemple, en pr\u00e9sentant les informations dans la langue que vous avez choisie lors d\u2019occasions pr\u00e9c\u00e9dentes), ce qui contribuera \u00e0 la facilit\u00e9, \u00e0 l\u2019utilisabilit\u00e9 et \u00e0 la commodit\u00e9 de notre site pendant votre navigation.<\/p>\n\n\n\n<p><strong>Vous pouvez activer ou d\u00e9sactiver ces cookies en cochant la case correspondante<\/strong>, car elles sont d\u00e9sactiv\u00e9es par d\u00e9faut.<\/p>\n\n\n\n<ul class=\"wp-block-list\">\n<li><strong>Cookies de publicit\u00e9 :<\/strong><\/li>\n<\/ul>\n\n\n\n<p>Les cookies de publicit\u00e9 nous permettent la gestion des espaces publicitaires inclus dans notre site web sur la base de crit\u00e8res tels que le contenu montr\u00e9 ou la fr\u00e9quence \u00e0 laquelle sont montr\u00e9s les annonces publicitaires.<\/p>\n\n\n\n<p>Par exemple, si une m\u00eame annonce vous a \u00e9t\u00e9 montr\u00e9e plusieurs fois sur notre site web et vous n\u2019avez fait preuve d\u2019aucun int\u00e9r\u00eat personnel en cliquant dessus, celle-ci ne r\u00e9appara\u00eetra pas. En r\u00e9sum\u00e9, en activant ce type de cookies, la publicit\u00e9 affich\u00e9e sur notre site web sera la plus utile et vari\u00e9e, et moins r\u00e9p\u00e9titive.<\/p>\n\n\n\n<p><strong>Vous pouvez activer ou d\u00e9sactiver ces cookies en cochant la case correspondante<\/strong>, car elles sont d\u00e9sactiv\u00e9es par d\u00e9faut.<\/p>\n\n\n\n<ul class=\"wp-block-list\">\n<li><strong>Cookies de publicit\u00e9 comportementale :<\/strong><\/li>\n<\/ul>\n\n\n\n<p>Les cookies de publicit\u00e9 comportementale nous permettent d\u2019obtenir des informations bas\u00e9es sur l\u2019observation de vos habitudes et comportements de navigation sur le web, afin de pouvoir vous montrer des contenus publicitaires qui s\u2019adaptent mieux \u00e0 vos go\u00fbts et int\u00e9r\u00eats personnels.<\/p>\n\n\n\n<p>Pour que vous compreniez plus simplement, nous allons mettre un exemple fictif : si vos derni\u00e8res recherches sur le web sont li\u00e9es \u00e0 de la litt\u00e9rature de suspense, nous vous montrerions de la publicit\u00e9 sur des livres de suspense.<\/p>\n\n\n\n<p>Par cons\u00e9quent, en activant ce type de cookies, la publicit\u00e9 que nous vous montrerons sur notre site web ne sera pas g\u00e9n\u00e9rique, mais elle sera plut\u00f4t orient\u00e9e vers vos recherches, vos go\u00fbts et vos int\u00e9r\u00eats, et s\u2019adaptera donc exclusivement \u00e0 vous.<\/p>\n\n\n\n<p><strong>Vous pouvez activer ou d\u00e9sactiver ces cookies en cochant la case correspondante, <\/strong>car elles sont d\u00e9sactiv\u00e9es par d\u00e9faut.<\/p>\n\n\n\n<ul class=\"wp-block-list\">\n<li><strong>QUEL TYPE DE COOKIES SONT ACTUELLEMENT UTILIS\u00c9S SUR NOTRE SITE WEB ?<\/strong><\/li>\n<\/ul>\n\n\n\n<p>Nous allons ci-apr\u00e8s vous informer sut tous les types de cookies qui sont actuellement utilis\u00e9s sur notre site web et la finalit\u00e9 de chacun de ceux-ci (Remarque : le client doit compl\u00e9ter le pr\u00e9sent tableau, en indiquant tous les cookies qui sont utilis\u00e9s sur son site web, qu\u2019ils soient propres ou de tiers) :<\/p>\n\n\n\n<figure class=\"wp-block-table\"><table><tbody><tr><td><strong>Type de cookie<\/strong><\/td><td><strong>Finalit\u00e9<\/strong><\/td><td><strong>Soci\u00e9t\u00e9 responsable et lien vers sa politique de confidentialit\u00e9 et de protection des donn\u00e9es<\/strong><\/td><td><strong>D\u00e9lai de temps (de session \/ persistante)<\/strong><\/td><\/tr><tr><td>__Secure-3PSIDCC<\/td><td>Tiers<\/td><td>Publicitaire. Ces cookies sont utilis\u00e9s pour montrer des annonces plus importantes pour vous et vos int\u00e9r\u00eats<\/td><td>1 an<\/td><\/tr><tr><td>__Secure-1PSIDCC<\/td><td>Tiers<\/td><td>Publicitaire. Ces cookies sont utilis\u00e9s pour montrer des annonces plus importantes pour vous et vos int\u00e9r\u00eats<\/td><td>1 an<\/td><\/tr><tr><td>SIDCC<\/td><td>Tiers<\/td><td>\u00a0Il est utilis\u00e9 par Google pour fournir des services et extraire des informations anonymes sur la navigation<\/td><td>1 an<\/td><\/tr><tr><td>SSID<\/td><td>Analytiques et techniques.\u00a0<\/td><td>En cr\u00e9ant et en commen\u00e7ant une session dans un compte de Google, des cookies SIDCC, HSID, APISID, SID, SSID, SIDCC, SAPISID, __Secure-3PAPISID, __Secure-3PSID, __Secure-3PSIDCC sont install\u00e9s afin de rester connect\u00e9 \u00e0 votre compte de Google en visitant \u00e0 nouveau ses services. Tant que cette session sera active et que vous utiliserez des compl\u00e9ments dans d\u2019autres sites web comme le n\u00f4tre, Google fera usage de ces cookies pour am\u00e9liorer votre exp\u00e9rience d\u2019utilisation.<\/td><td>2 ans<\/td><\/tr><tr><td>HSID<\/td><td>Google<\/td><td>En cr\u00e9ant et en commen\u00e7ant une session dans un compte de Google, des cookies SIDCC, NID, HSID, APISID, SID, SIDCC, SAPISID, GAPS, LSID, BEAT, ULS sont install\u00e9s afin de rester connect\u00e9 \u00e0 votre compte de Google en visitant \u00e0 nouveau ses services. Tant que cette session sera active et que vous utiliserez des compl\u00e9ments dans d\u2019autres sites web comme le n\u00f4tre, Google fera usage de ces cookies pour am\u00e9liorer votre exp\u00e9rience d\u2019utilisation.<\/td><td>2 ans<\/td><\/tr><tr><td>__Secure-3PSID<\/td><td>Tiers<\/td><td>Ces cookies permettent aux sites d\u2019authentifier les utilisateurs, \u00e9vitent l\u2019utilisation frauduleuse d\u2019accr\u00e9ditation de d\u00e9but de session et prot\u00e8gent les donn\u00e9es d\u2019utilisateur face \u00e0 des tiers non autoris\u00e9s.<\/td><td>2 ans<\/td><\/tr><tr><td>__Secure-1PSID<\/td><td>Tiers<\/td><td>Ces cookies permettent aux sites d\u2019authentifier les utilisateurs, \u00e9vitent l\u2019utilisation frauduleuse d\u2019accr\u00e9ditation de d\u00e9but de session et prot\u00e8gent les donn\u00e9es d\u2019utilisateur face \u00e0 des tiers non autoris\u00e9s.<\/td><td>2 ans<\/td><\/tr><tr><td>SID<\/td><td>Google<\/td><td>Ils stockent des informations, des identificateurs et des pr\u00e9f\u00e9rences dans Google<\/td><td>2 ans<\/td><\/tr><tr><td>__Secure-1PAPISID<\/td><td>Tiers<\/td><td>Publicitaire. Ces cookies sont utilis\u00e9s pour montrer des annonces plus importantes pour vous et vos int\u00e9r\u00eats<\/td><td>2 ans<\/td><\/tr><tr><td>APISID<\/td><td>Tiers<\/td><td>Cookies publicitaires utilis\u00e9s par des services de Google.<\/td><td>Session<\/td><\/tr><tr><td>__Secure-3PAPISID<\/td><td>Tiers<\/td><td>Publicitaire. Ces cookies sont utilis\u00e9s pour montrer des annonces plus importantes pour vous et vos int\u00e9r\u00eats<\/td><td>2 mois<\/td><\/tr><tr><td>SAPISID<\/td><td>Tiers<\/td><td>En cr\u00e9ant et en commen\u00e7ant une session dans un compte de Google, des cookies SIDCC, NID, HSID, APISID, SID, SIDCC, SAPISID, GAPS, LSID, BEAT, ULS sont install\u00e9s afin de rester connect\u00e9 \u00e0 votre compte de Google en visitant \u00e0 nouveau ses services.<\/td><td>2 ans<\/td><\/tr><tr><td>DV<\/td><td>Tiers<\/td><td>Utilis\u00e9 par Google pour la personnalisation des annonces publicitaires. Dur\u00e9e\u00a0: Session (il expire \u00e0 la fermeture du navigateur)<\/td><td>\u00a0jusqu\u2019\u00e0 6 mois.<\/td><\/tr><tr><td>1P_JAR<\/td><td>Tiers<\/td><td>Cookie de Google. Il est utilis\u00e9 pour collecter des statistiques du site web et pister les taux de conversion<\/td><td>30 jours<\/td><\/tr><tr><td>NID<\/td><td>Tiers<\/td><td>Ces cookies sont utilis\u00e9s par Google pour stocker les pr\u00e9f\u00e9rences de l\u2019utilisateur<\/td><td>6 mois<\/td><\/tr><tr><td>_hjIncludedInPageviewSample<\/td><td>Analytique<\/td><td>Ce cookie est param\u00e9tr\u00e9 pour que Hotjar sache si ce visiteur est inclus dans l\u2019\u00e9chantillonnage de donn\u00e9es d\u00e9fini par la limite de visites sur la page de son site.<\/td><td>session<\/td><\/tr><tr><td>_hjAbsoluteSessionInProgress<\/td><td>Analytique<\/td><td>Ce cookie est utilis\u00e9 pour d\u00e9tecter la premi\u00e8re session de visite de page d\u2019un utilisateur. C\u2019est un indicateur de Vrai \/ Faux \u00e9tabli par le cookie.<\/td><td>Session<\/td><\/tr><tr><td>_hjSession_2998607<\/td><td>Propre<\/td><td>Cookies Hotjar qui est \u00e9tabli lorsqu\u2019un utilisateur arrive pour la premi\u00e8re fois sur une page avec un script Hotjar. Il est utilis\u00e9 pour conserver l\u2019ID d\u2019utilisateur de Hotjar, unique pour ce site sur le navigateur. Il assure que le comportement dans lors de visites ult\u00e9rieures sur le m\u00eame site sera attribu\u00e9 au m\u00eame ID d\u2019utilisateur.<\/td><td>30 minutes<\/td><\/tr><tr><td>_hjFirstSeen<\/td><td>Hotjar<\/td><td>Pour identifier la premi\u00e8re utilisation d\u2019un nouvel utilisateur.<\/td><td>Sesi\u00f3n<\/td><\/tr><tr><td>_gat_UA-215576954-1<\/td><td>HTTP Cookie<\/td><td>Utilis\u00e9 par Google Analytics pour contr\u00f4ler le taux de demandes<\/td><td>1 jour<\/td><\/tr><tr><td>SEARCH_SAMESITE<\/td><td>Propre<\/td><td>L\u2019objectif est de nuancer le risque de fuite d\u2019informations d\u2019origine crois\u00e9e. Il fournit \u00e9galement une certaine protection contre les attaques de falsification de demandes entre sites.<\/td><td>5 mois<\/td><\/tr><tr><td>CONSENT<\/td><td>Tiers<\/td><td>Fonction d\u2019acceptation de cookies sur des sites web<\/td><td>Permanent<\/td><\/tr><tr><td>cookielawinfo-checkbox-performance<\/td><td>Propre<\/td><td>Le cookie est configur\u00e9 par le compl\u00e9ment de GDPR Cookie Consent. Le cookie est utilis\u00e9 pour stocker le consentement de l\u2019utilisateur pour les cookies dans la cat\u00e9gorie \u00ab\u00a0Performance\u00a0\u00bb.<\/td><td>1 an<\/td><\/tr><tr><td>wp-wpml_current_language<\/td><td>WPML<\/td><td>Cookies du Plugin WPML pour stocker le param\u00e9trage de langages.<\/td><td>1 jour<\/td><\/tr><tr><td>CookieLawInfoConsent<\/td><td>Propre<\/td><td>Ce cookie est param\u00e9tr\u00e9 dans le plugin GDPR et utilis\u00e9 pour stocker si l\u2019utilisateur a consenti ou non l\u2019utilisation de cookies. Il ne stocke aucune donn\u00e9e \u00e0 caract\u00e8re personnel.<\/td><td>11 mois<\/td><\/tr><tr><td>cli_user_preference<\/td><td>De tiers, permanent<\/td><td>Ce cookie stocke des informations consolid\u00e9es de consentement de toutes les cat\u00e9gories dans le compl\u00e9ment de consentement de cookies de GRPD. Ce cookie est utilis\u00e9 pour garantir le bon fonctionnement du compl\u00e9ment de certains compl\u00e9ments de cach\u00e9.<\/td><td>1 an<\/td><\/tr><tr><td>viewed_cookie_policy<\/td><td>De tiers, permanent<\/td><td>Ce cookie est param\u00e9tr\u00e9 par le compl\u00e9ment \u00ab\u00a0GDPR Cookie Consent plugin\u00a0\u00bb et utilis\u00e9 pour stocker si l\u2019utilisateur a consenti ou non \u00e0 l\u2019utilisation de cookies. Il ne stocke aucune donn\u00e9e \u00e0 caract\u00e8re personnel.<\/td><td>1 an<\/td><\/tr><tr><td>UULE<\/td><td>google.es<\/td><td>cookie asociada al servicio de Google Maps. Permite la geolocalizaci\u00f3n de nuestro laboratorio en la secci\u00f3n correspondiente de este sitio web. Le remitimos a la pol\u00edtica de privacidad de Google (http:\/\/www.google.es\/intl\/es\/policies\/privacy\/).<\/td><td>1 jour<\/td><\/tr><tr><td>cookielawinfo-checkbox-advertisement<\/td><td>Propre<\/td><td>Le cookie est param\u00e9tr\u00e9 par GDPR Cookie Consent pour enregistrer le consentement de l\u2019utilisateur pour les cookies dans la cat\u00e9gorie \u00ab\u00a0Publicit\u00e9\u00a0\u00bb.<\/td><td>1 an<\/td><\/tr><tr><td>cookielawinfo-checkbox-analytics<\/td><td>Propre<\/td><td>Ce cookie est configur\u00e9 par le compl\u00e9ment de WordPress de GDPR Cookie Consent. Le cookie est utilis\u00e9 pour stocker le consentement de l\u2019utilisateur pour les cookies dans la cat\u00e9gorie \u00ab\u00a0Analytiques\u00a0\u00bb.<\/td><td>1 an<\/td><\/tr><tr><td>cookielawinfo-checkbox-functional<\/td><td>Propre<\/td><td>Le cookie est param\u00e9tr\u00e9 par GDPR Cookie Consent pour enregistrer le consentement de l\u2019utilisateur pour les cookies dans la cat\u00e9gorie \u00ab\u00a0Fonctionnel\u00a0\u00bb.<\/td><td>1 an<\/td><\/tr><tr><td>cookielawinfo-checkbox-necessary<\/td><td>Propre<\/td><td>Utilis\u00e9 pour l'acceptation de cookies n\u00e9cessaires.<\/td><td>11 mois<\/td><\/tr><\/tbody><\/table><\/figure>\n\n\n\n<ul class=\"wp-block-list\">\n<li><strong>QUE POUVEZ-VOUS FAIRE AVEC LES COOKIES ?<\/strong><\/li>\n<\/ul>\n\n\n\n<p>Lorsque vous acc\u00e9dez pour la premi\u00e8re fois \u00e0 notre site web, une fen\u00eatre s\u2019affiche dans laquelle nous vous informons que les cookies peuvent \u00eatre de plusieurs types :<\/p>\n\n\n\n<ul class=\"wp-block-list\">\n<li>Les cookies techniques sont n\u00e9cessaires pour que notre site web puisse fonctionner, ils n\u2019ont pas besoin de votre autorisation et sont les seuls qui sont activ\u00e9s par d\u00e9faut.<\/li>\n\n\n\n<li>Le reste des cookies servent \u00e0 am\u00e9liorer notre site, pour le personnaliser en fonction de vos pr\u00e9f\u00e9rences, ou pour pouvoir vous montrer de la publicit\u00e9 adapt\u00e9e \u00e0 vos recherches, vos go\u00fbts et vos int\u00e9r\u00eats personnels. Vous pouvez accepter tous ces cookies en cliquant sur le bouton <strong>ACCEPTER <\/strong>ou les configurer et <strong>refuser <\/strong>leur utilisation en cliquant sur la rubrique <strong>PARAM\u00c9TRAGE DE COOKIES<\/strong><\/li>\n<\/ul>\n\n\n\n<p>Nous tenons \u00e0 vous informer \u00e9galement que, une fois que vous aurez activ\u00e9 un type de cookie, vous aurez la possibilit\u00e9 de les d\u00e9sactiver quand vous le souhaiterez. Il vous suffira de d\u00e9cocher la case correspondante dans la rubrique <strong>PARAM\u00c9TRAGE DE COOKIES<\/strong> de notre site web. Il vous sera toujours aussi simple d\u2019activer et de d\u00e9sactiver nos cookies propres.<\/p>\n\n\n\n<p>Nous vous rappelons aussi que, par le biais du param\u00e9trage de votre navigateur, vous pouvez bloquer ou avertir de la pr\u00e9sence de ce type de cookies, mais ce blocage affectera le bon fonctionnement des diff\u00e9rentes fonctionnalit\u00e9s de notre site web dans le cas des cookies techniques n\u00e9cessaires.<\/p>\n\n\n\n<p>Enfin, vous signaler que, si vous activez des <strong>cookies de tiers<\/strong> (entreprises externes qui fournissent des services pour notre site web) et si vous souhaiter les d\u00e9sactiver ult\u00e9rieurement, vous pourrez le faire de deux mani\u00e8res : en utilisant les outils de d\u00e9sactivation de cookies de votre navigateur ou par le biais des propres syst\u00e8mes habilit\u00e9s par les fournisseurs externes en question.<\/p>\n\n\n\n<p>Afin que ce soit plus facile pour vous, nous vous mettons la liste d\u2019une s\u00e9rie de liens vers les \u00e9tapes de d\u00e9sactivation de cookies des navigateurs les plus courants :<\/p>\n\n\n\n<ul class=\"wp-block-list\">\n<li><a href=\"https:\/\/support.google.com\/accounts\/answer\/61416?co=GENIE.Platform%3DDesktop&amp;hl=es\">Google Chrome<\/a>.<\/li>\n\n\n\n<li><a href=\"https:\/\/support.mozilla.org\/es\/kb\/Borrar%20cookies\">Mozilla Firefox<\/a>.<\/li>\n\n\n\n<li><a href=\"https:\/\/support.microsoft.com\/es-es\/help\/278835\/how-to-delete-cookie-files-in-internet-explorer\">Internet Explorer<\/a>.<\/li>\n\n\n\n<li><a href=\"https:\/\/support.apple.com\/es-es\/guide\/safari\/sfri11471\/mac\">Safari<\/a>.<\/li>\n\n\n\n<li><a href=\"https:\/\/support.apple.com\/es-es\/HT201265\">Safari pour IOS (iPhone et iPad)<\/a>.<\/li>\n\n\n\n<li><a href=\"https:\/\/support.google.com\/accounts\/answer\/61416?co=GENIE.Platform%3DAndroid&amp;hl=es&amp;oco=1\">Google Chrome pour Android<\/a>.&nbsp;<\/li>\n\n\n\n<li><a href=\"https:\/\/support.google.com\/accounts\/answer\/61416?co=GENIE.Platform%3DiOS&amp;hl=es&amp;oco=1\">Google Chrome pour Iphone et Ipad<\/a>.<\/li>\n<\/ul>\n","protected":false},"excerpt":{"rendered":"<p>Bienvenue \u00e0 la POLITIQUE DE COOKIES du site web de la soci\u00e9t\u00e9 LLAMBRICH PRECISI\u00d3N S.L., d\u00e9tentrice du num\u00e9ro d\u2019identit\u00e9 fiscale B08102709, o\u00f9 nous allons vous expliquer en langage clair et simple toutes les questions n\u00e9cessaires pour que vous puissiez avoir le contr\u00f4le sur elles selon vos d\u00e9cisions personnelles. Un cookie ou biscuit informatique est un [&hellip;]<\/p>\n","protected":false},"author":6,"featured_media":0,"parent":0,"menu_order":0,"comment_status":"closed","ping_status":"closed","template":"","meta":{"_acf_changed":false,"inline_featured_image":false,"footnotes":""},"class_list":["post-3865","page","type-page","status-publish","hentry"],"acf":[],"_links":{"self":[{"href":"https:\/\/llambrich.com\/fr\/wp-json\/wp\/v2\/pages\/3865","targetHints":{"allow":["GET"]}}],"collection":[{"href":"https:\/\/llambrich.com\/fr\/wp-json\/wp\/v2\/pages"}],"about":[{"href":"https:\/\/llambrich.com\/fr\/wp-json\/wp\/v2\/types\/page"}],"author":[{"embeddable":true,"href":"https:\/\/llambrich.com\/fr\/wp-json\/wp\/v2\/users\/6"}],"replies":[{"embeddable":true,"href":"https:\/\/llambrich.com\/fr\/wp-json\/wp\/v2\/comments?post=3865"}],"version-history":[{"count":0,"href":"https:\/\/llambrich.com\/fr\/wp-json\/wp\/v2\/pages\/3865\/revisions"}],"wp:attachment":[{"href":"https:\/\/llambrich.com\/fr\/wp-json\/wp\/v2\/media?parent=3865"}],"curies":[{"name":"wp","href":"https:\/\/api.w.org\/{rel}","templated":true}]}}