{"id":3866,"date":"2023-03-10T12:34:22","date_gmt":"2023-03-10T12:34:22","guid":{"rendered":"https:\/\/llambrich.com\/politica-de-privacidad\/"},"modified":"2024-04-10T11:53:56","modified_gmt":"2024-04-10T11:53:56","slug":"politica-de-privacidad","status":"publish","type":"page","link":"https:\/\/llambrich.com\/fr\/politica-de-privacidad\/","title":{"rendered":"POLITIQUE DE CONFIDENTIALIT\u00c9"},"content":{"rendered":"\n<h2 class=\"wp-block-heading has-text-align-center has-medium-font-size\"><strong>Renseignements concernant le respect de la r\u00e9glementation de protection des donn\u00e9es \u00e0 caract\u00e8re personnel<\/strong><\/h2>\n\n\n\n<p>En Europe et en Espagne, il existe des r\u00e8gles de protection des donn\u00e9es pens\u00e9es pour prot\u00e9ger vos informations obligatoires pour notre soci\u00e9t\u00e9.<\/p>\n\n\n\n<p>C\u2019est pourquoi, il est important pour nous que vous compreniez parfaitement ce que nous allons faire avec les donn\u00e9es \u00e0 caract\u00e8re personnel que nous vous demandons.<\/p>\n\n\n\n<p>Nous allons donc \u00eatre transparents et vous donner le contr\u00f4le de vos donn\u00e9es, dans un langage simple et avec des options qui vous permettront de d\u00e9cider ce que nous ferons avec vos donn\u00e9es \u00e0 caract\u00e8re personnel.<\/p>\n\n\n\n<p>Si apr\u00e8s avoir lu les pr\u00e9sentes informations vous avez encore une question, n\u2019h\u00e9sitez pas \u00e0 nous la poser.<\/p>\n\n\n\n<p>Merci beaucoup de votre collaboration.<\/p>\n\n\n\n<ul class=\"wp-block-list\">\n<li><strong>Qui sommes-nous\u00a0?<\/strong>\n<ul class=\"wp-block-list\">\n<li>Notre d\u00e9nomination: <strong>LLAMBRICH PRECISI\u00d3N S.L.<\/strong><\/li>\n\n\n\n<li>Notre code d'identification fiscale \/ num\u00e9ro d'identification fiscale: <strong>B08102709<\/strong><\/li>\n\n\n\n<li>Notre activit\u00e9 principale :<strong> Fabrication de machines et d\u2019outils<\/strong><\/li>\n\n\n\n<li>Notre adresse : <strong>Avenida Mare de D\u00e9u de Bellvitge 271-273, CP 08907, L'Hospitalet de Llobregat (Barcelona)<\/strong><\/li>\n\n\n\n<li>Notre num\u00e9ro de t\u00e9l\u00e9phone : <strong>932649620<\/strong><\/li>\n\n\n\n<li>Notre adresse mail de contact : <strong>admon@llambrich.com<\/strong><\/li>\n\n\n\n<li>Notre page web : <strong>www.llambrich.com<\/strong><\/li>\n\n\n\n<li>Pour votre confiance et s\u00e9curit\u00e9, nous vous informons que nous sommes une soci\u00e9t\u00e9 inscrite au Registre du commerce \/ Registre public suivant : <strong>Page 5103, Page 38, Volume 973, Livre 470, Section 2, Insc. 1<\/strong><\/li>\n<\/ul>\n<\/li>\n<\/ul>\n\n\n\n<p>Nous sommes \u00e0 votre disposition, n\u2019h\u00e9sitez pas \u00e0 nous contacter.<\/p>\n\n\n\n<ul class=\"wp-block-list\">\n<li><strong>Pourquoi allons-nous utiliser vos donn\u00e9es ?<\/strong><\/li>\n<\/ul>\n\n\n\n<p>En r\u00e8gle g\u00e9n\u00e9rale, vos donn\u00e9es \u00e0 caract\u00e8re personnel seront utilis\u00e9es pour pouvoir communiquer avec vous et vous fournir nos services.<\/p>\n\n\n\n<p>De m\u00eame, elles peuvent \u00eatre utilis\u00e9es pour d\u2019autres activit\u00e9s, telles que l\u2019envoi de la publicit\u00e9 et la promotion de nos activit\u00e9s.<\/p>\n\n\n\n<ul class=\"wp-block-list\">\n<li><strong>Pourquoi avons-nous besoin d\u2019utiliser vos donn\u00e9es ?<\/strong><\/li>\n<\/ul>\n\n\n\n<p>Vos donn\u00e9es \u00e0 caract\u00e8re personnel sont n\u00e9cessaires pour pouvoir communiquer avec vous et pouvoir vous fournir nos services. En ce sens, nous mettrons \u00e0 votre disposition une s\u00e9rie de cases qui vous permettront de d\u00e9cider clairement et simplement de l\u2019utilisation de vos donn\u00e9es \u00e0 caract\u00e8re personnel.<\/p>\n\n\n\n<ul class=\"wp-block-list\">\n<li><strong>Qui va conna\u00eetre les informations que nous vous demandons ?<\/strong><\/li>\n<\/ul>\n\n\n\n<p>En r\u00e8gle g\u00e9n\u00e9rale, seul le personnel de notre soci\u00e9t\u00e9 qui est d\u00fbment autoris\u00e9 pourra conna\u00eetre les informations que nous vous demandons.<\/p>\n\n\n\n<p>Pourront \u00e9galement en avoir connaissance les soci\u00e9t\u00e9s qui auront besoin d\u2019y avoir acc\u00e8s afin que nous puissions vous fournir nos services. Par exemple, notre banque conna\u00eetra vos donn\u00e9es si le paiement de nos services est r\u00e9alis\u00e9 par carte ou par virement bancaire.<\/p>\n\n\n\n<p>De m\u00eame, les organisations publiques ou priv\u00e9es auxquelles nous sommes oblig\u00e9s de fournir vos donn\u00e9es \u00e0 caract\u00e8re personnel en raison d\u2019un manquement \u00e0 une loi auront connaissance de vos renseignements. Pour vous donner un exemple, la loi fiscale oblige \u00e0 fournir \u00e0 l\u2019agence fiscale certaines donn\u00e9es concernant des op\u00e9rations \u00e9conomiques d\u00e9passant un montant d\u00e9termin\u00e9.<\/p>\n\n\n\n<p>Dans le cas o\u00f9, en marge des hypoth\u00e8ses ci-dessus, nous aurions besoin de faire conna\u00eetre vos donn\u00e9es \u00e0 caract\u00e8re personnel \u00e0 d\u2019autres organismes, nous vous demanderons votre autorisation au pr\u00e9alable par des options claires qui vous permettront de trancher.<\/p>\n\n\n\n<ul class=\"wp-block-list\">\n<li><strong>Comment allons-nous prot\u00e9ger vos donn\u00e9es ?<\/strong><\/li>\n<\/ul>\n\n\n\n<p>Nous prot\u00e9gerons vos donn\u00e9es par des mesures de s\u00e9curit\u00e9 efficaces en fonction des risques qu\u2019entra\u00eene l\u2019utilisation de vos donn\u00e9es.<\/p>\n\n\n\n<p>Pour ce faire, nous soci\u00e9t\u00e9 a approuv\u00e9 une Politique de protection des donn\u00e9es et il sera fait des contr\u00f4les et des audits annuels afin de v\u00e9rifier que vos donn\u00e9es \u00e0 caract\u00e8re personnel sont \u00e0 tout moment en s\u00e9curit\u00e9.<\/p>\n\n\n\n<ul class=\"wp-block-list\">\n<li><strong>Enverrons-nous vous donn\u00e9es dans d\u2019autres pays ?<\/strong><\/li>\n<\/ul>\n\n\n\n<p>Dans le monde, il y a des pays qui sont s\u00fbrs pour vos donn\u00e9es et d\u2019autres qui ne le sont pas autant. Par exemple, l\u2019Union europ\u00e9enne est un environnement s\u00fbr pour vos donn\u00e9es. Notre politique est de n\u2019envoyer vos donn\u00e9es \u00e0 caract\u00e8re personnel \u00e0 aucun pays qui ne soit pas s\u00fbr du point de vue de la protection des donn\u00e9es.<\/p>\n\n\n\n<p>Dans le cas o\u00f9, sous le pr\u00e9texte de vous fournir le service, il serait indispensable d\u2019envoyer vos donn\u00e9es dans un autre pays pas aussi s\u00fbr que l\u2019Espagne, nous vous demanderons toujours votre autorisation pr\u00e9alable et appliquerons de mesures de s\u00e9curit\u00e9 efficaces qui r\u00e9duiront les risques de l\u2019envoi de vos renseignements personnels dans un autre pays.<\/p>\n\n\n\n<ul class=\"wp-block-list\">\n<li><strong>Pendant combien de temps allons-nous conserver vos donn\u00e9es ?<\/strong><\/li>\n<\/ul>\n\n\n\n<p>Nous conserverons vos donn\u00e9es pendant notre relation et tant que les lois nous obligeront \u00e0 le faire. \u00c0 l\u2019\u00e9ch\u00e9ance des d\u00e9lais l\u00e9gaux applicables, nous proc\u00e9derons \u00e0 les \u00e9liminer de mani\u00e8re s\u00fbre et respectueuse de l\u2019environnement.<\/p>\n\n\n\n<ul class=\"wp-block-list\">\n<li><strong>Quels sont vos droits concernant la protection des donn\u00e9es ?<\/strong><\/li>\n<\/ul>\n\n\n\n<p>\u00c0 tout moment, vous pouvez vous adresser \u00e0 nous pour savoir quelles informations nous avons sur vous, les rectifier si elles sont erron\u00e9es et les \u00e9liminer au terme de notre relation, dans le cas o\u00f9 c\u2019est l\u00e9galement possible.<\/p>\n\n\n\n<p>Vous avez aussi le droit de demander le transfert de vos renseignements \u00e0 un autre organisme. Ce droit est appel\u00e9 \u00ab portabilit\u00e9 \u00bb et peut \u00eatre utile dans certaines situations.<\/p>\n\n\n\n<p>Pour solliciter l\u2019un de ces droits, vous devrez envoyer une demande \u00e9crite \u00e0 notre adresse, accompagn\u00e9e d\u2019une photocopie de votre carte d\u2019identit\u00e9, afin que l\u2019on puisse vous identifier.<\/p>\n\n\n\n<p>Dans les bureaux de notre soci\u00e9t\u00e9, nous disposons de formulaires sp\u00e9cifiques pour demander ces droits et nous vous proposons notre aide pour les remplir.<\/p>\n\n\n\n<p>Pour en savoir plus sur vos droits en mati\u00e8re de protection des donn\u00e9es, vous pouvez consulter le site web de l\u2019Agence espagnole de protection des donn\u00e9es (www.agpd.es).<\/p>\n\n\n\n<ul class=\"wp-block-list\">\n<li><strong>Est-ce que vous pouvez retirer votre consentement si vous changez d\u2019avis plus tard ?<\/strong><\/li>\n<\/ul>\n\n\n\n<p>Vous pouvez retirer votre consentement si vous changez d\u2019avis concernant l\u2019utilisation de vos donn\u00e9es \u00e0 tout moment.<\/p>\n\n\n\n<p>Ainsi, par exemple, si \u00e0 ce moment-l\u00e0 il vous int\u00e9ressait de recevoir de la publicit\u00e9 sur nos produits ou services, mais vous ne souhaitez plus recevoir de publicit\u00e9, vous pouvez nous en faire part \u00e0 travers le formulaire d\u2019opposition au traitement disponible dans les bureaux de notre soci\u00e9t\u00e9.<\/p>\n\n\n\n<ul class=\"wp-block-list\">\n<li><strong>Si vous comprenez que vos droits n\u2019ont pas \u00e9t\u00e9 respect\u00e9s, o\u00f9 pouvez-vous formuler votre r\u00e9clamation ?<\/strong><\/li>\n<\/ul>\n\n\n\n<p>Si vous comprenez que vos droits ont \u00e9t\u00e9 n\u00e9glig\u00e9s par notre soci\u00e9t\u00e9, vous pouvez formuler une plainte \u00e0 l\u2019Agence espagnole de protection des donn\u00e9es, \u00e0 travers l\u2019un des moyens suivants :<\/p>\n\n\n\n<ul class=\"wp-block-list\">\n<li>Site Internet : www.agpd.es<\/li>\n\n\n\n<li>Adresse postale :<\/li>\n<\/ul>\n\n\n\n<p>Agencia Espa\u00f1ola de Protecci\u00f3n de Datos<br>C\/ Jorge Juan, 6<br>28001-Madrid&nbsp;<\/p>\n\n\n\n<ul class=\"wp-block-list\">\n<li>Par t\u00e9l\u00e9phone :<\/li>\n<\/ul>\n\n\n\n<p>Telf. 901 100 099&nbsp;<\/p>\n\n\n\n<p>Telf. 91 266 35 17<\/p>\n\n\n\n<p>Formuler une r\u00e9clamation \u00e0 l\u2019Agence espagnole de protection des donn\u00e9es n\u2019entra\u00eene aucun frais et il n\u2019implique pas l\u2019assistance d\u2019un avocat ou d\u2019un avou\u00e9.<\/p>\n\n\n\n<ul class=\"wp-block-list\">\n<li><strong>\u00c9laborons-nous des profils sur vous ?<\/strong><\/li>\n<\/ul>\n\n\n\n<p>Notre politique est de ne pas \u00e9laborer de profils sur les utilisateurs de nos services.<\/p>\n\n\n\n<p>Cependant, il peut y avoir des situations o\u00f9, \u00e0 des fins de prestation de service, commerciaux ou d\u2019autre nature, nous ayons besoin d\u2019\u00e9laborer des profils d\u2019information sur vous. Un exemple pourrait \u00eatre l\u2019utilisation de votre historique d\u2019achats ou de services pour pouvoir vous proposer des produits ou des services adapt\u00e9s \u00e0 vos go\u00fbts ou vos besoins.<\/p>\n\n\n\n<p>Dans ce cas, nous appliquerons des mesures de s\u00e9curit\u00e9 efficaces pour prot\u00e9ger vos renseignements \u00e0 tout moment contre des personnes non autoris\u00e9es qui pr\u00e9tendraient les utiliser pour leur propre b\u00e9n\u00e9fice.<\/p>\n\n\n\n<ul class=\"wp-block-list\">\n<li><strong>Utiliserons-nous vos donn\u00e9es pour d\u2019autres fins ?<\/strong><\/li>\n<\/ul>\n\n\n\n<p>Notre politique est de ne pas utiliser de donn\u00e9es pour des fins diff\u00e9rentes de celles que nous vous avons expliqu\u00e9es. Toutefois, si nous nous voyons dans l\u2019obligation d\u2019utiliser vos donn\u00e9es pour des activit\u00e9s diff\u00e9rentes, nous vous demanderons toujours votre autorisation pr\u00e9alable \u00e0 travers des options claires qui vous permettront de trancher.<\/p>\n","protected":false},"excerpt":{"rendered":"<p>Renseignements concernant le respect de la r\u00e9glementation de protection des donn\u00e9es \u00e0 caract\u00e8re personnel En Europe et en Espagne, il existe des r\u00e8gles de protection des donn\u00e9es pens\u00e9es pour prot\u00e9ger vos informations obligatoires pour notre soci\u00e9t\u00e9. C\u2019est pourquoi, il est important pour nous que vous compreniez parfaitement ce que nous allons faire avec les donn\u00e9es [&hellip;]<\/p>\n","protected":false},"author":6,"featured_media":0,"parent":0,"menu_order":0,"comment_status":"closed","ping_status":"closed","template":"","meta":{"_acf_changed":false,"inline_featured_image":false,"footnotes":""},"class_list":["post-3866","page","type-page","status-publish","hentry"],"acf":[],"_links":{"self":[{"href":"https:\/\/llambrich.com\/fr\/wp-json\/wp\/v2\/pages\/3866","targetHints":{"allow":["GET"]}}],"collection":[{"href":"https:\/\/llambrich.com\/fr\/wp-json\/wp\/v2\/pages"}],"about":[{"href":"https:\/\/llambrich.com\/fr\/wp-json\/wp\/v2\/types\/page"}],"author":[{"embeddable":true,"href":"https:\/\/llambrich.com\/fr\/wp-json\/wp\/v2\/users\/6"}],"replies":[{"embeddable":true,"href":"https:\/\/llambrich.com\/fr\/wp-json\/wp\/v2\/comments?post=3866"}],"version-history":[{"count":0,"href":"https:\/\/llambrich.com\/fr\/wp-json\/wp\/v2\/pages\/3866\/revisions"}],"wp:attachment":[{"href":"https:\/\/llambrich.com\/fr\/wp-json\/wp\/v2\/media?parent=3866"}],"curies":[{"name":"wp","href":"https:\/\/api.w.org\/{rel}","templated":true}]}}