{"id":4988,"date":"2023-08-28T09:47:41","date_gmt":"2023-08-28T09:47:41","guid":{"rendered":"https:\/\/llambrich.com\/puntos-giratorios-precisos-referencias\/"},"modified":"2024-04-10T13:36:11","modified_gmt":"2024-04-10T13:36:11","slug":"puntos-giratorios-precisos-referencias","status":"publish","type":"page","link":"https:\/\/llambrich.com\/fr\/puntos-giratorios-precisos-referencias\/","title":{"rendered":"R\u00e9f\u00e9rences Pointes tournantes de pr\u00e9cision"},"content":{"rendered":"\n<p>Puntos Giratorios<br>de Precisi\u00f3n<\/p>\n","protected":false},"excerpt":{"rendered":"<p>Puntos Giratoriosde Precisi\u00f3n<\/p>\n","protected":false},"author":6,"featured_media":0,"parent":0,"menu_order":0,"comment_status":"closed","ping_status":"closed","template":"","meta":{"_acf_changed":false,"inline_featured_image":false,"footnotes":""},"class_list":["post-4988","page","type-page","status-publish","hentry"],"acf":[],"_links":{"self":[{"href":"https:\/\/llambrich.com\/fr\/wp-json\/wp\/v2\/pages\/4988","targetHints":{"allow":["GET"]}}],"collection":[{"href":"https:\/\/llambrich.com\/fr\/wp-json\/wp\/v2\/pages"}],"about":[{"href":"https:\/\/llambrich.com\/fr\/wp-json\/wp\/v2\/types\/page"}],"author":[{"embeddable":true,"href":"https:\/\/llambrich.com\/fr\/wp-json\/wp\/v2\/users\/6"}],"replies":[{"embeddable":true,"href":"https:\/\/llambrich.com\/fr\/wp-json\/wp\/v2\/comments?post=4988"}],"version-history":[{"count":0,"href":"https:\/\/llambrich.com\/fr\/wp-json\/wp\/v2\/pages\/4988\/revisions"}],"wp:attachment":[{"href":"https:\/\/llambrich.com\/fr\/wp-json\/wp\/v2\/media?parent=4988"}],"curies":[{"name":"wp","href":"https:\/\/api.w.org\/{rel}","templated":true}]}}