{"id":3734,"date":"2023-04-18T21:35:23","date_gmt":"2023-04-18T21:35:23","guid":{"rendered":"https:\/\/llambrich.com\/surgical\/compliance\/"},"modified":"2025-10-25T08:56:30","modified_gmt":"2025-10-25T08:56:30","slug":"compliance","status":"publish","type":"page","link":"https:\/\/llambrich.com\/it\/surgical\/compliance\/","title":{"rendered":"Compliance"},"content":{"rendered":"<section id=\"section-3-256\" class=\" ct-section section-header\" ><div class=\"ct-section-inner-wrap\"><h1 id=\"headline-4-256\" class=\"ct-headline text-center color-primary font-bold w-3by4 mx-auto lg-w-full my-auto page-title anim-word-reveal\">Trasparenza, integrit\u00e0 ed efficienza\n<\/h1><div id=\"code_block-9-256\" class=\"ct-code-block\" ><\/div><\/div><\/section>\n\n\n<figure class=\"wp-block-image size-large mx-auto p-page centered\"><img loading=\"lazy\" decoding=\"async\" width=\"1024\" height=\"569\" src=\"http:\/\/llambrich.com\/wp-content\/uploads\/2023\/05\/compliance-01-1024x569.jpg\" alt=\"\" class=\"wp-image-1184\" srcset=\"https:\/\/llambrich.com\/wp-content\/uploads\/2023\/05\/compliance-01-1024x569.jpg 1024w, https:\/\/llambrich.com\/wp-content\/uploads\/2023\/05\/compliance-01-600x334.jpg 600w, https:\/\/llambrich.com\/wp-content\/uploads\/2023\/05\/compliance-01-300x167.jpg 300w, https:\/\/llambrich.com\/wp-content\/uploads\/2023\/05\/compliance-01-768x427.jpg 768w, https:\/\/llambrich.com\/wp-content\/uploads\/2023\/05\/compliance-01.jpg 1128w\" sizes=\"auto, (max-width: 1024px) 100vw, 1024px\" \/><\/figure>\n\n\n<section id=\"section-3-257\" class=\" ct-section \" ><div class=\"ct-section-inner-wrap\"><div id=\"div_block-4-257\" class=\"ct-div-block grid grid-cols-2 md-grid-cols-1 mb-16\" ><div id=\"div_block-5-257\" class=\"ct-div-block p-0\" ><p id=\"text_block-7-257\" class=\"ct-text-block p-0 font-bold color-primary sub-titol anim-word-reveal\" >Cultura aziendale\n<\/p><\/div><div id=\"div_block-6-257\" class=\"ct-div-block\" ><div id=\"text_block-9-257\" class=\"ct-text-block paragraf anim-line-reveal\" >Noi di Llambrich prendiamo molto sul serio la responsabilit\u00e0 sociale d\u2019impresa e ci impegniamo a rispettare tutte le leggi e le normative vigenti. Siamo orgogliosi della nostra cultura di conformit\u00e0 e trasparenza e ci impegniamo a fondo per garantire che le nostre operazioni rispettino sempre i pi\u00f9 elevati standard di integrit\u00e0 ed etica.\n\n<\/div><\/div><\/div><div id=\"div_block-10-257\" class=\"ct-div-block w-3by4 mx-auto color-primary md-w-full\" ><div id=\"text_block-11-257\" class=\"ct-text-block text-center anim-word-reveal texts-grans\" >Il nostro impegno verso la conformit\u00e0 e l\u2019etica aziendale aiuta anche i nostri clienti a mantenere intatta la loro reputazione e a costruire relazioni commerciali forti e durature con i loro clienti.\n<\/div><\/div><\/div><\/section>\n\n<section id=\"section-3-231\" class=\" ct-section\" ><div class=\"ct-section-inner-wrap\"><div id=\"div_block-4-231\" class=\"ct-div-block grid grid-cols-2 w-full mb-16 md-grid-cols-1\" ><div id=\"div_block-5-231\" class=\"ct-div-block\" ><p id=\"text_block-7-231\" class=\"ct-text-block color-primary font-bold anim-word-reveal sub-titol\" >&nbsp;<\/p><p id=\"text_block-11-231\" class=\"ct-text-block color-primary anim-word-reveal titol-seccio\" >Certificazioni<\/p><\/div><div id=\"div_block-6-231\" class=\"ct-div-block md-mr-auto\" ><img decoding=\"async\"  id=\"image-13-231\" alt=\"\" src=\"http:\/\/llambrich.com\/wp-content\/uploads\/2023\/03\/Capa_1-2.png\" class=\"ct-image ml-auto\"\/><\/div><\/div><div id=\"div_block-14-231\" class=\"ct-div-block\" ><div id=\"text_block-15-231\" class=\"ct-text-block anim-word-reveal paragraf\" >Siamo un'azienda certificata. I nostri mandrini sono prodotti secondo i pi\u00f9 elevati standard di qualit\u00e0 internazionali, tra cui la certificazione ISO 9001 e lo standard di gestione della qualit\u00e0 specifico per i dispositivi medici ISO 13485. L\u2019ottenimento di queste certificazioni testimonia il nostro impegno vero l'eccellenza e la soddisfazione del cliente.\n<\/div><a id=\"link-17-231\" class=\"ct-link horizontal py-1 border-px relative button-white btn px-2\" href=\"https:\/\/llambrich.com\/wp-content\/uploads\/2025\/10\/llambrich-precision-iso13485.pdf\" target=\"_blank\"  ><div id=\"text_block-18-231\" class=\"ct-text-block mr-2 z-1 anim-text-reveal\" >CERTIFICAZIONI DI QUALIT\u00c0\n<\/div><div id=\"fancy_icon-19-231\" class=\"ct-fancy-icon icon-lg-primary z-1\" ><svg id=\"svg-fancy_icon-19-231\"><use xlink:href=\"#Lineariconsicon-arrow-right\"><\/use><\/svg><\/div><\/a><\/div><\/div><\/section>\n\n<section id=\"section-3-258\" class=\" ct-section \" ><div class=\"ct-section-inner-wrap\"><div id=\"div_block-4-258\" class=\"ct-div-block grid grid-cols-2 w-full gap-8 md-grid-cols-1\" ><div id=\"div_block-5-258\" class=\"ct-div-block\" ><img decoding=\"async\"  id=\"image-7-258\" alt=\"\" src=\"http:\/\/llambrich.com\/wp-content\/uploads\/2023\/05\/compliance-02.jpg\" class=\"ct-image img-slide-down\"\/><\/div><div id=\"div_block-6-258\" class=\"ct-div-block h-full\" ><div id=\"div_block-19-258\" class=\"ct-div-block my-auto px-12\" ><h2 id=\"headline-8-258\" class=\"ct-headline color-primary mb-8 titol-seccio anim-text-reveal\">Governance aziendale\n<\/h2><div id=\"text_block-10-258\" class=\"ct-text-block mb-8 paragraf anim-line-reveal\" >Noi di Llambrich abbiamo un forte impegno verso la governance aziendale e la responsabilit\u00e0 d'impresa. Ci impegniamo a garantire trasparenza, integrit\u00e0 ed efficienza in tutte le nostre operazioni e processi aziendali. Il nostro Consiglio di amministrazione \u00e8 composto da professionisti con esperienza nel settore e nella gestione aziendale. Vantiamo inoltre un Comitato di revisione e conformit\u00e0 che supervisiona i nostri processi di contabilit\u00e0, revisione e conformit\u00e0.\n <\/div><\/div><\/div><\/div><\/div><\/section>\n\n<section id=\"section-22-258\" class=\" ct-section \" ><div class=\"ct-section-inner-wrap\"><div id=\"div_block-23-258\" class=\"ct-div-block grid grid-cols-2 md-grid-cols-1 gap-24\" ><div id=\"div_block-24-258\" class=\"ct-div-block\" ><h2 id=\"headline-26-258\" class=\"ct-headline color-primary titol-seccio anim-text-reveal mb-6\">Eccellenza operativa\n<\/h2><div id=\"text_block-29-258\" class=\"ct-text-block paragraf anim-line-reveal\" >Puntiamo all'eccellenza operativa in tutte le aree della nostra attivit\u00e0. Ci impegniamo a fornire prodotti e servizi di alta qualit\u00e0 che soddisfino o superino le aspettative dei nostri clienti. Per raggiungere questo obiettivo, abbiamo implementato una serie di processi e pratiche che ci consentono di ottimizzare le nostre operazioni e di fornire un elevato livello di qualit\u00e0 nei nostri prodotti e servizi.\n<\/div><\/div><div id=\"div_block-30-258\" class=\"ct-div-block h-full\" ><h2 id=\"headline-31-258\" class=\"ct-headline color-primary titol-seccio anim-text-reveal mb-6\">Innovazione<\/h2><div id=\"text_block-32-258\" class=\"ct-text-block paragraf mt-auto anim-line-reveal\" >Siamo impegnati nell\u2019innovazione come propulsore del nostro successo e della nostra crescita sul mercato. Siamo costantemente alla ricerca di nuovi modi per migliorare i nostri prodotti e servizi e per sviluppare nuove soluzioni per soddisfare le mutevoli esigenze dei nostri clienti. L'innovazione \u00e8 una parte fondamentale della nostra strategia aziendale e siamo orgogliosi di far parte di Barcellona, una citt\u00e0 europea fulcro dell'innovazione, della logistica e del design.\n<\/div><\/div><\/div><\/div><\/section>\n\n<section id=\"section-10-268\" class=\" ct-section \" ><div class=\"ct-section-inner-wrap\"><div id=\"div_block-11-268\" class=\"ct-div-block grid grid-cols-2 w-full gap-8 md-grid-cols-1\" ><div id=\"div_block-12-268\" class=\"ct-div-block h-full\" ><div id=\"div_block-13-268\" class=\"ct-div-block my-auto ml-auto p-page\" ><h2 id=\"headline-14-268\" class=\"ct-headline text-4xl color-primary mb-8 titol-seccio anim-text-reveal\">Persone<\/h2><div id=\"text_block-15-268\" class=\"ct-text-block mb-8 paragraf anim-line-reveal\" >Ci assicuriamo che i nostri dipendenti comprendano e rispettino le nostre politiche etiche e legali e promuoviamo una cultura di responsabilit\u00e0 e conformit\u00e0 in tutta l'organizzazione.\n<\/div><\/div><\/div><div id=\"div_block-16-268\" class=\"ct-div-block md-order-first\" ><img decoding=\"async\"  id=\"image-17-268\" alt=\"\" src=\"http:\/\/llambrich.com\/wp-content\/uploads\/2023\/05\/compliance-03.jpg\" class=\"ct-image img-slide-down\"\/><\/div><\/div><\/div><\/section>\n\n<section id=\"section-10-708\" class=\" ct-section \" ><div class=\"ct-section-inner-wrap\"><div id=\"div_block-11-708\" class=\"ct-div-block grid grid-cols-2 md-grid-cols-1 gap-24\" ><div id=\"div_block-12-708\" class=\"ct-div-block\" ><h2 id=\"headline-13-708\" class=\"ct-headline color-primary mb-6 titol-seccio anim-text-reveal\">Sicurezza e salute\n<br><\/h2><div id=\"text_block-14-708\" class=\"ct-text-block paragraf anim-line-reveal\" >La sicurezza e la salute dei nostri dipendenti sono una delle nostre principali priorit\u00e0. Ci impegniamo a fornire un ambiente di lavoro sicuro e salutare in cui i nostri dipendenti possano svolgere il proprio lavoro in tutta sicurezza. La nostra politica di salute e sicurezza si basa sulla prevenzione, sull\u2019identificazione precoce dei rischi e sull\u2019attuazione di misure preventive volte a ridurre al minimo ogni possibile impatto negativo.\n<\/div><\/div><div id=\"div_block-15-708\" class=\"ct-div-block\" ><h2 id=\"headline-16-708\" class=\"ct-headline color-primary mb-6 titol-seccio anim-text-reveal\">Catena di approvvigionamento\n<\/h2><div id=\"text_block-17-708\" class=\"ct-text-block paragraf anim-line-reveal\" >Ci concentriamo sulla costruzione di una catena di approvvigionamento affidabile, efficiente e sostenibile che ci consenta di fornire prodotti di alta qualit\u00e0 ai nostri clienti. A tal fine, lavoriamo a stretto contatto con i nostri fornitori per garantire la qualit\u00e0 e la consegna tempestiva dei materiali e dei componenti necessari per i nostri prodotti.\n<\/div><\/div><\/div><\/div><\/section>\n\n<section id=\"section-3-3653\" class=\" ct-section \" ><div class=\"ct-section-inner-wrap\"><div id=\"div_block-4-3653\" class=\"ct-div-block grid grid-cols-2 w-full gap-8 md-grid-cols-1\" ><div id=\"div_block-5-3653\" class=\"ct-div-block\" ><img decoding=\"async\"  id=\"image-6-3653\" alt=\"\" src=\"https:\/\/llambrich.com\/wp-content\/uploads\/2024\/02\/image-4.jpg\" class=\"ct-image img-slide-down\"\/><\/div><div id=\"div_block-7-3653\" class=\"ct-div-block h-full\" ><div id=\"div_block-8-3653\" class=\"ct-div-block my-auto px-12\" ><h2 id=\"headline-29-3653\" class=\"ct-headline color-primary mb-8 titol-seccio anim-text-reveal\">Canale etico<br><\/h2><div id=\"text_block-24-3653\" class=\"ct-text-block mb-8 paragraf anim-line-reveal\" >Llambrich Precision ha redatto un Codice di Condotta che comprende la sua Visione, i Principi aziendali e gli Standard di condotta ed \u00e8 fondamentale per il suo impegno rispetto all\u2019integrit\u00e0. Questo codice serve come riferimento in situazioni specifiche ed \u00e8 obbligatorio per tutti i dipendenti. Per le richieste, i suggerimenti o i reclami, sono stati attivati due canali di comunicazione: uno interno all\u2019indirizzo <b><a href=\"mailto:corporatecompliance@llambrich.com\">corporatecompliance@llambrich.com<\/a><\/b> e uno esterno&nbsp;<b><a href=\"http:\/\/llambrich.canales-eticos.com\/\">llambrich.canales-eticos.com<\/a><\/b>, a disposizione dei dipendenti e delle persone legate all'azienda. Si sottolinea la riservatezza delle comunicazioni e la protezione dell'identit\u00e0 del denunciante nei casi di notifiche di non conformit\u00e0.<\/div><\/div><\/div><\/div><\/div><\/section>\n\n<section id=\"section-32-236\" class=\" ct-section section-py-0 flex\" ><div class=\"ct-section-inner-wrap\"><div id=\"div_block-33-236\" class=\"ct-div-block mx-auto\" ><img decoding=\"async\"  id=\"image-34-236\" alt=\"\" src=\"http:\/\/llambrich.com\/wp-content\/uploads\/2023\/03\/Capa_1-6.png\" class=\"ct-image mt-auto\"\/><div id=\"div_block-35-236\" class=\"ct-div-block py-12\" ><div id=\"text_block-36-236\" class=\"ct-text-block color-primary mb-16 mx-auto anim-word-reveal titol-seccio centered\" >Consulta la nostra<div>policy di qualit\u00e0&nbsp;<\/div><\/div><div id=\"text_block-37-236\" class=\"ct-text-block mb-16 text-center anim-word-reveal paragraf\" >La nostra intera organizzazione adotta il Sistema di Gestione della Qualit\u00e0, basato sulle norme UNE EN ISO 9001 e UNE EN ISO 13485.\n<\/div><div id=\"div_block-38-236\" class=\"ct-div-block relative button-transparent-primary mx-auto button-animation\" ><a id=\"link-39-236\" class=\"ct-link px-2 py-1\" href=\"https:\/\/llambrich.com\/wp-content\/uploads\/2024\/02\/politica-calidad-en-2024.pdf\" target=\"_blank\"  ><div id=\"text_block-40-236\" class=\"ct-text-block mr-2 color-primary\" >CONSULTAZIONE<\/div><div id=\"fancy_icon-41-236\" class=\"ct-fancy-icon my-auto icon-lg-primary\" ><svg id=\"svg-fancy_icon-41-236\"><use xlink:href=\"#Lineariconsicon-arrow-right\"><\/use><\/svg><\/div><\/a><\/div><\/div><img decoding=\"async\"  id=\"image-42-236\" alt=\"\" src=\"http:\/\/llambrich.com\/wp-content\/uploads\/2023\/03\/Capa_1-6.png\" class=\"ct-image\"\/><\/div><\/div><\/section>","protected":false},"excerpt":{"rendered":"","protected":false},"author":6,"featured_media":0,"parent":3716,"menu_order":0,"comment_status":"closed","ping_status":"closed","template":"","meta":{"_acf_changed":false,"inline_featured_image":false,"footnotes":""},"class_list":["post-3734","page","type-page","status-publish","hentry"],"acf":[],"_links":{"self":[{"href":"https:\/\/llambrich.com\/it\/wp-json\/wp\/v2\/pages\/3734","targetHints":{"allow":["GET"]}}],"collection":[{"href":"https:\/\/llambrich.com\/it\/wp-json\/wp\/v2\/pages"}],"about":[{"href":"https:\/\/llambrich.com\/it\/wp-json\/wp\/v2\/types\/page"}],"author":[{"embeddable":true,"href":"https:\/\/llambrich.com\/it\/wp-json\/wp\/v2\/users\/6"}],"replies":[{"embeddable":true,"href":"https:\/\/llambrich.com\/it\/wp-json\/wp\/v2\/comments?post=3734"}],"version-history":[{"count":1,"href":"https:\/\/llambrich.com\/it\/wp-json\/wp\/v2\/pages\/3734\/revisions"}],"predecessor-version":[{"id":7040,"href":"https:\/\/llambrich.com\/it\/wp-json\/wp\/v2\/pages\/3734\/revisions\/7040"}],"up":[{"embeddable":true,"href":"https:\/\/llambrich.com\/it\/wp-json\/wp\/v2\/pages\/3716"}],"wp:attachment":[{"href":"https:\/\/llambrich.com\/it\/wp-json\/wp\/v2\/media?parent=3734"}],"curies":[{"name":"wp","href":"https:\/\/api.w.org\/{rel}","templated":true}]}}