{"id":3742,"date":"2023-03-10T12:34:22","date_gmt":"2023-03-10T12:34:22","guid":{"rendered":"https:\/\/llambrich.com\/politica-de-privacidad\/"},"modified":"2024-04-10T11:52:01","modified_gmt":"2024-04-10T11:52:01","slug":"politica-de-privacidad","status":"publish","type":"page","link":"https:\/\/llambrich.com\/it\/politica-de-privacidad\/","title":{"rendered":"POLITICA SULLA PRIVACY"},"content":{"rendered":"\n<h2 class=\"wp-block-heading has-text-align-center has-medium-font-size\"><strong>Informaci\u00f3n en cumplimiento de la normativa de protecci\u00f3n de datos personales<\/strong><\/h2>\n\n\n\n<p>Informazioni in conformit\u00e0 alle norme sulla protezione dei dati personali<br>In Europa e in Spagna esistono norme sulla protezione dei dati personali che sono obbligatorie per la nostra azienda.<\/p>\n\n\n\n<p>Per noi \u00e8 quindi molto importante che l'utente comprenda appieno cosa faremo con i dati personali che gli vengono richiesti.<\/p>\n\n\n\n<p>Saremo trasparenti e lasceremo all\u2019utente il controllo dei suoi dati, con un linguaggio semplice e scelte chiare che consentiranno di decidere cosa fare dei propri dati personali.<\/p>\n\n\n\n<p>Preghiamo gli utenti di non esitare a porci eventuali domande dopo aver letto queste informazioni.<\/p>\n\n\n\n<p>Grazie mille per la sua cortese collaborazione.<\/p>\n\n\n\n<ul class=\"wp-block-list\">\n<li><strong>Chi siamo?<\/strong>\n<ul class=\"wp-block-list\">\n<li>La nostra ragione sociale: <strong>LLAMBRICH PRECISI\u00d3N S.L.<\/strong><\/li>\n\n\n\n<li>Il nostro codice fiscale\/partita iva: <strong>B08102709<\/strong><\/li>\n\n\n\n<li>La nostra attivit\u00e0 principale<strong> Produzione di macchine e utensili<\/strong><\/li>\n\n\n\n<li>Il nostro indirizzo: <strong>Avenida Mare de D\u00e9u de Bellvitge 271-273, CP 08907, L'Hospitalet de Llobregat (Barcelona)<\/strong><\/li>\n\n\n\n<li>Il nostro numero di telefono: <strong>932649620<\/strong><\/li>\n\n\n\n<li>Il nostro indirizzo e-mail: <strong>admon@llambrich.com<\/strong><\/li>\n\n\n\n<li>Il nostro sito web: <strong>www.llambrich.com<\/strong><\/li>\n\n\n\n<li>Per questioni di fiducia e sicurezza, informiamo che siamo una societ\u00e0 iscritta nel seguente Registro delle Imprese: <strong>Pagina 5103, Pagina 38, Volume 973, Registro 470, Sezione 2, Isc. 1\u00aa<\/strong><\/li>\n<\/ul>\n<\/li>\n<\/ul>\n\n\n\n<p>Siamo a tua disposizione, non esitare a contattarci.<\/p>\n\n\n\n<ul class=\"wp-block-list\">\n<li><strong>Per cosa utilizzeremo i tuoi dati?<\/strong><\/li>\n<\/ul>\n\n\n\n<p>In generale, i tuoi dati personali saranno utilizzati per contattarti e per fornirti i nostri servizi.<\/p>\n\n\n\n<p>Potranno essere utilizzati anche per altre attivit\u00e0, come l'invio di pubblicit\u00e0 o la promozione delle nostre attivit\u00e0.<\/p>\n\n\n\n<ul class=\"wp-block-list\">\n<li><strong>Perch\u00e9 abbiamo bisogno di utilizzare i tuoi dati?<\/strong><\/li>\n<\/ul>\n\n\n\n<p>I tuoi dati personali sono necessari per poterti contattare e fornirti i nostri servizi. A questo proposito, troverai una serie di caselle che ti consentiranno di prendere decisioni chiare e semplici circa l'utilizzo dei tuoi dati personali.<\/p>\n\n\n\n<ul class=\"wp-block-list\">\n<li><strong>Chi sar\u00e0 a conoscenza delle informazioni che chiediamo?<\/strong><\/li>\n<\/ul>\n\n\n\n<p>In generale, soltanto il personale opportunamente autorizzato della nostra azienda pu\u00f2 essere a conoscenza delle informazioni da noi richieste.<\/p>\n\n\n\n<p>Allo stesso modo, anche le societ\u00e0 che hanno bisogno di accedere alle informazioni personali dell'utente per poter fornire i nostri servizi potranno essere a conoscenza delle informazioni personali dell'utente. Ad esempio, la nostra banca conoscer\u00e0 i tuoi dati se il pagamento dei nostri servizi viene effettuato tramite carta di credito o bonifico bancario.<\/p>\n\n\n\n<p>Allo stesso modo, anche i soggetti pubblici o privati a cui siamo obbligati a fornire i tuoi dati personali per ottemperare a qualsiasi legge saranno a conoscenza delle tue informazioni. Per fare un esempio, la legge fiscale ti obbliga a fornire al fisco alcune informazioni sulle transazioni economiche che superano un determinato importo.<\/p>\n\n\n\n<p>Se avremo bisogno di divulgare i tuoi dati personali ad altri, oltre a quanto sopra descritto chiederemo il tuo consenso in anticipo attraverso scelte chiare che ti permetteranno di decidere in merito a questo argomento.<\/p>\n\n\n\n<ul class=\"wp-block-list\">\n<li><strong>Come proteggeremo i tuoi dati?<\/strong><\/li>\n<\/ul>\n\n\n\n<p>Proteggeremo i tuoi dati con misure di sicurezza efficaci basate sui rischi connessi all'utilizzo delle tue informazioni.<\/p>\n\n\n\n<p>A tal fine, la nostra azienda ha approvato una Politica di protezione dei dati e vengono effettuati controlli e audit annuali per verificare che i tuoi dati personali siano sempre al sicuro.<\/p>\n\n\n\n<ul class=\"wp-block-list\">\n<li><strong>Invieremo i tuoi dati in altri paesi?<\/strong><\/li>\n<\/ul>\n\n\n\n<p>Nel mondo ci sono paesi sicuri per i tuoi dati e altri che non lo sono. Ad esempio, l'Unione europea \u00e8 un ambiente sicuro per i tuoi dati. La nostra politica consiste nel non inviare le tue informazioni personali in nessun paese che non sia sicuro dal punto di vista della protezione dei dati.<\/p>\n\n\n\n<p>Nel caso in cui, al fine di fornirti il servizio, sia indispensabile inviare i tuoi dati in un paese non sicuro come la Spagna, chiederemo sempre il tuo consenso e applicheremo misure di sicurezza efficaci per ridurre i rischi di invio dei dati personali in un altro paese.<\/p>\n\n\n\n<ul class=\"wp-block-list\">\n<li><strong>Per quanto tempo conserveremo i tuoi dati?<\/strong><\/li>\n<\/ul>\n\n\n\n<p>Conserveremo i tuoi dati per l\u2019intera durata del nostro rapporto e per tutto il tempo previsto per legge. Una volta scaduti i termini legali applicabili, provvederemo a eliminare i dati in modo sicuro e rispettoso dell'ambiente.<\/p>\n\n\n\n<ul class=\"wp-block-list\">\n<li><strong>Quali sono i tuoi diritti in materia di protezione dei dati?<\/strong><\/li>\n<\/ul>\n\n\n\n<p>Potrai contattarci in qualsiasi momento per scoprire quali informazioni abbiamo su di te, per correggerle se non sono corrette e per eliminarle al termine del nostro rapporto, se legalmente possibile.<\/p>\n\n\n\n<p>L'utente ha altres\u00ec il diritto di richiedere il trasferimento delle proprie informazioni a un'altra societ\u00e0. Tale diritto \u00e8 chiamato \"portabilit\u00e0\" e pu\u00f2 risultare utile in determinate situazioni.<\/p>\n\n\n\n<p>Per esercitare uno di questi diritti, \u00e8 necessario farne opportuna richiesta scritta al nostro indirizzo, unitamente a una fotocopia della carta d'identit\u00e0, al fine di identificare l\u2019utente.<\/p>\n\n\n\n<p>Presso la sede della nostra societ\u00e0 abbiamo moduli specifici per la richiesta di esercizio di tali diritti e offriamo il nostro aiuto per la loro compilazione.<\/p>\n\n\n\n<p>Per saperne di pi\u00f9 sui tuoi diritti in materia di protezione dei dati personali, puoi consultare il sito web dell'Agenzia spagnola per la protezione dei dati (www.agpd.es).<\/p>\n\n\n\n<ul class=\"wp-block-list\">\n<li><strong>\u00c8 possibile revocare il consenso in un secondo momento nel caso in cui si cambi idea?<\/strong><\/li>\n<\/ul>\n\n\n\n<p>Potrai revocare il tuo consenso in qualsiasi momento se cambi idea sull'utilizzo dei tuoi dati.<\/p>\n\n\n\n<p>Ad esempio, se un tempo eri interessato a ricevere pubblicit\u00e0 per i nostri prodotti o servizi, ma non desideri pi\u00f9 ricevere ulteriore pubblicit\u00e0, potrai comunicarcelo compilando il modulo di opposizione disponibile presso gli uffici della nostra societ\u00e0.<\/p>\n\n\n\n<ul class=\"wp-block-list\">\n<li><strong>Se l\u2019utente si rende contro che i suoi diritti sono stati violati, dove pu\u00f2 presentare un reclamo?<\/strong><\/li>\n<\/ul>\n\n\n\n<p>Se si capisce che i propri diritti sono stati ignorati dalla nostra societ\u00e0, \u00e8 possibile presentare un reclamo all'Agenzia spagnola per la protezione dei dati attraverso uno dei seguenti mezzi:<\/p>\n\n\n\n<ul class=\"wp-block-list\">\n<li>Sede electr\u00f3nica: www.agpd.es<\/li>\n\n\n\n<li>Indirizzo postale:<\/li>\n<\/ul>\n\n\n\n<p>Agenzia spagnola per la protezione dei dati<\/p>\n\n\n\n<p>C\/ Jorge Juan, 6<br>28001-Madrid\u00a0<\/p>\n\n\n\n<ul class=\"wp-block-list\">\n<li>A mezzo telefono:<\/li>\n<\/ul>\n\n\n\n<p>Telf. 901 100 099&nbsp;<\/p>\n\n\n\n<p>Telf. 91 266 35 17<\/p>\n\n\n\n<p>La presentazione di un reclamo all'Agenzia spagnola per la protezione dei dati non comporta costi e non richiede l'assistenza di un avvocato o di un difensore.<\/p>\n\n\n\n<ul class=\"wp-block-list\">\n<li><strong>Profiliamo gli utenti?<\/strong><\/li>\n<\/ul>\n\n\n\n<p>La nostra politica non \u00e8 quella di profilare gli utenti dei nostri servizi.<\/p>\n\n\n\n<p>Tuttavia, ci possono essere situazioni in cui, al fine di fornire il servizio, commerciale o di altro tipo, potrebbe essere necessario sviluppare profili informativi sull\u2019utente. Un esempio potrebbe essere l'utilizzo della cronologia degli acquisti o dei servizi per offrire prodotti o servizi su misura per i gusti o le esigenze dell'utente.<\/p>\n\n\n\n<p>In tal caso, adotteremo misure di sicurezza efficaci per proteggere le tue informazioni in ogni momento da persone non autorizzate che intendono utilizzarle a proprio vantaggio.<\/p>\n\n\n\n<ul class=\"wp-block-list\">\n<li><strong>Utilizzeremo i tuoi dati per altri scopi?<\/strong><\/li>\n<\/ul>\n\n\n\n<p>La nostra politica consiste nel non utilizzare i tuoi dati per scopi diversi da quelli che ti abbiamo spiegato. Se, tuttavia, dovessimo utilizzare i tuoi dati per attivit\u00e0 diverse, ti chiederemo sempre previa autorizzazione tramite opzioni chiare che ti consentiranno di decidere in merito.<\/p>\n","protected":false},"excerpt":{"rendered":"<p>Informaci\u00f3n en cumplimiento de la normativa de protecci\u00f3n de datos personales Informazioni in conformit\u00e0 alle norme sulla protezione dei dati personaliIn Europa e in Spagna esistono norme sulla protezione dei dati personali che sono obbligatorie per la nostra azienda. Per noi \u00e8 quindi molto importante che l'utente comprenda appieno cosa faremo con i dati personali [&hellip;]<\/p>\n","protected":false},"author":6,"featured_media":0,"parent":0,"menu_order":0,"comment_status":"closed","ping_status":"closed","template":"","meta":{"_acf_changed":false,"inline_featured_image":false,"footnotes":""},"class_list":["post-3742","page","type-page","status-publish","hentry"],"acf":[],"_links":{"self":[{"href":"https:\/\/llambrich.com\/it\/wp-json\/wp\/v2\/pages\/3742","targetHints":{"allow":["GET"]}}],"collection":[{"href":"https:\/\/llambrich.com\/it\/wp-json\/wp\/v2\/pages"}],"about":[{"href":"https:\/\/llambrich.com\/it\/wp-json\/wp\/v2\/types\/page"}],"author":[{"embeddable":true,"href":"https:\/\/llambrich.com\/it\/wp-json\/wp\/v2\/users\/6"}],"replies":[{"embeddable":true,"href":"https:\/\/llambrich.com\/it\/wp-json\/wp\/v2\/comments?post=3742"}],"version-history":[{"count":0,"href":"https:\/\/llambrich.com\/it\/wp-json\/wp\/v2\/pages\/3742\/revisions"}],"wp:attachment":[{"href":"https:\/\/llambrich.com\/it\/wp-json\/wp\/v2\/media?parent=3742"}],"curies":[{"name":"wp","href":"https:\/\/api.w.org\/{rel}","templated":true}]}}