{"id":3745,"date":"2023-05-16T08:53:26","date_gmt":"2023-05-16T08:53:26","guid":{"rendered":"https:\/\/llambrich.com\/politica-de-cookies\/"},"modified":"2024-04-11T08:24:44","modified_gmt":"2024-04-11T08:24:44","slug":"politica-de-cookies","status":"publish","type":"page","link":"https:\/\/llambrich.com\/it\/politica-de-cookies\/","title":{"rendered":"POLITICA DEI COOKIES"},"content":{"rendered":"\n<p><a href=\"http:\/\/llambrich.com\/politica-de-cookies\/#\"><\/a><\/p>\n\n\n\n<p>Benvenuto nella <strong>POLITICA DEI COOKIE<\/strong> del sito web di LLAMBRICH PRECISI\u00d3N S.L., titolare del codice fiscale\/partita iva B08102709, dove ti spiegheremo in un linguaggio chiaro e semplice tutte le questioni necessarie affinch\u00e9 tu possa averne il controllo in base alle tue decisioni personali.<\/p>\n\n\n\n<ul class=\"wp-block-list\">\n<li><strong>COSA SONO I COOKIES E A COSA SERVONO?<\/strong><\/li>\n<\/ul>\n\n\n\n<p>Un cookie \u00e8 un piccolo file di informazioni che viene memorizzato sul tuo computer, smartphone o tablet ogni volta che visiti il nostro sito web.<\/p>\n\n\n\n<p>In linea di principio, un cookie \u00e8 innocuo: non contiene virus, trojan, worm, ecc. che potrebbero danneggiare il tuo terminale, ma ha un certo impatto sul tuo diritto alla protezione dei dati personali, in quanto raccoglie alcune informazioni che ti riguardano (abitudini di navigazione, identit\u00e0, preferenze, ecc.).<\/p>\n\n\n\n<p>Per questo motivo, in base alle disposizioni della normativa applicabile (Legge sui Servizi delle societ\u00e0 dell\u2019informazione e del commercio elettronico (LSSICE) e legislazione vigente in materia di protezione dei dati personali), l\u2019attivazione di alcune tipologie di cookie richieder\u00e0 la tua previa autorizzazione.<\/p>\n\n\n\n<p>Prima di farlo, ti forniremo alcune informazioni aggiuntive che ti aiuteranno a prendere una decisione migliore:<\/p>\n\n\n\n<ol class=\"wp-block-list\">\n<li>I cookie possono essere di vario tipo, a seconda del loro scopo:<\/li>\n<\/ol>\n\n\n\n<ul class=\"wp-block-list\">\n<li>I cookie tecnici sono necessari per il funzionamento del nostro sito web, non richiedono il tuo consenso e sono gli unici che abbiamo abilitato per impostazione predefinita.<\/li>\n\n\n\n<li>Gli altri cookie vengono utilizzati per migliorare il nostro sito web, per personalizzarlo in base alle tue preferenze o per poterti mostrare pubblicit\u00e0 in base alle tue ricerche, ai tuoi gusti e ai tuoi interessi personali. Puoi accettare tutti questi cookie cliccando sul pulsante <strong>ACCETTA<\/strong>, oppure configurarli o rifiutarne l'uso cliccando sulla sezione <strong>CONFIGURAZIONE COOKIE<\/strong>.<\/li>\n<\/ul>\n\n\n\n<ol class=\"wp-block-list\" start=\"2\">\n<li>Alcuni cookie sono nostri (li chiameremo <strong>cookie propri<\/strong>) e altri appartengono a societ\u00e0 esterne che forniscono servizi per il nostro sito web (li chiameremo <strong>cookie di terze<\/strong> <strong>parti<\/strong>: un esempio potrebbe essere rappresentato dai cookie di fornitori esterni come Google). A tal proposito, \u00e8 importante sapere che alcuni di questi fornitori esterni possono trovarsi al di fuori della Spagna.<\/li>\n<\/ol>\n\n\n\n<p>A livello mondiale, non tutti i Paesi hanno lo stesso livello di protezione dei dati, e alcuni Paesi sono pi\u00f9 sicuri di altri (ad esempio, l'Unione Europea \u00e8 un ambiente sicuro per i vostri dati). La nostra politica \u00e8 quella di utilizzare fornitori affidabili che, indipendentemente dal fatto che si trovino o meno nell'Unione Europea, abbiano adottato misure di salvaguardia adeguate per la protezione delle informazioni personali. Tuttavia, nella sezione intitolata <strong>QUALI TIPI DI COOKIE SONO ATTUALMENTE UTILIZZATI NEL NOSTRO SITO?<\/strong>, \u00e8 possibile consultare le diverse politiche sulla privacy e sulla protezione dei dati di ciascuno dei suddetti fornitori esterni, al fine di prendere una decisione informata sull'attivazione o meno dei <strong>cookie di terze parti<\/strong> utilizzati dal nostro sito web.&nbsp; &nbsp;&nbsp;<\/p>\n\n\n\n<ol class=\"wp-block-list\" start=\"3\">\n<li>Infine, desideriamo sottolineare che, a seconda del tempo in cui rimangono attivi, i cookie possono essere di due tipi:<\/li>\n<\/ol>\n\n\n\n<ul class=\"wp-block-list\">\n<li><strong>Cookie di sessione:<\/strong> scadono automaticamente quando ci si disconnette dal computer, dallo smartphone o dal tablet. Di solito vengono utilizzati per conservare le informazioni necessarie mentre un servizio viene fornito all'utente una tantum.<\/li>\n\n\n\n<li><strong>Cookie persistenti: <\/strong>rimangono memorizzati sul computer, sullo smartphone o sul tablet dell'utente per un determinato periodo di tempo, che pu\u00f2 variare da pochi minuti a diversi anni.<\/li>\n\n\n\n<li><strong>CHE TIPO DI COOKIE POSSIAMO UTILIZZARE SUL NOSTRO SITO WEB?<\/strong><\/li>\n\n\n\n<li><strong>Cookie tecnici:<\/strong><\/li>\n<\/ul>\n\n\n\n<p>I cookie tecnici sono strettamente necessari per il funzionamento del nostro sito web e per consentirti di navigarlo. Questo tipo di cookie sono quelli che, ad esempio, ci consentono di identificarti, di farti accedere a determinate parti riservate del sito, se necessario, o di ricordare diverse opzioni o servizi gi\u00e0 selezionati dall'utente, come le preferenze sulla privacy. Pertanto, <strong>sono attivati di default e non \u00e8 necessario autorizzarli<\/strong>.<\/p>\n\n\n\n<p>Attraverso le impostazioni del browser, \u00e8 possibile bloccare o avvisare della presenza di questo tipo di cookie, anche se tale blocco influir\u00e0 sul corretto funzionamento delle varie funzionalit\u00e0 del nostro sito web.<\/p>\n\n\n\n<ul class=\"wp-block-list\">\n<li><strong>Cookie analitici:<\/strong><\/li>\n<\/ul>\n\n\n\n<p>I cookie analitici ci consentono di studiare la navigazione degli utenti sul nostro sito web in generale (ad esempio, quali sezioni del sito web sono pi\u00f9 visitate, quali servizi sono pi\u00f9 utilizzati e se funzionano correttamente, ecc.)<\/p>\n\n\n\n<p>In base alle informazioni statistiche sulla navigazione sul nostro sito web, possiamo migliorare sia il funzionamento del sito stesso che i diversi servizi che offre. Pertanto, questi cookie <strong>non hanno uno scopo pubblicitario<\/strong>, ma servono solo a far funzionare meglio il nostro sito web, adattandolo ai nostri utenti in generale. Attivandoli, contribuirai a questo miglioramento continuo.<\/p>\n\n\n\n<p><strong>\u00c8 possibile attivare o disattivare questi cookie selezionando l'apposita casella<\/strong>, che \u00e8 disattivata per impostazione predefinita.<\/p>\n\n\n\n<ul class=\"wp-block-list\">\n<li><strong>Cookie di funzionalit\u00e0 e personalizzazione:<\/strong><\/li>\n<\/ul>\n\n\n\n<p>I cookie di funzionalit\u00e0 ci consentono di ricordare le preferenze dell'utente, di personalizzare alcune caratteristiche e opzioni generali del nostro sito web a ogni accesso (ad esempio, la lingua in cui vengono presentate le informazioni, le sezioni contrassegnate come preferite, il tipo di browser, ecc.)<\/p>\n\n\n\n<p>Pertanto, questi tipi di cookie <strong>non hanno uno scopo pubblicitario<\/strong>, ma attivandoli migliorerai la funzionalit\u00e0 del sito web (ad esempio, adattandosi al vostro tipo di browser) e la personalizzazione del sito web in base alle tue preferenze (ad esempio, presentando le informazioni nella lingua che hai scelto in occasioni precedenti), il che contribuir\u00e0 alla facilit\u00e0, all'usabilit\u00e0 e al comfort del nostro sito web durante la navigazione.<\/p>\n\n\n\n<p><strong>\u00c8 possibile attivare o disattivare questi cookie selezionando l'apposita casella<\/strong>, che \u00e8 disattivata per impostazione predefinita.<\/p>\n\n\n\n<ul class=\"wp-block-list\">\n<li><strong>Cookie pubblicitari:<\/strong><\/li>\n<\/ul>\n\n\n\n<p>I cookie pubblicitari ci consentono di gestire gli spazi pubblicitari inclusi nel nostro sito web in base a criteri quali il contenuto mostrato o la frequenza con cui vengono mostrati gli annunci.<\/p>\n\n\n\n<p>Ad esempio, se ti \u00e8 stata mostrata la stessa pubblicit\u00e0 pi\u00f9 volte sul nostro sito web e non hai dimostrato un interesse personale cliccandovi sopra, non apparir\u00e0 pi\u00f9. In breve, attivando questo tipo di cookie, la pubblicit\u00e0 visualizzata sul nostro sito web sar\u00e0 pi\u00f9 utile e varia, e meno ripetitiva.<\/p>\n\n\n\n<p><strong>\u00c8 possibile attivare o disattivare questi cookie selezionando l'apposita casella<\/strong>, che \u00e8 disattivata per impostazione predefinita.<\/p>\n\n\n\n<ul class=\"wp-block-list\">\n<li><strong>Cookie pubblicitari comportamentali:<\/strong><\/li>\n<\/ul>\n\n\n\n<p>I cookie pubblicitari comportamentali ci consentono di ottenere informazioni basate sull'osservazione delle abitudini di navigazione e del comportamento dell'utente sul sito web, al fine di mostrargli contenuti pubblicitari pi\u00f9 adatti ai suoi gusti e interessi personali.<\/p>\n\n\n\n<p>Per facilitare la comprensione, facciamo un esempio fittizio: se le tue ultime ricerche sul web riguardassero la letteratura thriller, ti mostreremmo pubblicit\u00e0 di libri thriller.<\/p>\n\n\n\n<p>Pertanto, attivando questo tipo di cookie, la pubblicit\u00e0 che ti mostriamo sul nostro sito web non sar\u00e0 generica, ma sar\u00e0 mirata alle tue ricerche, ai tuoi gusti e ai tuoi interessi, e sar\u00e0 quindi personalizzata esclusivamente per te.<\/p>\n\n\n\n<p><strong>\u00c8 possibile attivare o disattivare questi cookie selezionando l'apposita casella<\/strong>, che \u00e8 disattivata per impostazione predefinita.<\/p>\n\n\n\n<ul class=\"wp-block-list\">\n<li><strong>CHE TIPO DI COOKIE SI USANO ATTUALMENTE SUL NOSTRO SITO WEB?<\/strong><\/li>\n<\/ul>\n\n\n\n<p>Di seguito ti informiamo rispetto a tutti i tipi di cookie attualmente utilizzati sul nostro sito web e sullo scopo di ciascuno di essi (Nota: il cliente deve completare questa tabella, indicando tutti i tipi di cookie utilizzati sul proprio sito web, sia propri che di terze parti):<\/p>\n\n\n\n<figure class=\"wp-block-table\"><table><tbody><tr><td><strong>Tipo di cookie<\/strong><\/td><td><strong>Scopo<\/strong><\/td><td><strong>Entit\u00e0 responsabile e link alla sua politica sulla privacy e sulla protezione dei dati<\/strong><\/td><td><strong>Periodo di tempo (sessione \/ persistente)<\/strong><\/td><\/tr><tr><td>__Secure-3PSIDCC<\/td><td>Terzi<\/td><td>Pubblicitario. Questi cookie vengono utilizzati per fornire pubblicit\u00e0 pi\u00f9 pertinenti all'utente e ai suoi interessi<\/td><td>1 anno<\/td><\/tr><tr><td>__Secure-1PSIDCC<\/td><td>Terzi<\/td><td>Pubblicitario. Questi cookie vengono utilizzati per fornire pubblicit\u00e0 pi\u00f9 pertinenti all'utente e ai suoi interessi<\/td><td>1 anno<\/td><\/tr><tr><td>SIDCC<\/td><td>Terzi<\/td><td>\u00a0Vengono utilizzati da Google per fornire servizi ed estrarre informazioni anonime sulla navigazione<\/td><td>1 anno<\/td><\/tr><tr><td>SSID<\/td><td>Analitici e tecnici.\u00a0<\/td><td>Quando si crea o si accede a un account Google, vengono memorizzati i cookie SIDCC, HSID, APISID, SID, SSID, SIDCC, SAPISID, __Secure-3PAPISID, __Secure-3PSID, __Secure-3PSIDCC al fine di mantenere l'accesso al proprio account Google quando si visitano nuovamente i servizi. Finch\u00e9 l'utente rimane connesso e utilizza i plugin su altri siti web come il nostro, Google utilizzer\u00e0 questi cookie per migliorare la sua esperienza.<\/td><td>2 anni<\/td><\/tr><tr><td>HSID<\/td><td>Google<\/td><td>Quando si crea o si accede a un account Google, i cookie PREF, NID, HSID, APISID, SID, SSID, SAPISID, GAPS, LSID, BEAT, ULS, vengono memorizzati sul computer dell'utente al fine di mantenere l'accesso all'account Google quando si visitano nuovamente i servizi. Finch\u00e9 l'utente rimane connesso e utilizza i plugin su altri siti web come il nostro, Google utilizzer\u00e0 questi cookie per migliorare la sua esperienza.<\/td><td>2 anni<\/td><\/tr><tr><td>__Secure-3PSID<\/td><td>Terzi<\/td><td>Questi cookie consentono ai siti di identificare gli utenti, evitano l'utilizzo fraudolento di credenziali per l'avvio delle sessioni e proteggono i dati degli utenti da terzi non autorizzati.<\/td><td>2 anni<\/td><\/tr><tr><td>__Secure-1PSID<\/td><td>Terzi<\/td><td>Questi cookie consentono ai siti di identificare gli utenti, evitano l'utilizzo fraudolento di credenziali per l'avvio delle sessioni e proteggono i dati degli utenti da terzi non autorizzati.<\/td><td>2 anni<\/td><\/tr><tr><td>SID<\/td><td>Google<\/td><td>Memorizzano le informazioni, i codici identificativi e le preferenze su Google<\/td><td>2 anni<\/td><\/tr><tr><td>__Secure-1PAPISID<\/td><td>Terzi<\/td><td>Pubblicitario. Questi cookie vengono utilizzati per fornire pubblicit\u00e0 pi\u00f9 pertinenti all'utente e ai suoi interessi<\/td><td>2 anni<\/td><\/tr><tr><td>APISID<\/td><td>Terzi<\/td><td>Cookie pubblicitari utilizzati dai servizi di Google.<\/td><td>Sesi\u00f3n<\/td><\/tr><tr><td>__Secure-3PAPISID<\/td><td>Terzi<\/td><td>Pubblicitario. Questi cookie vengono utilizzati per fornire pubblicit\u00e0 pi\u00f9 pertinenti all'utente e ai suoi interessi<\/td><td>2 mesi<\/td><\/tr><tr><td>SAPISID<\/td><td>Terzi<\/td><td>Quando si crea o si accede a un account Google, i cookie PREF, NID, HSID, APISID, SID, SSID, SAPISID, GAPS, LSID, BEAT, ULS, vengono memorizzati sul computer dell'utente al fine di mantenere l'accesso all'account Google quando si visitano nuovamente i servizi.<\/td><td>2 anni<\/td><\/tr><tr><td>DV<\/td><td>Terzi<\/td><td>Utilizzati da Google per la personalizzazione degli annunci. Durata: Sessione (scade alla chiusura del browser)<\/td><td>\u00a0fino a 6 mesi.<\/td><\/tr><tr><td>1P_JAR<\/td><td>Terzi<\/td><td>Cookie di Google. Utilizzati per raccogliere statistiche sul sito web e tracciare i tassi di conversione<\/td><td>30 giorni<\/td><\/tr><tr><td>NID<\/td><td>Terzi<\/td><td>Questi cookie vengono utilizzati da Google per memorizzare le preferenze dell'utente<\/td><td>6 mesi<\/td><\/tr><tr><td>_hjIncludedInPageviewSample<\/td><td>Analitici<\/td><td>Questi cookie vengono impostati per consentire a Hotjar di sapere se il visitatore \u00e8 incluso nel campionamento dei dati definito dal limite di pagine visualizzate del tuo sito.<\/td><td>sessione<\/td><\/tr><tr><td>_hjAbsoluteSessionInProgress<\/td><td>Analitici<\/td><td>Questi cookie vengono utilizzati per rilevare la prima sessione di visualizzazione della pagina di un utente. Si tratta di un indicatore Vero\/Falso impostato dal cookie.<\/td><td>sessione<\/td><\/tr><tr><td>_hjSession_2998607<\/td><td>Propri<\/td><td>Cookie Hotjar che vengono impostati quando un utente arriva per la prima volta su una pagina con lo script Hotjar. Vengono utilizzati per mantenere l'ID utente di Hotjar unico per quel sito nel browser. Ci\u00f2 garantisce che il comportamento nelle visite successive allo stesso sito venga attribuito allo stesso ID utente.<\/td><td>30 minuti<\/td><\/tr><tr><td>_hjFirstSeen<\/td><td>Hotjar<\/td><td>Per notificare il primo utilizzo di un nuovo utente.<\/td><td>sessione<\/td><\/tr><tr><td>_gat_UA-215576954-1<\/td><td>HTTP Cookie<\/td><td>Utilizzati da Google Analytics per monitorare i tassi di richiesta<\/td><td>1 giorni<\/td><\/tr><tr><td>SEARCH_SAMESITE<\/td><td>Propri<\/td><td>L'obiettivo \u00e8 quello di mitigare il rischio di fuga di informazioni da una fonte all'altra. Forniscono inoltre una certa protezione contro gli attacchi cross-site request forgery.<\/td><td>5 mesi<\/td><\/tr><tr><td>CONSENT<\/td><td>Terzi<\/td><td>Funzionalit\u00e0 di accettazione dei cookie sui siti web<\/td><td>Permanente<\/td><\/tr><tr><td>cookielawinfo-checkbox-performance<\/td><td>Propia<\/td><td>Questo cookie \u00e8 impostato dal plug-in GDPR Cookie Consent. Il cookie viene utilizzato per memorizzare il consenso dell'utente ai cookie della categoria \"Performance\".<\/td><td>1 anno<\/td><\/tr><tr><td>wp-wpml_current_language<\/td><td>WPML<\/td><td>Cookie del plugin WPML per memorizzare le impostazioni della lingua.<\/td><td>1 giorni<\/td><\/tr><tr><td>CookieLawInfoConsent<\/td><td>Propri<\/td><td>Cookie del plugin WPML per memorizzare le impostazioni della lingua.<\/td><td>11 mesi<\/td><\/tr><tr><td>cli_user_preference<\/td><td>Da terzi, permanente<\/td><td>Questo cookie viene impostato dal Plugin GDPR e viene utilizzato per memorizzare se l'utente ha acconsentito o meno all'uso dei cookie. Non raccoglie dati personali.<\/td><td>1 anno<\/td><\/tr><tr><td>viewed_cookie_policy<\/td><td>Da terzi, permanente<\/td><td>Questo cookie viene impostato dal Plugin GDPR Cookie Consent e viene utilizzato per memorizzare se l'utente ha acconsentito o meno all'uso dei cookie. Non raccoglie dati personali.<\/td><td>1 anno<\/td><\/tr><tr><td>UULE<\/td><td>google.es<\/td><td>cookie associato al servizio Google Maps. Consente la geolocalizzazione del nostro laboratorio nella relativa sezione di questo sito web. Ti rimandiamo all'informativa sulla privacy di Google (http:\/\/www.google.es\/intl\/es\/policies\/privacy\/).<\/td><td>1 giorni<\/td><\/tr><tr><td>cookielawinfo-checkbox-advertisement<\/td><td>Propri<\/td><td>Il cookie \u00e8 impostato dal GDPR Cookie Consent per registrare il consenso dell'utente ai cookie della categoria \"Pubblicit\u00e0\".<\/td><td>1 anno<\/td><\/tr><tr><td>cookielawinfo-checkbox-analytics<\/td><td>Propri<\/td><td>Questo cookie \u00e8 impostato dal plugin GDPR Cookie Consent WordPress. Il cookie viene utilizzato per memorizzare il consenso dell\u2019utente ai cookie della categoria \u201cAnalytics\".<\/td><td>1 anno<\/td><\/tr><tr><td>cookielawinfo-checkbox-functional<\/td><td>Propri<\/td><td>Il cookie \u00e8 impostato dal GDPR Cookie Consent per registrare il consenso dell\u2019utente ai cookie della categoria \u201cFunzionale\".<\/td><td>1 anno<\/td><\/tr><tr><td>cookielawinfo-checkbox-necessary<\/td><td>Propri<\/td><td>Utilizzato per l'accettazione dei cookie necessari.<\/td><td>11 mesi<\/td><\/tr><\/tbody><\/table><\/figure>\n\n\n\n<ul class=\"wp-block-list\">\n<li><strong>COSA SI PU\u00d2 FARE CON I COOKIE?<\/strong><\/li>\n<\/ul>\n\n\n\n<p>Quando accedi per la prima volta al nostro sito web, ti verr\u00e0 mostrata una finestra in cui ti informiamo che i cookie possono essere di vario tipo:<\/p>\n\n\n\n<ul class=\"wp-block-list\">\n<li>I cookie tecnici sono necessari per il funzionamento del nostro sito web, non richiedono il tuo consenso e sono gli unici che abbiamo abilitato per impostazione predefinita.<\/li>\n\n\n\n<li>Gli altri cookie vengono utilizzati per migliorare il nostro sito web, per personalizzarlo in base alle tue preferenze o per poterti mostrare pubblicit\u00e0 in base alle tue ricerche, ai tuoi gusti e ai tuoi interessi personali. Puoi accettare tutti questi cookie cliccando sul pulsante <strong>ACCETTA<\/strong>, oppure configurarli o <strong>rifiutarne <\/strong>l'uso cliccando sulla sezione <strong>CONFIGURAZIONE COOKI<\/strong>E.<\/li>\n<\/ul>\n\n\n\n<p>Desideriamo inoltre informarti che, una volta attivati tutti i tipi di cookie, potrai disattivarli in qualsiasi momento semplicemente deselezionando la casella corrispondente nella sezione <strong>CONFIGURAZIONE COOKIE<\/strong> del nostro sito web. Per l'utente sar\u00e0 sempre facile attivare i nostri cookie e disattivarli.<\/p>\n\n\n\n<p>Desideriamo inoltre ricordarti che, attraverso le impostazioni del tuo browser, puoi bloccare o avvisare della presenza dei cookie, anche se tale blocco potrebbe compromettere il corretto funzionamento delle diverse funzionalit\u00e0 del nostro sito web nel caso dei cookie tecnici necessari.<\/p>\n\n\n\n<p>Infine, se attivi i <strong>cookie di terze parti<\/strong> (societ\u00e0 esterne che forniscono servizi per il nostro sito web) e successivamente desideri disattivarli, puoi farlo in due modi: utilizzando gli strumenti di disattivazione dei cookie del tuo browser o attraverso i sistemi predisposti da questi fornitori esterni.<\/p>\n\n\n\n<p>Per facilitarti il compito, ecco una serie di link alle linee guida per la disabilitazione dei cookie nei browser pi\u00f9 diffusi:<\/p>\n\n\n\n<ul class=\"wp-block-list\">\n<li><a href=\"https:\/\/support.google.com\/accounts\/answer\/61416?co=GENIE.Platform%3DDesktop&amp;hl=es\">Google Chrome<\/a>.<\/li>\n\n\n\n<li><a href=\"https:\/\/support.mozilla.org\/es\/kb\/Borrar%20cookies\">Mozilla Firefox<\/a>.<\/li>\n\n\n\n<li><a href=\"https:\/\/support.microsoft.com\/es-es\/help\/278835\/how-to-delete-cookie-files-in-internet-explorer\">Internet Explorer<\/a>.<\/li>\n\n\n\n<li><a href=\"https:\/\/support.apple.com\/es-es\/guide\/safari\/sfri11471\/mac\">Safari<\/a>.<\/li>\n\n\n\n<li><a href=\"https:\/\/support.apple.com\/es-es\/HT201265\">Safari per IOS (iPhone e iPad)<\/a>.<\/li>\n\n\n\n<li><a href=\"https:\/\/support.google.com\/accounts\/answer\/61416?co=GENIE.Platform%3DAndroid&amp;hl=es&amp;oco=1\">Google Chrome per Android<\/a>.&nbsp;<\/li>\n\n\n\n<li><a href=\"https:\/\/support.google.com\/accounts\/answer\/61416?co=GENIE.Platform%3DiOS&amp;hl=es&amp;oco=1\">Google Chrome per Iphone e Ipad<\/a>.<\/li>\n<\/ul>\n","protected":false},"excerpt":{"rendered":"<p>Benvenuto nella POLITICA DEI COOKIE del sito web di LLAMBRICH PRECISI\u00d3N S.L., titolare del codice fiscale\/partita iva B08102709, dove ti spiegheremo in un linguaggio chiaro e semplice tutte le questioni necessarie affinch\u00e9 tu possa averne il controllo in base alle tue decisioni personali. Un cookie \u00e8 un piccolo file di informazioni che viene memorizzato sul [&hellip;]<\/p>\n","protected":false},"author":6,"featured_media":0,"parent":0,"menu_order":0,"comment_status":"closed","ping_status":"closed","template":"","meta":{"_acf_changed":false,"inline_featured_image":false,"footnotes":""},"class_list":["post-3745","page","type-page","status-publish","hentry"],"acf":[],"_links":{"self":[{"href":"https:\/\/llambrich.com\/it\/wp-json\/wp\/v2\/pages\/3745","targetHints":{"allow":["GET"]}}],"collection":[{"href":"https:\/\/llambrich.com\/it\/wp-json\/wp\/v2\/pages"}],"about":[{"href":"https:\/\/llambrich.com\/it\/wp-json\/wp\/v2\/types\/page"}],"author":[{"embeddable":true,"href":"https:\/\/llambrich.com\/it\/wp-json\/wp\/v2\/users\/6"}],"replies":[{"embeddable":true,"href":"https:\/\/llambrich.com\/it\/wp-json\/wp\/v2\/comments?post=3745"}],"version-history":[{"count":0,"href":"https:\/\/llambrich.com\/it\/wp-json\/wp\/v2\/pages\/3745\/revisions"}],"wp:attachment":[{"href":"https:\/\/llambrich.com\/it\/wp-json\/wp\/v2\/media?parent=3745"}],"curies":[{"name":"wp","href":"https:\/\/api.w.org\/{rel}","templated":true}]}}