{"id":3806,"date":"2023-07-13T08:22:02","date_gmt":"2023-07-13T08:22:02","guid":{"rendered":"https:\/\/llambrich.com\/aviso-legal\/"},"modified":"2024-04-10T11:51:05","modified_gmt":"2024-04-10T11:51:05","slug":"aviso-legal","status":"publish","type":"page","link":"https:\/\/llambrich.com\/it\/aviso-legal\/","title":{"rendered":"AVVISO LEGALE"},"content":{"rendered":"\n<p>Protezione dei dati. - <strong>LLAMBRICH PRECISI\u00d3N S.L.<\/strong> lti informa che il tuo indirizzo e-mail, cos\u00ec come il resto dei tuoi dati personali, sar\u00e0 utilizzato per il nostro rapporto e per poterti fornire i nostri servizi. Questi dati sono necessari per poter interagire con te e ci consentono di utilizzare le tue informazioni nel rispetto della legge. Allo stesso modo, anche le societ\u00e0 che hanno bisogno di accedere alle informazioni personali dell'utente per poter fornire i nostri servizi potranno essere a conoscenza delle informazioni personali dell'utente. Conserveremo i tuoi dati per l\u2019intera durata del nostro rapporto e per tutto il tempo previsto per legge. Potrai contattarci in qualsiasi momento per scoprire quali informazioni abbiamo su di te, per correggerle se non sono corrette e per eliminarle al termine del nostro rapporto. L\u2019utente ha altres\u00ec il diritto di richiedere il trasferimento delle proprie informazioni a un\u2019altra societ\u00e0 (portabilit\u00e0). Per esercitare uno di questi diritti, \u00e8 necessario farne opportuna richiesta scritta al nostro indirizzo, unitamente a una fotocopia della carta d\u2019identit\u00e0:<strong> LLAMBRICH PRECISI\u00d3N S.L<\/strong>., con sede in <strong>Avenida Mare de D\u00e9u de Bellvitge 271-273, CP 08907, L'Hospitalet de Llobregat<\/strong> (Barcelona).<\/p>\n\n\n\n<p>Nel caso in cui l\u2019utente capisca che i propri diritti sono stati ignorati dalla nostra societ\u00e0, \u00e8 possibile presentare un reclamo all'Agenzia spagnola per la protezione dei dati (<a href=\"http:\/\/www.agpd.es\">www.agpd.es<\/a>).<\/p>\n\n\n\n<p><strong>Riservatezza<\/strong>. - Il contenuto di questa comunicazione, cos\u00ec come quello di tutta la documentazione allegata, \u00e8 riservato ed \u00e8 indirizzato al destinatario di questa comunicazione. Nel caso in cui tu non sia il destinatario, ti chiediamo di informarci di ci\u00f2 e di non comunicarne il contenuto a terzi, procedendo alla sua distruzione.<\/p>\n\n\n\n<p><strong>Estensione di responsabilit\u00e0<\/strong>. - L\u2019invio di questa comunicazione non comporta alcun obbligo da parte del mittente di verificare l\u2019assenza di virus, worm, Trojan e\/o qualsiasi altro programma informatico dannoso, ed \u00e8 responsabilit\u00e0 del destinatario dotarsi degli strumenti hardware e software necessari a garantire sia la sicurezza del proprio sistema informatico sia l'individuazione e l'eliminazione dei programmi informatici dannosi. LLAMBRICH PRECISI\u00d3N S.L. non \u00e8 responsabile dei danni che tale software pu\u00f2 causare al destinatario.<\/p>\n","protected":false},"excerpt":{"rendered":"<p>Protezione dei dati. - LLAMBRICH PRECISI\u00d3N S.L. lti informa che il tuo indirizzo e-mail, cos\u00ec come il resto dei tuoi dati personali, sar\u00e0 utilizzato per il nostro rapporto e per poterti fornire i nostri servizi. Questi dati sono necessari per poter interagire con te e ci consentono di utilizzare le tue informazioni nel rispetto della [&hellip;]<\/p>\n","protected":false},"author":6,"featured_media":0,"parent":0,"menu_order":0,"comment_status":"closed","ping_status":"open","template":"","meta":{"_acf_changed":false,"inline_featured_image":false,"footnotes":""},"class_list":["post-3806","page","type-page","status-publish","hentry"],"acf":[],"_links":{"self":[{"href":"https:\/\/llambrich.com\/it\/wp-json\/wp\/v2\/pages\/3806","targetHints":{"allow":["GET"]}}],"collection":[{"href":"https:\/\/llambrich.com\/it\/wp-json\/wp\/v2\/pages"}],"about":[{"href":"https:\/\/llambrich.com\/it\/wp-json\/wp\/v2\/types\/page"}],"author":[{"embeddable":true,"href":"https:\/\/llambrich.com\/it\/wp-json\/wp\/v2\/users\/6"}],"replies":[{"embeddable":true,"href":"https:\/\/llambrich.com\/it\/wp-json\/wp\/v2\/comments?post=3806"}],"version-history":[{"count":0,"href":"https:\/\/llambrich.com\/it\/wp-json\/wp\/v2\/pages\/3806\/revisions"}],"wp:attachment":[{"href":"https:\/\/llambrich.com\/it\/wp-json\/wp\/v2\/media?parent=3806"}],"curies":[{"name":"wp","href":"https:\/\/api.w.org\/{rel}","templated":true}]}}